{"id":2644,"date":"2015-11-27T23:18:36","date_gmt":"2015-11-27T23:18:36","guid":{"rendered":"http:\/\/confe.org\/wp\/?page_id=2644"},"modified":"2023-07-15T00:05:15","modified_gmt":"2023-07-15T00:05:15","slug":"dona","status":"publish","type":"page","link":"https:\/\/confe.org\/index.php\/dona\/","title":{"rendered":"Donaciones"},"content":{"rendered":"<p>[et_pb_section fb_built=&#8221;1&#8243; fullwidth=&#8221;on&#8221; custom_padding_last_edited=&#8221;on|desktop&#8221; module_class=&#8221;dona_color&#8221; _builder_version=&#8221;4.16&#8243; custom_padding_tablet=&#8221;50px|0|50px|0&#8243; custom_padding_phone=&#8221;&#8221; transparent_background=&#8221;off&#8221; padding_mobile=&#8221;off&#8221; make_fullwidth=&#8221;off&#8221; use_custom_width=&#8221;off&#8221; width_unit=&#8221;on&#8221; global_colors_info=&#8221;{}&#8221;][et_pb_fullwidth_menu menu_id=&#8221;27&#8243; submenu_direction=&#8221;downwards&#8221; fullwidth_menu=&#8221;off&#8221; _builder_version=&#8221;4.16&#8243; menu_font=&#8221;Lato|on|||&#8221; menu_font_size=&#8221;15px&#8221; background_color=&#8221;#38b449&#8243; background_layout=&#8221;dark&#8221; global_colors_info=&#8221;{}&#8221;][\/et_pb_fullwidth_menu][\/et_pb_section][et_pb_section fb_built=&#8221;1&#8243; fullwidth=&#8221;on&#8221; custom_padding_last_edited=&#8221;on|desktop&#8221; admin_label=&#8221;section&#8221; _builder_version=&#8221;4.16&#8243; background_color=&#8221;#38b449&#8243; custom_padding_tablet=&#8221;50px|0|50px|0&#8243; custom_padding_phone=&#8221;&#8221; transparent_background=&#8221;off&#8221; padding_mobile=&#8221;off&#8221; make_fullwidth=&#8221;off&#8221; use_custom_width=&#8221;off&#8221; width_unit=&#8221;on&#8221; global_colors_info=&#8221;{}&#8221;][et_pb_fullwidth_header title=&#8221;Tu donaci\u00f3n puede cambiar vidas&#8221; content_max_width=&#8221;none&#8221; _builder_version=&#8221;4.16&#8243; background_color=&#8221;rgba(255, 255, 255, 0)&#8221; background_image=&#8221;https:\/\/confe.org\/wp\/wp-content\/uploads\/2015\/11\/dona.jpg&#8221; background_url=&#8221;https:\/\/confe.org\/wp\/wp-content\/uploads\/2015\/11\/dona.jpg&#8221; button_one_border_radius_hover=&#8221;3&#8243; button_two_border_radius_hover=&#8221;3&#8243; button_one_letter_spacing_hover=&#8221;0&#8243; button_two_letter_spacing_hover=&#8221;0&#8243; global_colors_info=&#8221;{}&#8221; button_one_text_size__hover_enabled=&#8221;off&#8221; button_two_text_size__hover_enabled=&#8221;off&#8221; button_one_text_color__hover_enabled=&#8221;off&#8221; button_two_text_color__hover_enabled=&#8221;off&#8221; button_one_border_width__hover_enabled=&#8221;off&#8221; button_two_border_width__hover_enabled=&#8221;off&#8221; button_one_border_color__hover_enabled=&#8221;off&#8221; button_two_border_color__hover_enabled=&#8221;off&#8221; button_one_border_radius__hover_enabled=&#8221;on&#8221; button_one_border_radius__hover=&#8221;3&#8243; button_two_border_radius__hover_enabled=&#8221;on&#8221; button_two_border_radius__hover=&#8221;3&#8243; button_one_letter_spacing__hover_enabled=&#8221;on&#8221; button_one_letter_spacing__hover=&#8221;0&#8243; button_two_letter_spacing__hover_enabled=&#8221;on&#8221; button_two_letter_spacing__hover=&#8221;0&#8243; button_one_bg_color__hover_enabled=&#8221;off&#8221; button_two_bg_color__hover_enabled=&#8221;off&#8221;][\/et_pb_fullwidth_header][\/et_pb_section][et_pb_section fb_built=&#8221;1&#8243; _builder_version=&#8221;4.19.0&#8243; hover_enabled=&#8221;0&#8243; global_colors_info=&#8221;{}&#8221; sticky_enabled=&#8221;0&#8243;][et_pb_row column_structure=&#8221;1_2,1_2&#8243; _builder_version=&#8221;4.19.0&#8243; background_size=&#8221;initial&#8221; background_position=&#8221;top_left&#8221; background_repeat=&#8221;repeat&#8221; global_colors_info=&#8221;{}&#8221;][et_pb_column type=&#8221;1_2&#8243; _builder_version=&#8221;4.16&#8243; custom_padding=&#8221;|||&#8221; global_colors_info=&#8221;{}&#8221; custom_padding__hover=&#8221;|||&#8221;][et_pb_code _builder_version=&#8221;4.19.0&#8243; _module_preset=&#8221;default&#8221; global_colors_info=&#8221;{}&#8221;]<img decoding=\"async\" class=\"size-full wp-image-2785 alignleft lazyload\" data-src=\"https:\/\/confe.org\/wp\/wp-content\/uploads\/2015\/11\/dona23.jpg\" alt=\"dona2\" width=\"400\" height=\"320\" style=\"--smush-placeholder-width: 400px; --smush-placeholder-aspect-ratio: 400\/320;margin-bottom:50px;\" data-srcset=\"https:\/\/confe.org\/wp-content\/uploads\/2015\/11\/dona23.jpg 400w, https:\/\/confe.org\/wp-content\/uploads\/2015\/11\/dona23-300x240.jpg 300w\" data-sizes=\"(max-width: 400px) 100vw, 400px\" src=\"data:image\/gif;base64,R0lGODlhAQABAAAAACH5BAEKAAEALAAAAAABAAEAAAICTAEAOw==\" \/>[\/et_pb_code][\/et_pb_column][et_pb_column type=&#8221;1_2&#8243; _builder_version=&#8221;4.16&#8243; custom_padding=&#8221;|||&#8221; global_colors_info=&#8221;{}&#8221; custom_padding__hover=&#8221;|||&#8221;][et_pb_text _builder_version=&#8221;4.19.0&#8243; background_size=&#8221;initial&#8221; background_position=&#8221;top_left&#8221; background_repeat=&#8221;repeat&#8221; module_alignment=&#8221;left&#8221; use_border_color=&#8221;off&#8221; border_color=&#8221;#ffffff&#8221; border_style=&#8221;solid&#8221; global_colors_info=&#8221;{}&#8221;]<\/p>\n<h1>Una donaci\u00f3n para una <span class=\"dona_color\">buena causa<\/span><\/h1>\n<p>\u00bfSab\u00edas que si les brindamos los apoyos que necesitan, las personas con discapacidad intelectual pueden integrarse a escuelas regulares, a un empleo digno con los mismos derechos y obligaciones que cualquier otro trabajador? <strong>Ellos tambi\u00e9n tienen metas.<\/strong><\/p>\n<p class=\"p1\"><span class=\"s1\">Para nosotros ninguna donaci\u00f3n es peque\u00f1a. Dona una sola ocasi\u00f3n o como cargo recurrente. Puedes hacerlo en l\u00ednea, por tel\u00e9fono o en un banco. Te aseguramos que estar\u00e1s contribuyendo a mejorar la calidad de vida de muchas personas<\/span><\/p>\n<p class=\"p1\"><span class=\"s1\">Contamos con recibos deducibles de impuestos. Solicita el tuyo al donar.<\/span><\/p>\n<p class=\"p1\"><span class=\"s1\">\u00bfQuieres saber qu\u00e9 hacemos con los donativos? Consulta nuestros \u00a0<a href=\"https:\/\/confe.org\/index.php\/transparencia\/\"> informes anuales<\/a>.<\/span><\/p>\n<p>[\/et_pb_text][et_pb_code _builder_version=&#8221;4.19.0&#8243; _module_preset=&#8221;default&#8221; global_colors_info=&#8221;{}&#8221;]<\/p>\n<style><!-- [et_pb_line_break_holder] -->a {<!-- [et_pb_line_break_holder] -->  color: #ffb74c;<!-- [et_pb_line_break_holder] -->}<!-- [et_pb_line_break_holder] -->  a:hover {<!-- [et_pb_line_break_holder] -->  text-decoration: none;<!-- [et_pb_line_break_holder] -->}<!-- [et_pb_line_break_holder] -->  #btn-don-ftr:hover {<!-- [et_pb_line_break_holder] -->  transform: scale(1.04);<!-- [et_pb_line_break_holder] -->  box-shadow: 0px 13px 56px -24px rgba(55,65,74,1);<!-- [et_pb_line_break_holder] -->  }<!-- [et_pb_line_break_holder] -->  #btn-don-ftr {<!-- [et_pb_line_break_holder] -->  width: 250px;<!-- [et_pb_line_break_holder] -->  border-radius: 30px;<!-- [et_pb_line_break_holder] -->  height: 60px;<!-- [et_pb_line_break_holder] -->  margin: 10px auto 30px auto;<!-- [et_pb_line_break_holder] -->  padding: 0px;<!-- [et_pb_line_break_holder] -->  display: flex;<!-- [et_pb_line_break_holder] -->  justify-content: center;<!-- [et_pb_line_break_holder] -->  align-items: center;<!-- [et_pb_line_break_holder] -->  background-color: #ffb74c;<!-- [et_pb_line_break_holder] -->  transition: all 0.3s;<!-- [et_pb_line_break_holder] -->  position: relative;<!-- [et_pb_line_break_holder] -->  }<!-- [et_pb_line_break_holder] --><\/style>\n<p><!-- [et_pb_line_break_holder] --><a id=\"btn-don-ftr\" href=\"https:\/\/www.providencia.org.mx\/project\/confe\" target=\"_blank\" rel=\"noopener\"><!-- [et_pb_line_break_holder] -->                            <img decoding=\"async\" data-src=\"https:\/\/confe.org\/wp-content\/uploads\/2020\/01\/hearth.png\" id=\"hearth-dona\" src=\"data:image\/gif;base64,R0lGODlhAQABAAAAACH5BAEKAAEALAAAAAABAAEAAAICTAEAOw==\" class=\"lazyload\" style=\"--smush-placeholder-width: 1650px; --smush-placeholder-aspect-ratio: 1650\/1442;\"><!-- [et_pb_line_break_holder] -->                             <pee style=\"color: white; font-family: 'Gloria Hallelujah',handwriting; font-size: 30px;\">Donar<\/pee><!-- [et_pb_line_break_holder] -->                        <\/a>[\/et_pb_code][\/et_pb_column][\/et_pb_row][et_pb_row column_structure=&#8221;1_2,1_2&#8243; _builder_version=&#8221;4.19.0&#8243; background_size=&#8221;initial&#8221; background_position=&#8221;top_left&#8221; background_repeat=&#8221;repeat&#8221; hover_enabled=&#8221;0&#8243; global_colors_info=&#8221;{}&#8221; sticky_enabled=&#8221;0&#8243;][et_pb_column type=&#8221;1_2&#8243; _builder_version=&#8221;4.16&#8243; custom_padding=&#8221;|||&#8221; global_colors_info=&#8221;{}&#8221; custom_padding__hover=&#8221;|||&#8221;][et_pb_code _builder_version=&#8221;4.19.0&#8243; global_colors_info=&#8221;{}&#8221;]<\/p>\n<h2><a href=\"https:\/\/confe.org\/index.php\/inversionista-social\/\"><!-- [et_pb_line_break_holder] -->  S\u00e9 un inversionista social CONFE \u00bb<\/a><\/h2>\n<p>[\/et_pb_code][et_pb_code _builder_version=&#8221;4.19.0&#8243; global_colors_info=&#8221;{}&#8221;]<\/p>\n<h2><a href=\"https:\/\/confe.org\/index.php\/sazon-con-corazon\/\">Cocinando como un banquetero \u00bb<\/a><\/h2>\n<p>[\/et_pb_code][\/et_pb_column][et_pb_column type=&#8221;1_2&#8243; _builder_version=&#8221;4.16&#8243; custom_padding=&#8221;|||&#8221; global_colors_info=&#8221;{}&#8221; custom_padding__hover=&#8221;|||&#8221;][\/et_pb_column][\/et_pb_row][et_pb_row _builder_version=&#8221;4.19.0&#8243; background_size=&#8221;initial&#8221; background_position=&#8221;top_left&#8221; background_repeat=&#8221;repeat&#8221; disabled=&#8221;on&#8221; global_colors_info=&#8221;{}&#8221;][et_pb_column type=&#8221;4_4&#8243; _builder_version=&#8221;4.16&#8243; custom_padding=&#8221;|||&#8221; global_colors_info=&#8221;{}&#8221; custom_padding__hover=&#8221;|||&#8221;][et_pb_text _builder_version=&#8221;4.16&#8243; background_size=&#8221;initial&#8221; background_position=&#8221;top_left&#8221; background_repeat=&#8221;repeat&#8221; module_alignment=&#8221;left&#8221; use_border_color=&#8221;off&#8221; border_color=&#8221;#ffffff&#8221; border_style=&#8221;solid&#8221; global_colors_info=&#8221;{}&#8221;]<\/p>\n<h1>Una donaci\u00f3n para una <span class=\"dona_color\">buena causa<\/span><\/h1>\n<p><img decoding=\"async\" class=\"size-full wp-image-2785 alignleft lazyload\" data-src=\"https:\/\/confe.org\/wp\/wp-content\/uploads\/2015\/11\/dona23.jpg\" alt=\"dona2\" width=\"400\" height=\"320\" data-srcset=\"https:\/\/confe.org\/wp-content\/uploads\/2015\/11\/dona23.jpg 400w, https:\/\/confe.org\/wp-content\/uploads\/2015\/11\/dona23-300x240.jpg 300w\" data-sizes=\"(max-width: 400px) 100vw, 400px\" src=\"data:image\/gif;base64,R0lGODlhAQABAAAAACH5BAEKAAEALAAAAAABAAEAAAICTAEAOw==\" style=\"--smush-placeholder-width: 400px; --smush-placeholder-aspect-ratio: 400\/320;\" \/>\u00bfSab\u00edas que si les brindamos los apoyos que necesitan, las personas con discapacidad intelectual pueden integrarse a escuelas regulares, a un empleo digno con los mismos derechos y obligaciones que cualquier otro trabajador? <strong>Ellos tambi\u00e9n tienen metas.<\/strong><\/p>\n<p class=\"p1\"><span class=\"s1\">Para nosotros ninguna donaci\u00f3n es peque\u00f1a. Dona una sola ocasi\u00f3n o como cargo recurrente. Puedes hacerlo en l\u00ednea, por tel\u00e9fono o en un banco. Te aseguramos que estar\u00e1s contribuyendo a mejorar la calidad de vida de muchas personas<\/span><\/p>\n<p class=\"p1\"><span class=\"s1\">Contamos con recibos deducibles de impuestos. Solicita el tuyo al donar.<\/span><\/p>\n<p class=\"p1\"><span class=\"s1\">\u00bfQuieres saber qu\u00e9 hacemos con los donativos? Consulta nuestros \u00a0<a href=\"https:\/\/confe.org\/index.php\/transparencia\/\"> informes anuales<\/a>.<\/span><\/p>\n<p>[\/et_pb_text][\/et_pb_column][\/et_pb_row][et_pb_row column_structure=&#8221;1_3,1_3,1_3&#8243; admin_label=&#8221;Row&#8221; _builder_version=&#8221;4.19.0&#8243; background_size=&#8221;initial&#8221; background_position=&#8221;top_left&#8221; background_repeat=&#8221;repeat&#8221; disabled=&#8221;on&#8221; global_colors_info=&#8221;{}&#8221;][et_pb_column type=&#8221;1_3&#8243; _builder_version=&#8221;4.16&#8243; custom_padding=&#8221;|||&#8221; global_colors_info=&#8221;{}&#8221; custom_padding__hover=&#8221;|||&#8221;][et_pb_text _builder_version=&#8221;4.16&#8243; background_size=&#8221;initial&#8221; background_position=&#8221;top_left&#8221; background_repeat=&#8221;repeat&#8221; module_alignment=&#8221;left&#8221; global_colors_info=&#8221;{}&#8221;]<\/p>\n<h3>Donativo <span class=\"dona_color\">mensual<\/span><\/h3>\n<p>Haz un donativo con cargo recurrente a tu tarjeta de cr\u00e9dito. El cargo es mensual y t\u00fa decides cu\u00e1ndo quieres dejar de donar. El pago es a trav\u00e9s de PayPal, sin que sea necesario que te registres en esa plataforma de pagos.<\/p>\n<form action=\"https:\/\/www.paypal.com\/cgi-bin\/webscr\" method=\"post\" target=\"_top\"><input name=\"cmd\" type=\"hidden\" value=\"_s-xclick\" \/><br \/>\n<input name=\"hosted_button_id\" type=\"hidden\" value=\"C39ZT4GQTYXCL\" \/><\/p>\n<table>\n<tbody>\n<tr>\n<td><input name=\"on0\" type=\"hidden\" value=\"Opciones para donar mensualmente\" \/>Suscr\u00edbete a la donaci\u00f3n mensual<\/td>\n<\/tr>\n<tr>\n<td><select name=\"os0\"><option value=\"$100 pesos\">$100 pesos : $100.00 MXN &#8211; mensual<\/option><option value=\"$200 pesos\">$200 pesos : $200.00 MXN &#8211; mensual<\/option><option value=\"$300 pesos\">$300 pesos : $300.00 MXN &#8211; mensual<\/option><option value=\"$500 pesos\">$500 pesos : $500.00 MXN &#8211; mensual<\/option><option value=\"$750 pesos\">$750 pesos : $750.00 MXN &#8211; mensual<\/option><option value=\"$1,000 pesos\">$1,000 pesos : $1,000.00 MXN &#8211; mensual<\/option><\/select><\/td>\n<\/tr>\n<\/tbody>\n<\/table>\n<p><input name=\"currency_code\" type=\"hidden\" value=\"MXN\" \/><br \/>\n<input class=\"btn-dona-paypal\" alt=\"PayPal, la forma m\u00e1s segura y r\u00e1pida de pagar en l\u00ednea.\" name=\"submit\" src=\"https:\/\/www.paypalobjects.com\/es_XC\/MX\/i\/btn\/btn_subscribeCC_LG.gif\" type=\"image\" \/><br \/>\n<img decoding=\"async\" data-src=\"https:\/\/www.paypalobjects.com\/es_XC\/i\/scr\/pixel.gif\" alt=\"\" width=\"1\" height=\"1\" border=\"0\" src=\"data:image\/gif;base64,R0lGODlhAQABAAAAACH5BAEKAAEALAAAAAABAAEAAAICTAEAOw==\" class=\"lazyload\" style=\"--smush-placeholder-width: 1px; --smush-placeholder-aspect-ratio: 1\/1;\" \/><\/p>\n<\/form>\n<p>[\/et_pb_text][\/et_pb_column][et_pb_column type=&#8221;1_3&#8243; _builder_version=&#8221;4.16&#8243; custom_padding=&#8221;|||&#8221; global_colors_info=&#8221;{}&#8221; custom_padding__hover=&#8221;|||&#8221;][et_pb_text _builder_version=&#8221;4.16&#8243; background_size=&#8221;initial&#8221; background_position=&#8221;top_left&#8221; background_repeat=&#8221;repeat&#8221; module_alignment=&#8221;left&#8221; global_colors_info=&#8221;{}&#8221;]<\/p>\n<h3>Dona <span class=\"dona_color\">una sola vez<\/span><\/h3>\n<p>Haz un donativo de una sola vez, haciendo clic en cualquiera de los siguientes botones.<\/p>\n<p>Este pago es a trav\u00e9s de PayPal, sin que sea necesario que te registres en esa plataforma de pagos.<\/p>\n<form action=\"https:\/\/www.paypal.com\/cgi-bin\/webscr\" method=\"post\" target=\"paypal\"><input name=\"cmd\" type=\"hidden\" value=\"_s-xclick\" \/><br \/>\n<input name=\"hosted_button_id\" type=\"hidden\" value=\"X5WB872W8CR7L\" \/><\/p>\n<table>\n<tbody>\n<tr>\n<td><input name=\"on0\" type=\"hidden\" value=\"Opciones para donar\" \/>Dona una sola vez<\/td>\n<\/tr>\n<tr>\n<td><select name=\"os0\"><option value=\"$100 pesos\">$100 pesos $100.00 MXN<\/option><option value=\"$200 pesos\">$200 pesos $200.00 MXN<\/option><option value=\"$300 pesos\">$300 pesos $300.00 MXN<\/option><option value=\"$400 pesos\">$400 pesos $400.00 MXN<\/option><option value=\"$500 pesos\">$500 pesos $500.00 MXN<\/option><option value=\"$750 pesos\">$750 pesos $750.00 MXN<\/option><option value=\"$1,000\">$1,000 $1,000.00 MXN<\/option><\/select><\/td>\n<\/tr>\n<\/tbody>\n<\/table>\n<p><input name=\"currency_code\" type=\"hidden\" value=\"MXN\" \/><\/p>\n<p><input class=\"btn-dona-paypal\" alt=\"PayPal, la forma m\u00e1s segura y r\u00e1pida de pagar en l\u00ednea.\" name=\"submit\" src=\"https:\/\/www.paypalobjects.com\/es_XC\/MX\/i\/btn\/btn_subscribeCC_LG.gif\" type=\"image\" \/><br \/>\n<img decoding=\"async\" data-src=\"https:\/\/www.paypalobjects.com\/es_XC\/i\/scr\/pixel.gif\" alt=\"\" width=\"1\" height=\"1\" border=\"0\" src=\"data:image\/gif;base64,R0lGODlhAQABAAAAACH5BAEKAAEALAAAAAABAAEAAAICTAEAOw==\" class=\"lazyload\" style=\"--smush-placeholder-width: 1px; --smush-placeholder-aspect-ratio: 1\/1;\" \/><\/p>\n<\/form>\n<p>[\/et_pb_text][\/et_pb_column][et_pb_column type=&#8221;1_3&#8243; _builder_version=&#8221;4.16&#8243; custom_padding=&#8221;|||&#8221; global_colors_info=&#8221;{}&#8221; custom_padding__hover=&#8221;|||&#8221;][et_pb_text _builder_version=&#8221;4.19.0&#8243; background_size=&#8221;initial&#8221; background_position=&#8221;top_left&#8221; background_repeat=&#8221;repeat&#8221; module_alignment=&#8221;left&#8221; use_border_color=&#8221;off&#8221; border_color=&#8221;#ffffff&#8221; border_style=&#8221;solid&#8221; global_colors_info=&#8221;{}&#8221;]<!-- \n\n<h3>Dep\u00f3sito en <span class=\"dona_color\">cuenta<\/span><\/h3>\n\n\nCualquier cantidad es bienvenida, y ser\u00e1 empleada en buenas causas a favor de las personas con discapacidad intelectual\n\nLos datos de nuestra cuenta bancaria son los siguientes:\n\n\n<ul class=\"listas mt15\">\n \t\n\n<li>Nombre: Confe, A.C.<\/li>\n\n\n \t\n\n<li>Banco: Scotiabank<\/li>\n\n\n \t\n\n<li>Cuenta: 00101457276<\/li>\n\n\n \t\n\n<li>Referencia: 8899-7<\/li>\n\n\n \t\n\n<li>Clabe Interbancaria: 044180001014572768<\/li>\n\n\n<\/ul>\n\n\n-->[\/et_pb_text][\/et_pb_column][\/et_pb_row][et_pb_row column_structure=&#8221;1_2,1_2&#8243; _builder_version=&#8221;4.19.0&#8243; background_size=&#8221;initial&#8221; background_position=&#8221;top_left&#8221; background_repeat=&#8221;repeat&#8221; disabled=&#8221;on&#8221; global_colors_info=&#8221;{}&#8221;][et_pb_column type=&#8221;1_2&#8243; _builder_version=&#8221;4.16&#8243; custom_padding=&#8221;|||&#8221; global_colors_info=&#8221;{}&#8221; custom_padding__hover=&#8221;|||&#8221;][et_pb_text _builder_version=&#8221;4.19.0&#8243; background_size=&#8221;initial&#8221; background_position=&#8221;top_left&#8221; background_repeat=&#8221;repeat&#8221; module_alignment=&#8221;left&#8221; global_colors_info=&#8221;{}&#8221;]<\/p>\n<h3>Donativo <span class=\"dona_color\">mensual<\/span><\/h3>\n<p>Haz un donativo con cargo recurrente a tu tarjeta de cr\u00e9dito. El cargo es mensual y t\u00fa decides cu\u00e1ndo quieres dejar de donar. [\/et_pb_text][et_pb_code _builder_version=&#8221;4.19.0&#8243; _module_preset=&#8221;default&#8221; global_colors_info=&#8221;{}&#8221;]<\/p>\n<style><!-- [et_pb_line_break_holder] -->a {<!-- [et_pb_line_break_holder] -->  color: #ffb74c;<!-- [et_pb_line_break_holder] -->}<!-- [et_pb_line_break_holder] -->  a:hover {<!-- [et_pb_line_break_holder] -->  text-decoration: none;<!-- [et_pb_line_break_holder] -->}<!-- [et_pb_line_break_holder] -->  #btn-don-ftr:hover {<!-- [et_pb_line_break_holder] -->  transform: scale(1.04);<!-- [et_pb_line_break_holder] -->  box-shadow: 0px 13px 56px -24px rgba(55,65,74,1);<!-- [et_pb_line_break_holder] -->  }<!-- [et_pb_line_break_holder] -->  #btn-don-ftr {<!-- [et_pb_line_break_holder] -->  width: 250px;<!-- [et_pb_line_break_holder] -->  border-radius: 30px;<!-- [et_pb_line_break_holder] -->  height: 60px;<!-- [et_pb_line_break_holder] -->  margin: 10px auto 30px auto;<!-- [et_pb_line_break_holder] -->  padding: 0px;<!-- [et_pb_line_break_holder] -->  display: flex;<!-- [et_pb_line_break_holder] -->  justify-content: center;<!-- [et_pb_line_break_holder] -->  align-items: center;<!-- [et_pb_line_break_holder] -->  background-color: #ffb74c;<!-- [et_pb_line_break_holder] -->  transition: all 0.3s;<!-- [et_pb_line_break_holder] -->  position: relative;<!-- [et_pb_line_break_holder] -->  }<!-- [et_pb_line_break_holder] --><\/style>\n<p><!-- [et_pb_line_break_holder] --><a id=\"btn-don-ftr\" href=\"https:\/\/www.providencia.org.mx\/project\/confe\" target=\"_blank\" rel=\"noopener\"><!-- [et_pb_line_break_holder] -->                            <img decoding=\"async\" data-src=\"https:\/\/confe.org\/wp-content\/uploads\/2020\/01\/hearth.png\" id=\"hearth-dona\" src=\"data:image\/gif;base64,R0lGODlhAQABAAAAACH5BAEKAAEALAAAAAABAAEAAAICTAEAOw==\" class=\"lazyload\" style=\"--smush-placeholder-width: 1650px; --smush-placeholder-aspect-ratio: 1650\/1442;\"><!-- [et_pb_line_break_holder] -->                             <pee style=\"color: white; font-family: 'Gloria Hallelujah',handwriting; font-size: 30px;\">Donar<\/pee><!-- [et_pb_line_break_holder] -->                        <\/a>[\/et_pb_code][\/et_pb_column][et_pb_column type=&#8221;1_2&#8243; _builder_version=&#8221;4.16&#8243; custom_padding=&#8221;|||&#8221; global_colors_info=&#8221;{}&#8221; custom_padding__hover=&#8221;|||&#8221;][et_pb_text _builder_version=&#8221;4.19.0&#8243; background_size=&#8221;initial&#8221; background_position=&#8221;top_left&#8221; background_repeat=&#8221;repeat&#8221; module_alignment=&#8221;left&#8221; global_colors_info=&#8221;{}&#8221;]<\/p>\n<h3>Dona <span class=\"dona_color\">una sola vez<\/span><\/h3>\n<p>Haz un donativo de una sola vez, haciendo clic en cualquiera de los siguientes botones.<\/p>\n<p>Este pago es a trav\u00e9s de PayPal, sin que sea necesario que te registres en esa plataforma de pagos.[\/et_pb_text][et_pb_code _builder_version=&#8221;4.19.0&#8243; _module_preset=&#8221;default&#8221; global_colors_info=&#8221;{}&#8221;]<\/p>\n<style><!-- [et_pb_line_break_holder] -->a {<!-- [et_pb_line_break_holder] -->  color: #ffb74c;<!-- [et_pb_line_break_holder] -->}<!-- [et_pb_line_break_holder] -->  a:hover {<!-- [et_pb_line_break_holder] -->  text-decoration: none;<!-- [et_pb_line_break_holder] -->}<!-- [et_pb_line_break_holder] -->  #btn-don-ftr:hover {<!-- [et_pb_line_break_holder] -->  transform: scale(1.04);<!-- [et_pb_line_break_holder] -->  box-shadow: 0px 13px 56px -24px rgba(55,65,74,1);<!-- [et_pb_line_break_holder] -->  }<!-- [et_pb_line_break_holder] -->  #btn-don-ftr {<!-- [et_pb_line_break_holder] -->  width: 250px;<!-- [et_pb_line_break_holder] -->  border-radius: 30px;<!-- [et_pb_line_break_holder] -->  height: 60px;<!-- [et_pb_line_break_holder] -->  margin: 10px auto 30px auto;<!-- [et_pb_line_break_holder] -->  padding: 0px;<!-- [et_pb_line_break_holder] -->  display: flex;<!-- [et_pb_line_break_holder] -->  justify-content: center;<!-- [et_pb_line_break_holder] -->  align-items: center;<!-- [et_pb_line_break_holder] -->  background-color: #ffb74c;<!-- [et_pb_line_break_holder] -->  transition: all 0.3s;<!-- [et_pb_line_break_holder] -->  position: relative;<!-- [et_pb_line_break_holder] -->  }<!-- [et_pb_line_break_holder] --><\/style>\n<p><!-- [et_pb_line_break_holder] --><a id=\"btn-don-ftr\" href=\"https:\/\/www.providencia.org.mx\/project\/confe\" target=\"_blank\" rel=\"noopener\"><!-- [et_pb_line_break_holder] -->                            <img decoding=\"async\" data-src=\"https:\/\/confe.org\/wp-content\/uploads\/2020\/01\/hearth.png\" id=\"hearth-dona\" src=\"data:image\/gif;base64,R0lGODlhAQABAAAAACH5BAEKAAEALAAAAAABAAEAAAICTAEAOw==\" class=\"lazyload\" style=\"--smush-placeholder-width: 1650px; --smush-placeholder-aspect-ratio: 1650\/1442;\"><!-- [et_pb_line_break_holder] -->                             <pee style=\"color: white; font-family: 'Gloria Hallelujah',handwriting; font-size: 30px;\">Donar<\/pee><!-- [et_pb_line_break_holder] -->                        <\/a>[\/et_pb_code][\/et_pb_column][\/et_pb_row][\/et_pb_section][et_pb_section fb_built=&#8221;1&#8243; disabled_on=&#8221;on|on|on&#8221; _builder_version=&#8221;4.19.0&#8243; disabled=&#8221;on&#8221; global_colors_info=&#8221;{}&#8221;][et_pb_row _builder_version=&#8221;4.16&#8243; background_size=&#8221;initial&#8221; background_position=&#8221;top_left&#8221; background_repeat=&#8221;repeat&#8221; global_colors_info=&#8221;{}&#8221;][et_pb_column type=&#8221;4_4&#8243; _builder_version=&#8221;4.16&#8243; custom_padding=&#8221;|||&#8221; global_colors_info=&#8221;{}&#8221; custom_padding__hover=&#8221;|||&#8221;][et_pb_code _builder_version=&#8221;4.19.0&#8243; global_colors_info=&#8221;{}&#8221;]<\/p>\n<h2><a href=\"https:\/\/confe.org\/index.php\/inversionista-social\/\">S\u00e9 un inversionista social CONFE \u00bb<\/a><\/h2>\n<p>[\/et_pb_code][et_pb_code _builder_version=&#8221;4.16&#8243; global_colors_info=&#8221;{}&#8221;]<\/p>\n<h2><a href=\"https:\/\/confe.org\/index.php\/sazon-con-corazon\/\">Cocinando como un banquetero \u00bb<\/a><\/h2>\n<p>[\/et_pb_code][\/et_pb_column][\/et_pb_row][\/et_pb_section]<\/p>\n","protected":false},"excerpt":{"rendered":"<p>Una donaci\u00f3n para una buena causa \u00bfSab\u00edas que si les brindamos los apoyos que necesitan, las personas con discapacidad intelectual pueden integrarse a escuelas regulares, a un empleo digno con los mismos derechos y obligaciones que cualquier otro trabajador? Ellos tambi\u00e9n tienen metas. Para nosotros ninguna donaci\u00f3n es peque\u00f1a. Dona una sola ocasi\u00f3n o como [&hellip;]<\/p>\n","protected":false},"author":1,"featured_media":0,"parent":0,"menu_order":0,"comment_status":"closed","ping_status":"closed","template":"","meta":{"_et_pb_use_builder":"on","_et_pb_old_content":"","_et_gb_content_width":"","footnotes":""},"class_list":["post-2644","page","type-page","status-publish","hentry"],"_links":{"self":[{"href":"https:\/\/confe.org\/index.php\/wp-json\/wp\/v2\/pages\/2644","targetHints":{"allow":["GET"]}}],"collection":[{"href":"https:\/\/confe.org\/index.php\/wp-json\/wp\/v2\/pages"}],"about":[{"href":"https:\/\/confe.org\/index.php\/wp-json\/wp\/v2\/types\/page"}],"author":[{"embeddable":true,"href":"https:\/\/confe.org\/index.php\/wp-json\/wp\/v2\/users\/1"}],"replies":[{"embeddable":true,"href":"https:\/\/confe.org\/index.php\/wp-json\/wp\/v2\/comments?post=2644"}],"version-history":[{"count":68,"href":"https:\/\/confe.org\/index.php\/wp-json\/wp\/v2\/pages\/2644\/revisions"}],"predecessor-version":[{"id":8445,"href":"https:\/\/confe.org\/index.php\/wp-json\/wp\/v2\/pages\/2644\/revisions\/8445"}],"wp:attachment":[{"href":"https:\/\/confe.org\/index.php\/wp-json\/wp\/v2\/media?parent=2644"}],"curies":[{"name":"wp","href":"https:\/\/api.w.org\/{rel}","templated":true}]}}