{"id":2794,"date":"2015-12-01T00:18:12","date_gmt":"2015-12-01T00:18:12","guid":{"rendered":"http:\/\/confe.org\/wp\/?page_id=2794"},"modified":"2022-03-24T16:13:35","modified_gmt":"2022-03-24T16:13:35","slug":"hasta-5-anos-contacto","status":"publish","type":"page","link":"https:\/\/confe.org\/index.php\/hasta-5-anos-contacto\/","title":{"rendered":"Hasta 5 a\u00f1os, Contacto"},"content":{"rendered":"<p>[et_pb_section bb_built=&#8221;1&#8243; fullwidth=&#8221;on&#8221; specialty=&#8221;off&#8221;][et_pb_fullwidth_menu admin_label=&#8221;menu_servicios&#8221; global_module=&#8221;1777&#8243; saved_tabs=&#8221;all&#8221; menu_id=&#8221;6&#8243; background_color=&#8221;#ffb74c&#8221; background_layout=&#8221;dark&#8221; text_orientation=&#8221;left&#8221; submenu_direction=&#8221;downwards&#8221; fullwidth_menu=&#8221;off&#8221; dropdown_menu_animation=&#8221;fade&#8221; menu_font=&#8221;Lato|on|||&#8221; menu_font_size=&#8221;16px&#8221; \/][\/et_pb_section][et_pb_section bb_built=&#8221;1&#8243; fullwidth=&#8221;on&#8221; specialty=&#8221;off&#8221;][et_pb_fullwidth_header title=&#8221;Cont\u00e1ctanos&#8221; background_layout=&#8221;dark&#8221; text_orientation=&#8221;left&#8221; header_fullscreen=&#8221;off&#8221; header_scroll_down=&#8221;off&#8221; background_url=&#8221;https:\/\/confe.org\/wp\/wp-content\/uploads\/2015\/06\/foto-menu0-5.jpg&#8221; parallax=&#8221;off&#8221; parallax_method=&#8221;off&#8221; content_orientation=&#8221;center&#8221; image_orientation=&#8221;center&#8221; custom_button_one=&#8221;off&#8221; button_one_text_size=&#8221;20&#8243; button_one_border_width=&#8221;2&#8243; button_one_border_radius=&#8221;3&#8243; button_one_letter_spacing=&#8221;0&#8243; button_one_use_icon=&#8221;default&#8221; button_one_icon_placement=&#8221;right&#8221; button_one_on_hover=&#8221;on&#8221; button_one_border_radius_hover=&#8221;3&#8243; button_one_letter_spacing_hover=&#8221;0&#8243; custom_button_two=&#8221;off&#8221; button_two_text_size=&#8221;20&#8243; button_two_border_width=&#8221;2&#8243; button_two_border_radius=&#8221;3&#8243; button_two_letter_spacing=&#8221;0&#8243; button_two_use_icon=&#8221;default&#8221; button_two_icon_placement=&#8221;right&#8221; button_two_on_hover=&#8221;on&#8221; button_two_border_radius_hover=&#8221;3&#8243; button_two_letter_spacing_hover=&#8221;0&#8243; background_image=&#8221;https:\/\/confe.org\/wp\/wp-content\/uploads\/2015\/06\/foto-menu0-5.jpg&#8221; \/][\/et_pb_section][et_pb_section bb_built=&#8221;1&#8243; fullwidth=&#8221;off&#8221; specialty=&#8221;off&#8221;][et_pb_row background_position=&#8221;top_left&#8221; background_repeat=&#8221;repeat&#8221; background_size=&#8221;initial&#8221;][et_pb_column type=&#8221;1_4&#8243;][et_pb_text global_module=&#8221;1852&#8243; saved_tabs=&#8221;all&#8221; background_layout=&#8221;light&#8221; text_orientation=&#8221;left&#8221; module_class=&#8221;mayusculas amarillo&#8221; text_font=&#8221;Lato|on|||&#8221; text_font_size=&#8221;15&#8243; use_border_color=&#8221;off&#8221; border_color=&#8221;#ffffff&#8221; border_style=&#8221;solid&#8221; module_alignment=&#8221;left&#8221; background_position=&#8221;top_left&#8221; background_repeat=&#8221;repeat&#8221; background_size=&#8221;initial&#8221;]<\/p>\n<h4 class=\"borde_inferior_amarillo no_transform\">Men\u00fa <span class=\"amarillo_span\">hasta 5 a\u00f1os<\/span><\/h4>\n<p><a href=\"https:\/\/confe.org\/wp\/index.php\/hasta-5-anos-intervencion-temprana\/\">Intervenci\u00f3n temprana<\/a><\/p>\n<p><a href=\"https:\/\/confe.org\/wp\/index.php\/hasta-5-anos-orientacion-a-padres\/\">Orientaci\u00f3n\u00a0a padres<\/a><\/p>\n<p><a href=\"https:\/\/confe.org\/wp\/index.php\/hasta-5-anos-apoyo-a-la-inclusion-educativa\/\">Apoyo a la inclusi\u00f3n educativa<\/a><\/p>\n<p><a href=\"https:\/\/confe.org\/wp\/index.php\/hasta-5-anos-centro-de-estimulacion-multisensorial\/\">Centro de estimulaci\u00f3n multisensorial<\/a><\/p>\n<p><a href=\"https:\/\/confe.org\/wp\/index.php\/hasta-5-anos-contacto\/\">Contacto<\/a><\/p>\n<p>[\/et_pb_text][et_pb_slider show_arrows=&#8221;off&#8221; show_pagination=&#8221;off&#8221; auto=&#8221;on&#8221; auto_ignore_hover=&#8221;off&#8221; parallax=&#8221;off&#8221; parallax_method=&#8221;off&#8221; remove_inner_shadow=&#8221;off&#8221; background_position=&#8221;default&#8221; background_size=&#8221;default&#8221; module_class=&#8221;sombraTextosDark&#8221; hide_content_on_mobile=&#8221;off&#8221; hide_cta_on_mobile=&#8221;off&#8221; show_image_video_mobile=&#8221;off&#8221; header_font_size=&#8221;46&#8243; body_font_size=&#8221;16&#8243; custom_button=&#8221;off&#8221; button_text_size=&#8221;20&#8243; button_border_width=&#8221;2&#8243; button_border_radius=&#8221;3&#8243; button_letter_spacing=&#8221;0&#8243; button_use_icon=&#8221;default&#8221; button_icon_placement=&#8221;right&#8221; button_on_hover=&#8221;on&#8221; button_border_radius_hover=&#8221;3&#8243; button_letter_spacing_hover=&#8221;0&#8243; auto_speed=&#8221;3000&#8243; saved_tabs=&#8221;all&#8221; global_module=&#8221;2928&#8243; show_inner_shadow=&#8221;off&#8221; show_content_on_mobile=&#8221;off&#8221; show_cta_on_mobile=&#8221;off&#8221;]<\/p>\n<p>[et_pb_slide heading=&#8221;Tu donaci\u00f3n es importante&#8221; button_text=&#8221;Dona&#8221; button_link=&#8221;https:\/\/confe.org\/wp\/index.php\/dona\/&#8221; background_position=&#8221;default&#8221; background_size=&#8221;default&#8221; background_color=&#8221;#ffffff&#8221; alignment=&#8221;center&#8221; background_layout=&#8221;dark&#8221; allow_player_pause=&#8221;off&#8221; header_font_select=&#8221;default&#8221; header_font_size=&#8221;18&#8243; header_text_color=&#8221;#ffffff&#8221; body_font_select=&#8221;default&#8221; custom_button=&#8221;on&#8221; button_text_color=&#8221;#ffffff&#8221; button_bg_color=&#8221;#ffb74c&#8221; button_border_width=&#8221;2&#8243; button_border_color=&#8221;#ffffff&#8221; button_font_select=&#8221;default&#8221; button_use_icon=&#8221;on&#8221; button_icon=&#8221;%%257%%&#8221; button_icon_color=&#8221;#ffffff&#8221; button_icon_placement=&#8221;right&#8221; button_on_hover=&#8221;on&#8221; background_image=&#8221;https:\/\/confe.org\/wp\/wp-content\/uploads\/2015\/06\/dona-llamado-accion13.jpg&#8221;] [\/et_pb_slide][et_pb_slide heading=&#8221;Muchos te lo agradecer\u00e1n&#8221; button_text=&#8221;Dona&#8221; button_link=&#8221;https:\/\/confe.org\/wp\/index.php\/dona\/&#8221; background_image=&#8221;https:\/\/confe.org\/wp\/wp-content\/uploads\/2015\/06\/dona-llamado-accion23.jpg&#8221; background_position=&#8221;default&#8221; background_size=&#8221;default&#8221; background_color=&#8221;#ffffff&#8221; alignment=&#8221;center&#8221; background_layout=&#8221;dark&#8221; allow_player_pause=&#8221;off&#8221; header_font_select=&#8221;default&#8221; header_font_size=&#8221;18&#8243; header_text_color=&#8221;#ffffff&#8221; body_font_select=&#8221;default&#8221; custom_button=&#8221;on&#8221; button_text_color=&#8221;#ffffff&#8221; button_bg_color=&#8221;#ffb74c&#8221; button_border_width=&#8221;2&#8243; button_font_select=&#8221;default&#8221; button_use_icon=&#8221;on&#8221; button_icon=&#8221;%%257%%&#8221; button_icon_placement=&#8221;right&#8221; button_on_hover=&#8221;on&#8221;] [\/et_pb_slide]<\/p>\n<p>[\/et_pb_slider][\/et_pb_column][et_pb_column type=&#8221;3_4&#8243;][et_pb_text background_layout=&#8221;light&#8221; module_alignment=&#8221;left&#8221; background_position=&#8221;top_left&#8221; background_repeat=&#8221;repeat&#8221; background_size=&#8221;initial&#8221; _builder_version=&#8221;3.0.85&#8243;]<\/p>\n<h1>Contacto para servicios a <span class=\"amarillo_span\">ni\u00f1os de hasta 5 a\u00f1os<\/span><\/h1>\n<p class=\"mb15 mt15\">Esta forma de contacto es s\u00f3lo para asuntos relacionados a servicios para personas con discapacidad intelectual <strong>hasta 5 a\u00f1os de edad<\/strong>. Para otros asuntos, por favor, llena la forma de contacto de la <a href=\"https:\/\/confe.org\/wp\/index.php\/contacto-para-servicios\/\">p\u00e1gina general de servicios<\/a>.<\/p>\n\n<div class=\"wpcf7 no-js\" id=\"wpcf7-f2781-o1\" lang=\"es-ES\" dir=\"ltr\" data-wpcf7-id=\"2781\">\n<div class=\"screen-reader-response\"><p role=\"status\" aria-live=\"polite\" aria-atomic=\"true\"><\/p> <ul><\/ul><\/div>\n<form action=\"\/index.php\/wp-json\/wp\/v2\/pages\/2794#wpcf7-f2781-o1\" method=\"post\" class=\"wpcf7-form init\" aria-label=\"Formulario de contacto\" novalidate=\"novalidate\" data-status=\"init\">\n<div style=\"display: none;\">\n<input type=\"hidden\" name=\"_wpcf7\" value=\"2781\" \/>\n<input type=\"hidden\" name=\"_wpcf7_version\" value=\"6.0.5\" \/>\n<input type=\"hidden\" name=\"_wpcf7_locale\" value=\"es_ES\" \/>\n<input type=\"hidden\" name=\"_wpcf7_unit_tag\" value=\"wpcf7-f2781-o1\" \/>\n<input type=\"hidden\" name=\"_wpcf7_container_post\" value=\"0\" \/>\n<input type=\"hidden\" name=\"_wpcf7_posted_data_hash\" value=\"\" \/>\n<\/div>\n<p>Nombre (requerido)\n<\/p>\n<p><span class=\"wpcf7-form-control-wrap\" data-name=\"your-name\"><input size=\"40\" maxlength=\"400\" class=\"wpcf7-form-control wpcf7-text wpcf7-validates-as-required\" aria-required=\"true\" aria-invalid=\"false\" value=\"\" type=\"text\" name=\"your-name\" \/><\/span>\n<\/p>\n<p>Correo electr\u00f3nico (requerido)\n<\/p>\n<p><span class=\"wpcf7-form-control-wrap\" data-name=\"your-email\"><input size=\"40\" maxlength=\"400\" class=\"wpcf7-form-control wpcf7-email wpcf7-validates-as-required wpcf7-text wpcf7-validates-as-email\" aria-required=\"true\" aria-invalid=\"false\" value=\"\" type=\"email\" name=\"your-email\" \/><\/span>\n<\/p>\n<p>Tel\u00e9fono (requerido)\n<\/p>\n<p><span class=\"wpcf7-form-control-wrap\" data-name=\"number-742\"><input class=\"wpcf7-form-control wpcf7-number wpcf7-validates-as-required wpcf7-validates-as-number\" aria-required=\"true\" aria-invalid=\"false\" value=\"\" type=\"number\" name=\"number-742\" \/><\/span>\n<\/p>\n<p>Asunto\n<\/p>\n<p><span class=\"wpcf7-form-control-wrap\" data-name=\"your-subject\"><input size=\"40\" maxlength=\"400\" class=\"wpcf7-form-control wpcf7-text\" aria-invalid=\"false\" value=\"\" type=\"text\" name=\"your-subject\" \/><\/span>\n<\/p>\n<p>Mensaje\n<\/p>\n<p><span class=\"wpcf7-form-control-wrap\" data-name=\"your-message\"><textarea cols=\"40\" rows=\"10\" maxlength=\"2000\" class=\"wpcf7-form-control wpcf7-textarea\" aria-invalid=\"false\" name=\"your-message\"><\/textarea><\/span>\n<\/p>\n<p>[recaptcha] <input class=\"wpcf7-form-control wpcf7-submit has-spinner\" type=\"submit\" value=\"Enviar\" \/>\n<\/p><div class=\"wpcf7-response-output\" aria-hidden=\"true\"><\/div>\n<\/form>\n<\/div>\n\n<p class=\"mt15\">Tambi\u00e9n puedes llamarnos a los siguientes tel\u00e9fonos en la Ciudad de M\u00e9xico: <a href=\"tel:5552921390,92\"> 55 5292 1390 (92) <\/a> y <a href=\"tel:5567326600\"> 55 6732 6600<\/a><\/p>\n<p>[\/et_pb_text][\/et_pb_column][\/et_pb_row][\/et_pb_section]<\/p>\n","protected":false},"excerpt":{"rendered":"<p>Men\u00fa hasta 5 a\u00f1os Intervenci\u00f3n temprana Orientaci\u00f3n\u00a0a padres Apoyo a la inclusi\u00f3n educativa Centro de estimulaci\u00f3n multisensorial Contacto Contacto para servicios a ni\u00f1os de hasta 5 a\u00f1os Esta forma de contacto es s\u00f3lo para asuntos relacionados a servicios para personas con discapacidad intelectual hasta 5 a\u00f1os de edad. Para otros asuntos, por favor, llena la [&hellip;]<\/p>\n","protected":false},"author":1,"featured_media":0,"parent":0,"menu_order":0,"comment_status":"closed","ping_status":"closed","template":"","meta":{"_et_pb_use_builder":"on","_et_pb_old_content":"","_et_gb_content_width":"","footnotes":""},"class_list":["post-2794","page","type-page","status-publish","hentry"],"_links":{"self":[{"href":"https:\/\/confe.org\/index.php\/wp-json\/wp\/v2\/pages\/2794","targetHints":{"allow":["GET"]}}],"collection":[{"href":"https:\/\/confe.org\/index.php\/wp-json\/wp\/v2\/pages"}],"about":[{"href":"https:\/\/confe.org\/index.php\/wp-json\/wp\/v2\/types\/page"}],"author":[{"embeddable":true,"href":"https:\/\/confe.org\/index.php\/wp-json\/wp\/v2\/users\/1"}],"replies":[{"embeddable":true,"href":"https:\/\/confe.org\/index.php\/wp-json\/wp\/v2\/comments?post=2794"}],"version-history":[{"count":16,"href":"https:\/\/confe.org\/index.php\/wp-json\/wp\/v2\/pages\/2794\/revisions"}],"predecessor-version":[{"id":7384,"href":"https:\/\/confe.org\/index.php\/wp-json\/wp\/v2\/pages\/2794\/revisions\/7384"}],"wp:attachment":[{"href":"https:\/\/confe.org\/index.php\/wp-json\/wp\/v2\/media?parent=2794"}],"curies":[{"name":"wp","href":"https:\/\/api.w.org\/{rel}","templated":true}]}}