{"id":3302,"date":"2016-04-11T00:01:50","date_gmt":"2016-04-11T00:01:50","guid":{"rendered":"http:\/\/confe.org\/?page_id=3302"},"modified":"2025-01-23T15:56:05","modified_gmt":"2025-01-23T15:56:05","slug":"eventos","status":"publish","type":"page","link":"https:\/\/confe.org\/index.php\/eventos\/","title":{"rendered":"Eventos"},"content":{"rendered":"<p>[et_pb_section fb_built=&#8221;1&#8243; fullwidth=&#8221;on&#8221; admin_label=&#8221;section&#8221; _builder_version=&#8221;4.16&#8243; global_colors_info=&#8221;{}&#8221;][et_pb_fullwidth_menu menu_id=&#8221;4&#8243; submenu_direction=&#8221;downwards&#8221; fullwidth_menu=&#8221;off&#8221; dropdown_menu_bg_color=&#8221;#0d4989&#8243; dropdown_menu_text_color=&#8221;#ffffff&#8221; admin_label=&#8221;Fullwidth Menu&#8221; module_class=&#8221;fullWidthMenuPrin&#8221; _builder_version=&#8221;4.19.0&#8243; menu_font=&#8221;Lato|on|||&#8221; menu_font_size=&#8221;16px&#8221; background_color=&#8221;#06478b&#8221; background_layout=&#8221;dark&#8221; global_module=&#8221;1329&#8243; saved_tabs=&#8221;all&#8221; global_colors_info=&#8221;{}&#8221;][\/et_pb_fullwidth_menu][\/et_pb_section][et_pb_section fb_built=&#8221;1&#8243; fullwidth=&#8221;on&#8221; admin_label=&#8221;section&#8221; _builder_version=&#8221;4.16&#8243; background_color=&#8221;#2c589f&#8221; transparent_background=&#8221;off&#8221; global_colors_info=&#8221;{}&#8221;][et_pb_fullwidth_header title=&#8221;Eventos&#8221; content_max_width=&#8221;none&#8221; admin_label=&#8221;Fullwidth Header&#8221; _builder_version=&#8221;4.16&#8243; background_color=&#8221;rgba(255, 255, 255, 0)&#8221; background_image=&#8221;https:\/\/confe.org\/wp-content\/uploads\/2016\/04\/eventos.jpg&#8221; background_url=&#8221;https:\/\/confe.org\/wp-content\/uploads\/2016\/04\/eventos.jpg&#8221; button_one_border_radius_hover=&#8221;3&#8243; button_two_border_radius_hover=&#8221;3&#8243; button_one_letter_spacing_hover=&#8221;0&#8243; button_two_letter_spacing_hover=&#8221;0&#8243; global_colors_info=&#8221;{}&#8221; button_one_text_size__hover_enabled=&#8221;off&#8221; button_two_text_size__hover_enabled=&#8221;off&#8221; button_one_text_color__hover_enabled=&#8221;off&#8221; button_two_text_color__hover_enabled=&#8221;off&#8221; button_one_border_width__hover_enabled=&#8221;off&#8221; button_two_border_width__hover_enabled=&#8221;off&#8221; button_one_border_color__hover_enabled=&#8221;off&#8221; button_two_border_color__hover_enabled=&#8221;off&#8221; button_one_border_radius__hover_enabled=&#8221;on&#8221; button_one_border_radius__hover=&#8221;3&#8243; button_two_border_radius__hover_enabled=&#8221;on&#8221; button_two_border_radius__hover=&#8221;3&#8243; button_one_letter_spacing__hover_enabled=&#8221;on&#8221; button_one_letter_spacing__hover=&#8221;0&#8243; button_two_letter_spacing__hover_enabled=&#8221;on&#8221; button_two_letter_spacing__hover=&#8221;0&#8243; button_one_bg_color__hover_enabled=&#8221;off&#8221; button_two_bg_color__hover_enabled=&#8221;off&#8221;][\/et_pb_fullwidth_header][\/et_pb_section][et_pb_section fb_built=&#8221;1&#8243; admin_label=&#8221;Section&#8221; _builder_version=&#8221;4.16&#8243; global_colors_info=&#8221;{}&#8221;][et_pb_row column_structure=&#8221;1_4,3_4&#8243; admin_label=&#8221;Row&#8221; _builder_version=&#8221;4.16&#8243; background_size=&#8221;initial&#8221; background_position=&#8221;top_left&#8221; background_repeat=&#8221;repeat&#8221; global_colors_info=&#8221;{}&#8221;][et_pb_column type=&#8221;1_4&#8243; _builder_version=&#8221;4.16&#8243; custom_padding=&#8221;|||&#8221; global_colors_info=&#8221;{}&#8221; custom_padding__hover=&#8221;|||&#8221;][et_pb_text admin_label=&#8221;Text&#8221; module_id=&#8221; mayusculas azul&#8221; module_class=&#8221;mayusculas azul&#8221; _builder_version=&#8221;4.19.0&#8243; text_text_color=&#8221;#00458d&#8221; background_size=&#8221;initial&#8221; background_position=&#8221;top_left&#8221; background_repeat=&#8221;repeat&#8221; module_alignment=&#8221;left&#8221; hover_enabled=&#8221;0&#8243; custom_css_main_element=&#8221;color: #00458D !important;&#8221; use_border_color=&#8221;off&#8221; border_color=&#8221;#ffffff&#8221; border_style=&#8221;solid&#8221; global_module=&#8221;3289&#8243; saved_tabs=&#8221;all&#8221; global_colors_info=&#8221;{}&#8221; sticky_enabled=&#8221;0&#8243;]<\/p>\n<h4 class=\"no_transform borde_inferior_azul\">Men\u00fa <span class=\"azul_span\">eventos<\/span><\/h4>\n<p style=\"margin-top: 15px;\"><a href=\"https:\/\/confe.org\/index.php\/eventos\/\">Inicio<\/a><\/p>\n<p><a href=\"https:\/\/confe.org\/index.php\/aula-sexualidad-y-discapacidad-1\/\">Curso sexualidad y discapacidad<\/a><\/p>\n<p><a href=\"https:\/\/confe.org\/index.php\/festival-zacatecas\/\">Festival Cultural Zacatecas<\/a><\/p>\n<p><a href=\"https:\/\/confe.org\/index.php\/mascaras-de-aliento\/\">M\u00e1scaras de aliento<\/a><\/p>\n<p><a href=\"https:\/\/confe.org\/index.php\/campamento-recreativo\/\">Campamento recreativo<\/a><\/p>\n<p><!--\n\n<p><a href=\"https:\/\/confe.org\/index.php\/camina-conmigo-3\/\">Camina conmigo<\/a><\/p>\n\n\n\n\n<p>--><\/p>\n<p>[\/et_pb_text][\/et_pb_column][et_pb_column type=&#8221;3_4&#8243; _builder_version=&#8221;4.16&#8243; custom_padding=&#8221;|||&#8221; global_colors_info=&#8221;{}&#8221; custom_padding__hover=&#8221;|||&#8221;][et_pb_text admin_label=&#8221;Eventos&#8221; module_class=&#8221;azul&#8221; _builder_version=&#8221;4.16&#8243; background_size=&#8221;initial&#8221; background_position=&#8221;top_left&#8221; background_repeat=&#8221;repeat&#8221; use_border_color=&#8221;off&#8221; border_color=&#8221;#ffffff&#8221; border_style=&#8221;solid&#8221; global_colors_info=&#8221;{}&#8221;]<\/p>\n<h1>Eventos <span class=\"azul_span\">CONFE<\/span><\/h1>\n<p>Anualmente celebramos distintos eventos de manera peri\u00f3dica, todos ellos para contribuir a mejorar la calidad de vida, capacitaci\u00f3n y desarrollo personal de las personas con discapacidad intelectual. Entre los m\u00e1s destacados se encuentran:<\/p>\n<p><strong>Evento deportivo para personas con y sin discapacidad:<\/strong><\/p>\n<ul>\n<li>Caminata-carrera\u00a0\u201cCorre por ti, camina conmigo\u201d<\/li>\n<\/ul>\n<p><strong>Eventos Art\u00edsticos y culturales<\/strong><\/p>\n<ul>\n<li>Festival de Arte y Discapacidad, realizado en la Ciudad de Zacatecas, Zac.<\/li>\n<li>M\u00e1scaras de aliento, porque \u201cm\u00e1s all\u00e1 de nuestras m\u00e1scaras, todos somos iguales\u201d.<\/li>\n<\/ul>\n<p><strong>Eventos Recreativos<\/strong><\/p>\n<ul>\n<li>Campamentos para convivencia entre las personas con discapacidad intelectual de las organizaciones afiliadas a CONFE.<\/li>\n<\/ul>\n<p>As\u00ed mismo, realizamos eventos no peri\u00f3dicos de distintos tipos.<\/p>\n<p><strong>Eventos: <\/strong><\/p>\n<ul>\n<li>Accesibles para personas con discapacidad intelectual, tales como obras de teatro, bailes, etc.<\/li>\n<li>De procuraci\u00f3n de fondos, como cenas de gala, conciertos y espect\u00e1culos.<\/li>\n<li>De derechos humanos para impulsar la inclusi\u00f3n de las personas con discapacidad a la sociedad y contribuir a la promoci\u00f3n de la convenci\u00f3n.<\/li>\n<\/ul>\n<p>[\/et_pb_text][\/et_pb_column][\/et_pb_row][\/et_pb_section]<\/p>\n","protected":false},"excerpt":{"rendered":"<p>Men\u00fa eventos Inicio Curso sexualidad y discapacidad Festival Cultural Zacatecas M\u00e1scaras de aliento Campamento recreativo Eventos CONFE Anualmente celebramos distintos eventos de manera peri\u00f3dica, todos ellos para contribuir a mejorar la calidad de vida, capacitaci\u00f3n y desarrollo personal de las personas con discapacidad intelectual. Entre los m\u00e1s destacados se encuentran: Evento deportivo para personas con [&hellip;]<\/p>\n","protected":false},"author":1,"featured_media":0,"parent":0,"menu_order":0,"comment_status":"closed","ping_status":"closed","template":"","meta":{"_et_pb_use_builder":"on","_et_pb_old_content":"","_et_gb_content_width":"","footnotes":""},"class_list":["post-3302","page","type-page","status-publish","hentry"],"_links":{"self":[{"href":"https:\/\/confe.org\/index.php\/wp-json\/wp\/v2\/pages\/3302","targetHints":{"allow":["GET"]}}],"collection":[{"href":"https:\/\/confe.org\/index.php\/wp-json\/wp\/v2\/pages"}],"about":[{"href":"https:\/\/confe.org\/index.php\/wp-json\/wp\/v2\/types\/page"}],"author":[{"embeddable":true,"href":"https:\/\/confe.org\/index.php\/wp-json\/wp\/v2\/users\/1"}],"replies":[{"embeddable":true,"href":"https:\/\/confe.org\/index.php\/wp-json\/wp\/v2\/comments?post=3302"}],"version-history":[{"count":17,"href":"https:\/\/confe.org\/index.php\/wp-json\/wp\/v2\/pages\/3302\/revisions"}],"predecessor-version":[{"id":9729,"href":"https:\/\/confe.org\/index.php\/wp-json\/wp\/v2\/pages\/3302\/revisions\/9729"}],"wp:attachment":[{"href":"https:\/\/confe.org\/index.php\/wp-json\/wp\/v2\/media?parent=3302"}],"curies":[{"name":"wp","href":"https:\/\/api.w.org\/{rel}","templated":true}]}}