{"id":384,"date":"2015-05-29T17:19:15","date_gmt":"2015-05-29T17:19:15","guid":{"rendered":"http:\/\/confe.org\/wp\/?page_id=384"},"modified":"2022-03-24T16:14:29","modified_gmt":"2022-03-24T16:14:29","slug":"6-a-15-anos","status":"publish","type":"page","link":"https:\/\/confe.org\/index.php\/6-a-15-anos\/","title":{"rendered":"6 a 15 a\u00f1os"},"content":{"rendered":"<p>[et_pb_section bb_built=&#8221;1&#8243; admin_label=&#8221;section&#8221; fullwidth=&#8221;on&#8221; specialty=&#8221;off&#8221;][et_pb_fullwidth_menu admin_label=&#8221;menu_servicios&#8221; global_module=&#8221;1777&#8243; menu_id=&#8221;6&#8243; background_color=&#8221;#ffb74c&#8221; background_layout=&#8221;dark&#8221; text_orientation=&#8221;left&#8221; submenu_direction=&#8221;downwards&#8221; fullwidth_menu=&#8221;off&#8221; dropdown_menu_animation=&#8221;fade&#8221; menu_font=&#8221;Lato|on|||&#8221; menu_font_size=&#8221;16px&#8221; saved_tabs=&#8221;all&#8221; \/][\/et_pb_section][et_pb_section bb_built=&#8221;1&#8243; fullwidth=&#8221;on&#8221; specialty=&#8221;off&#8221;][et_pb_fullwidth_slider show_arrows=&#8221;off&#8221; show_pagination=&#8221;off&#8221; auto=&#8221;off&#8221; auto_ignore_hover=&#8221;off&#8221; parallax=&#8221;on&#8221; parallax_method=&#8221;on&#8221; remove_inner_shadow=&#8221;off&#8221; background_position=&#8221;default&#8221; background_size=&#8221;default&#8221; hide_content_on_mobile=&#8221;off&#8221; hide_cta_on_mobile=&#8221;off&#8221; show_image_video_mobile=&#8221;off&#8221; header_font_size=&#8221;46&#8243; body_font_size=&#8221;16&#8243; custom_button=&#8221;off&#8221; button_text_size=&#8221;20&#8243; button_border_width=&#8221;2&#8243; button_border_radius=&#8221;3&#8243; button_letter_spacing=&#8221;0&#8243; button_use_icon=&#8221;default&#8221; button_icon_placement=&#8221;right&#8221; button_on_hover=&#8221;on&#8221; button_border_radius_hover=&#8221;3&#8243; button_letter_spacing_hover=&#8221;0&#8243; show_inner_shadow=&#8221;on&#8221; show_content_on_mobile=&#8221;on&#8221; show_cta_on_mobile=&#8221;on&#8221; custom_padding=&#8221;|||&#8221; custom_padding_tablet=&#8221;|||&#8221; custom_padding_phone=&#8221;|||&#8221;]<\/p>\n<p>[et_pb_slide background_image=&#8221;https:\/\/confe.org\/wp\/wp-content\/uploads\/2015\/05\/portada-6-16-2.jpg&#8221; background_position=&#8221;top_center&#8221; background_size=&#8221;contain&#8221; background_color=&#8221;#ffffff&#8221; alignment=&#8221;center&#8221; background_layout=&#8221;dark&#8221; allow_player_pause=&#8221;off&#8221; header_font_select=&#8221;default&#8221; body_font_select=&#8221;default&#8221; custom_button=&#8221;off&#8221; button_font_select=&#8221;default&#8221; button_use_icon=&#8221;default&#8221; button_icon_placement=&#8221;right&#8221; button_on_hover=&#8221;on&#8221;][\/et_pb_slide]<\/p>\n<p>[\/et_pb_fullwidth_slider][\/et_pb_section][et_pb_section bb_built=&#8221;1&#8243; admin_label=&#8221;section&#8221; fullwidth=&#8221;on&#8221; specialty=&#8221;off&#8221; transparent_background=&#8221;off&#8221; background_color=&#8221;#ff8f34&#8243; allow_player_pause=&#8221;off&#8221; inner_shadow=&#8221;on&#8221; parallax=&#8221;off&#8221; parallax_method=&#8221;off&#8221; padding_mobile=&#8221;off&#8221; make_fullwidth=&#8221;off&#8221; use_custom_width=&#8221;off&#8221; width_unit=&#8221;on&#8221; make_equal=&#8221;off&#8221; use_custom_gutter=&#8221;off&#8221; custom_padding_tablet=&#8221;50px|0|50px|0&#8243; custom_padding_last_edited=&#8221;on|desktop&#8221;][et_pb_fullwidth_header title=&#8221;Lo normal es un trato normal. Este es nuestro lema: \u00a1hazlo tuyo!&#8221; subhead=&#8221;Nuestra meta, lograr que las personas con discapacidad intelectual reciban un trato normal que les permita sentirse integrantes dignos de la comunidad.&#8221; background_layout=&#8221;dark&#8221; text_orientation=&#8221;center&#8221; header_fullscreen=&#8221;off&#8221; header_scroll_down=&#8221;off&#8221; parallax=&#8221;off&#8221; parallax_method=&#8221;off&#8221; content_orientation=&#8221;center&#8221; image_orientation=&#8221;center&#8221; custom_button_one=&#8221;off&#8221; button_one_text_size=&#8221;20&#8243; button_one_border_width=&#8221;2&#8243; button_one_border_radius=&#8221;3&#8243; button_one_letter_spacing=&#8221;0&#8243; button_one_use_icon=&#8221;default&#8221; button_one_icon_placement=&#8221;right&#8221; button_one_on_hover=&#8221;on&#8221; button_one_border_radius_hover=&#8221;3&#8243; button_one_letter_spacing_hover=&#8221;0&#8243; custom_button_two=&#8221;off&#8221; button_two_text_size=&#8221;20&#8243; button_two_border_width=&#8221;2&#8243; button_two_border_radius=&#8221;3&#8243; button_two_letter_spacing=&#8221;0&#8243; button_two_use_icon=&#8221;default&#8221; button_two_icon_placement=&#8221;right&#8221; button_two_on_hover=&#8221;on&#8221; button_two_border_radius_hover=&#8221;3&#8243; button_two_letter_spacing_hover=&#8221;0&#8243; subhead_font_color=&#8221;#ffffff&#8221; custom_css_main_element=&#8221;padding:0;&#8221; subhead_text_color=&#8221;#ffffff&#8221; \/][\/et_pb_section][et_pb_section bb_built=&#8221;1&#8243; admin_label=&#8221;section&#8221; transparent_background=&#8221;off&#8221; background_color=&#8221;#ffffff&#8221; allow_player_pause=&#8221;off&#8221; inner_shadow=&#8221;off&#8221; parallax=&#8221;off&#8221; parallax_method=&#8221;off&#8221; padding_mobile=&#8221;off&#8221; make_fullwidth=&#8221;off&#8221; use_custom_width=&#8221;off&#8221; width_unit=&#8221;on&#8221; make_equal=&#8221;off&#8221; use_custom_gutter=&#8221;off&#8221; module_class=&#8221;amarillo&#8221; custom_padding_tablet=&#8221;50px|0|50px|0&#8243; custom_padding_last_edited=&#8221;on|desktop&#8221;][et_pb_row admin_label=&#8221;row&#8221; background_position=&#8221;top_left&#8221; background_repeat=&#8221;repeat&#8221; background_size=&#8221;initial&#8221;][et_pb_column type=&#8221;4_4&#8243;][et_pb_text background_layout=&#8221;light&#8221; text_orientation=&#8221;left&#8221; module_class=&#8221;enfasis&#8221; use_border_color=&#8221;off&#8221; border_color=&#8221;#ffffff&#8221; border_style=&#8221;solid&#8221; module_alignment=&#8221;left&#8221; background_position=&#8221;top_left&#8221; background_repeat=&#8221;repeat&#8221; background_size=&#8221;initial&#8221;]<\/p>\n<p>Los ni\u00f1os entre los 6 y los 15 a\u00f1os requieren ir a la escuela, continuar con la estimulaci\u00f3n multisensorial y socializar. Tambi\u00e9n en esta etapa sus padres se enfrentan a nuevas situaciones que les plantean retos sobre los que se hacen preguntas.<\/p>\n<p>[\/et_pb_text][\/et_pb_column][\/et_pb_row][et_pb_row admin_label=&#8221;row&#8221; background_position=&#8221;top_left&#8221; background_repeat=&#8221;repeat&#8221; background_size=&#8221;initial&#8221;][et_pb_column type=&#8221;4_4&#8243;][et_pb_text background_layout=&#8221;light&#8221; text_orientation=&#8221;left&#8221; module_alignment=&#8221;left&#8221; background_position=&#8221;top_left&#8221; background_repeat=&#8221;repeat&#8221; background_size=&#8221;initial&#8221;]<\/p>\n<h2>En esta secci\u00f3n encontrar\u00e1s informaci\u00f3n sobre:<\/h2>\n<p>[\/et_pb_text][\/et_pb_column][\/et_pb_row][et_pb_row admin_label=&#8221;row&#8221; background_position=&#8221;top_left&#8221; background_repeat=&#8221;repeat&#8221; background_size=&#8221;initial&#8221;][et_pb_column type=&#8221;1_3&#8243;][et_pb_blurb title=&#8221;Orientaci\u00f3n a padres&#8221; url=&#8221;https:\/\/confe.org\/index.php\/6-a-15-anos-orientacion-a-padres\/&#8221; url_new_window=&#8221;off&#8221; use_icon=&#8221;off&#8221; font_icon=&#8221;\ue106&#8221; icon_color=&#8221;#c4c4c4&#8243; use_circle=&#8221;on&#8221; circle_color=&#8221;#ffffff&#8221; use_circle_border=&#8221;on&#8221; circle_border_color=&#8221;#c4c4c4&#8243; icon_placement=&#8221;top&#8221; animation=&#8221;top&#8221; background_layout=&#8221;light&#8221; text_orientation=&#8221;center&#8221; use_icon_font_size=&#8221;off&#8221; use_border_color=&#8221;off&#8221; border_color=&#8221;#ffffff&#8221; border_style=&#8221;solid&#8221; image=&#8221;https:\/\/confe.org\/wp-content\/uploads\/2015\/05\/iconos-orientacion6-16.png&#8221; background_position=&#8221;top_left&#8221; background_repeat=&#8221;repeat&#8221; background_size=&#8221;initial&#8221;]<\/p>\n<p>\u00bfC\u00f3mo ayudar a mi hijo(a) en esta etapa de su vida? \u00bfC\u00f3mo integrarla(o) a su entorno? \u00bfC\u00f3mo reforzar su autoestima?<\/p>\n<p>[\/et_pb_blurb][\/et_pb_column][et_pb_column type=&#8221;1_3&#8243;][et_pb_blurb title=&#8221;Inclusi\u00f3n educativa&#8221; url_new_window=&#8221;off&#8221; use_icon=&#8221;off&#8221; font_icon=&#8221;\ue021&#8221; icon_color=&#8221;#c4c4c4&#8243; use_circle=&#8221;on&#8221; circle_color=&#8221;#ffffff&#8221; use_circle_border=&#8221;on&#8221; circle_border_color=&#8221;#c4c4c4&#8243; icon_placement=&#8221;top&#8221; animation=&#8221;top&#8221; background_layout=&#8221;light&#8221; text_orientation=&#8221;center&#8221; url=&#8221;https:\/\/confe.org\/index.php\/6-a-15-anos-apoyo-a-la-inclusion-educativa\/&#8221; use_icon_font_size=&#8221;off&#8221; use_border_color=&#8221;off&#8221; border_color=&#8221;#ffffff&#8221; border_style=&#8221;solid&#8221; image=&#8221;https:\/\/confe.org\/wp-content\/uploads\/2015\/05\/iconos-educacion6-16.png&#8221; background_position=&#8221;top_left&#8221; background_repeat=&#8221;repeat&#8221; background_size=&#8221;initial&#8221;]<\/p>\n<p>\u00bfSocializar? \u00bfC\u00f3mo ayudarlo a estudiar? \u00bfRepetir a\u00f1o? Estas son algunas preguntas comunes entre padres.<\/p>\n<p>[\/et_pb_blurb][\/et_pb_column][et_pb_column type=&#8221;1_3&#8243;][et_pb_blurb title=&#8221;Estimulaci\u00f3n multisensorial&#8221; url_new_window=&#8221;off&#8221; use_icon=&#8221;off&#8221; font_icon=&#8221;\ue00a&#8221; icon_color=&#8221;#c4c4c4&#8243; use_circle=&#8221;on&#8221; circle_color=&#8221;#ffffff&#8221; use_circle_border=&#8221;on&#8221; circle_border_color=&#8221;#c4c4c4&#8243; icon_placement=&#8221;top&#8221; animation=&#8221;top&#8221; background_layout=&#8221;light&#8221; text_orientation=&#8221;center&#8221; url=&#8221;https:\/\/confe.org\/index.php\/6-a-15-anos-centro-de-estimulacion-multisensorial\/&#8221; use_icon_font_size=&#8221;off&#8221; use_border_color=&#8221;off&#8221; border_color=&#8221;#ffffff&#8221; border_style=&#8221;solid&#8221; image=&#8221;https:\/\/confe.org\/wp-content\/uploads\/2015\/05\/iconos-estimulacion-6-161.png&#8221; background_position=&#8221;top_left&#8221; background_repeat=&#8221;repeat&#8221; background_size=&#8221;initial&#8221;]<\/p>\n<p>Ap\u00f3yalo a que su desarrollo cerebral siga adelante, ll\u00e9valo a un centro de estimulaci\u00f3n multisensorial.<\/p>\n<p>[\/et_pb_blurb][\/et_pb_column][\/et_pb_row][et_pb_row admin_label=&#8221;row&#8221; background_position=&#8221;top_left&#8221; background_repeat=&#8221;repeat&#8221; background_size=&#8221;initial&#8221;][et_pb_column type=&#8221;1_2&#8243;][et_pb_text background_layout=&#8221;light&#8221; module_alignment=&#8221;left&#8221; background_position=&#8221;top_left&#8221; background_repeat=&#8221;repeat&#8221; background_size=&#8221;initial&#8221; _builder_version=&#8221;3.0.85&#8243;]<\/p>\n<h2>Ll\u00e1manos a la Ciudad de M\u00e9xico\u2026<\/h2>\n<p>Tener un hijo con discapacidad intelectual implica retos para la familia. Es indispensable lograr el mayor grado de autosuficiencia posible para \u00e9l y anticipar su futuro para cuando los padres ya no est\u00e9n. Para ello, es muy importante que contin\u00fae su educaci\u00f3n, tener vida social y m\u00e1s adelante, integrarse a la vida laboral. Ll\u00e1manos, tenemos una respuesta para ti.<\/p>\n<p>Tel\u00e9fonos: <a href=\"tel:5552921390,92\"> 55 5292 1390 (92) <\/a> y <a href=\"tel:5567326600\"> 55 6732 6600<\/a><\/p>\n<p>[\/et_pb_text][\/et_pb_column][et_pb_column type=&#8221;1_2&#8243;][et_pb_text background_layout=&#8221;light&#8221; text_orientation=&#8221;left&#8221; text_font_size=&#8221;14&#8243; use_border_color=&#8221;off&#8221; border_color=&#8221;#ffffff&#8221; border_style=&#8221;solid&#8221; module_alignment=&#8221;left&#8221; background_position=&#8221;top_left&#8221; background_repeat=&#8221;repeat&#8221; background_size=&#8221;initial&#8221;]<\/p>\n<h2>Localiza una organizaci\u00f3n\u00a0en tu estado<\/h2>\n<p>\u00bfTu familiar con discapacidad requiere de servicios educativos o atenci\u00f3n en tu localidad? Escr\u00edbenos para recibir orientaci\u00f3n o consulta nuestra base de datos para conocer las instituciones cerca de tu hogar.<\/p>\n<p><a href=\"https:\/\/confe.org\/index.php\/directorio-de-afiliados\/\">Consulta las organizaciones por estado en esta liga<\/a>.<\/p>\n<p>[\/et_pb_text][\/et_pb_column][\/et_pb_row][\/et_pb_section]<\/p>\n","protected":false},"excerpt":{"rendered":"<p>Los ni\u00f1os entre los 6 y los 15 a\u00f1os requieren ir a la escuela, continuar con la estimulaci\u00f3n multisensorial y socializar. Tambi\u00e9n en esta etapa sus padres se enfrentan a nuevas situaciones que les plantean retos sobre los que se hacen preguntas. En esta secci\u00f3n encontrar\u00e1s informaci\u00f3n sobre: \u00bfC\u00f3mo ayudar a mi hijo(a) en esta [&hellip;]<\/p>\n","protected":false},"author":1,"featured_media":0,"parent":0,"menu_order":0,"comment_status":"open","ping_status":"open","template":"","meta":{"_et_pb_use_builder":"on","_et_pb_old_content":"","_et_gb_content_width":"","footnotes":""},"class_list":["post-384","page","type-page","status-publish","hentry"],"_links":{"self":[{"href":"https:\/\/confe.org\/index.php\/wp-json\/wp\/v2\/pages\/384","targetHints":{"allow":["GET"]}}],"collection":[{"href":"https:\/\/confe.org\/index.php\/wp-json\/wp\/v2\/pages"}],"about":[{"href":"https:\/\/confe.org\/index.php\/wp-json\/wp\/v2\/types\/page"}],"author":[{"embeddable":true,"href":"https:\/\/confe.org\/index.php\/wp-json\/wp\/v2\/users\/1"}],"replies":[{"embeddable":true,"href":"https:\/\/confe.org\/index.php\/wp-json\/wp\/v2\/comments?post=384"}],"version-history":[{"count":52,"href":"https:\/\/confe.org\/index.php\/wp-json\/wp\/v2\/pages\/384\/revisions"}],"predecessor-version":[{"id":7385,"href":"https:\/\/confe.org\/index.php\/wp-json\/wp\/v2\/pages\/384\/revisions\/7385"}],"wp:attachment":[{"href":"https:\/\/confe.org\/index.php\/wp-json\/wp\/v2\/media?parent=384"}],"curies":[{"name":"wp","href":"https:\/\/api.w.org\/{rel}","templated":true}]}}