{"id":405,"date":"2015-05-29T17:48:11","date_gmt":"2015-05-29T17:48:11","guid":{"rendered":"http:\/\/confe.org\/wp\/?page_id=405"},"modified":"2020-02-19T21:55:53","modified_gmt":"2020-02-19T21:55:53","slug":"maquila-industrial","status":"publish","type":"page","link":"https:\/\/confe.org\/index.php\/maquila-industrial\/","title":{"rendered":"Maquila industrial"},"content":{"rendered":"<p>[et_pb_section bb_built=&#8221;1&#8243; admin_label=&#8221;section&#8221; fullwidth=&#8221;on&#8221; specialty=&#8221;off&#8221;][et_pb_fullwidth_menu global_module=&#8221;1637&#8243; saved_tabs=&#8221;all&#8221; menu_id=&#8221;7&#8243; background_color=&#8221;#ef3939&#8243; background_layout=&#8221;dark&#8221; text_orientation=&#8221;left&#8221; submenu_direction=&#8221;downwards&#8221; fullwidth_menu=&#8221;off&#8221; dropdown_menu_animation=&#8221;fade&#8221; menu_font=&#8221;Lato|on|||&#8221; menu_font_size=&#8221;16px&#8221;]<\/p>\n<p>&nbsp;<\/p>\n<p>[\/et_pb_fullwidth_menu][\/et_pb_section][et_pb_section bb_built=&#8221;1&#8243; admin_label=&#8221;section&#8221; fullwidth=&#8221;on&#8221; specialty=&#8221;off&#8221; transparent_background=&#8221;off&#8221; background_color=&#8221;#ffffff&#8221; allow_player_pause=&#8221;off&#8221; inner_shadow=&#8221;off&#8221; parallax=&#8221;off&#8221; parallax_method=&#8221;off&#8221; padding_mobile=&#8221;off&#8221; make_fullwidth=&#8221;off&#8221; use_custom_width=&#8221;off&#8221; width_unit=&#8221;on&#8221; make_equal=&#8221;off&#8221; use_custom_gutter=&#8221;off&#8221; gutter_width=&#8221;3&#8243; custom_padding_tablet=&#8221;50px|0|50px|0&#8243; custom_padding_last_edited=&#8221;on|desktop&#8221;][et_pb_fullwidth_header title=&#8221;Maquila industrial&#8221; background_layout=&#8221;dark&#8221; text_orientation=&#8221;left&#8221; header_fullscreen=&#8221;off&#8221; header_scroll_down=&#8221;off&#8221; background_url=&#8221;https:\/\/confe.org\/wp\/wp-content\/uploads\/2015\/05\/foto-menu9.jpg&#8221; parallax=&#8221;off&#8221; parallax_method=&#8221;off&#8221; content_orientation=&#8221;center&#8221; image_orientation=&#8221;center&#8221; custom_button_one=&#8221;off&#8221; button_one_text_size=&#8221;20&#8243; button_one_border_width=&#8221;2&#8243; button_one_border_radius=&#8221;3&#8243; button_one_letter_spacing=&#8221;0&#8243; button_one_use_icon=&#8221;default&#8221; button_one_icon_placement=&#8221;right&#8221; button_one_on_hover=&#8221;on&#8221; button_one_border_radius_hover=&#8221;3&#8243; button_one_letter_spacing_hover=&#8221;0&#8243; custom_button_two=&#8221;off&#8221; button_two_text_size=&#8221;20&#8243; button_two_border_width=&#8221;2&#8243; button_two_border_radius=&#8221;3&#8243; button_two_letter_spacing=&#8221;0&#8243; button_two_use_icon=&#8221;default&#8221; button_two_icon_placement=&#8221;right&#8221; button_two_on_hover=&#8221;on&#8221; button_two_border_radius_hover=&#8221;3&#8243; button_two_letter_spacing_hover=&#8221;0&#8243; background_image=&#8221;https:\/\/confe.org\/wp\/wp-content\/uploads\/2015\/05\/foto-menu9.jpg&#8221;]<\/p>\n<p>&nbsp;<\/p>\n<p>[\/et_pb_fullwidth_header][\/et_pb_section][et_pb_section bb_built=&#8221;1&#8243; fullwidth=&#8221;off&#8221; specialty=&#8221;off&#8221;][et_pb_row background_position=&#8221;top_left&#8221; background_repeat=&#8221;repeat&#8221; background_size=&#8221;initial&#8221;][et_pb_column type=&#8221;1_4&#8243;][et_pb_text global_module=&#8221;1874&#8243; saved_tabs=&#8221;all&#8221; background_layout=&#8221;light&#8221; module_class=&#8221;mayusculas rosa_talleres&#8221; text_font=&#8221;Lato|on|||&#8221; text_font_size=&#8221;16&#8243; module_alignment=&#8221;left&#8221; background_position=&#8221;top_left&#8221; background_repeat=&#8221;repeat&#8221; background_size=&#8221;initial&#8221; _builder_version=&#8221;3.0.85&#8243;]<\/p>\n<h4 class=\"borde_inferior no_transform\">Men\u00fa <span class=\"rosa_talleres_span\">Maquila<\/span><\/h4>\n<p><a href=\"https:\/\/confe.org\/index.php\/maquila-industrial\/\">Inicio<\/a><\/p>\n<p><a href=\"https:\/\/confe.org\/index.php\/maquila-industrial-servicios\/\">Servicios<\/a><\/p>\n<p><a href=\"https:\/\/confe.org\/index.php\/maquila-industrial-contacto\/\">Contacto<\/a><\/p>\n<p>[\/et_pb_text][et_pb_slider show_arrows=&#8221;off&#8221; show_pagination=&#8221;off&#8221; auto=&#8221;on&#8221; auto_speed=&#8221;3000&#8243; remove_inner_shadow=&#8221;off&#8221; background_position=&#8221;top_left&#8221; hide_content_on_mobile=&#8221;off&#8221; hide_cta_on_mobile=&#8221;off&#8221; show_image_video_mobile=&#8221;off&#8221; custom_button=&#8221;off&#8221; button_icon_placement=&#8221;right&#8221; module_class=&#8221;sombraTextosLight&#8221; saved_tabs=&#8221;all&#8221; global_module=&#8221;2962&#8243; show_inner_shadow=&#8221;off&#8221; show_content_on_mobile=&#8221;off&#8221; show_cta_on_mobile=&#8221;off&#8221; _builder_version=&#8221;3.0.85&#8243;]<\/p>\n<p>[et_pb_slide heading=&#8221;Tu donaci\u00f3n es importante&#8221; button_text=&#8221;Dona&#8221; button_link=&#8221;https:\/\/alwayson.recaudia.com\/confe&#8221; background_image=&#8221;https:\/\/confe.org\/wp\/wp-content\/uploads\/2015\/06\/dona-llamado-accion13.jpg&#8221; background_position=&#8221;top_left&#8221; background_size=&#8221;cover&#8221; background_color=&#8221;#ffffff&#8221; alignment=&#8221;center&#8221; background_layout=&#8221;dark&#8221; allow_player_pause=&#8221;off&#8221; header_font_select=&#8221;default&#8221; header_font_size=&#8221;18&#8243; header_text_color=&#8221;#ef3939&#8243; body_font_select=&#8221;default&#8221; custom_button=&#8221;on&#8221; button_text_color=&#8221;#ffffff&#8221; button_bg_color=&#8221;#ef3939&#8243; button_border_color=&#8221;#ffffff&#8221; button_font_select=&#8221;default&#8221; button_use_icon=&#8221;on&#8221; button_icon=&#8221;%%257%%&#8221; button_icon_color=&#8221;#ffffff&#8221; button_icon_placement=&#8221;right&#8221; button_on_hover=&#8221;on&#8221; _builder_version=&#8221;3.0.85&#8243; use_background_color_gradient=&#8221;off&#8221; background_color_gradient_start=&#8221;#2b87da&#8221; background_color_gradient_end=&#8221;#29c4a9&#8243; background_color_gradient_type=&#8221;linear&#8221; background_color_gradient_direction=&#8221;180deg&#8221; background_color_gradient_direction_radial=&#8221;center&#8221; background_color_gradient_start_position=&#8221;0%&#8221; background_color_gradient_end_position=&#8221;100%&#8221; parallax=&#8221;off&#8221; parallax_method=&#8221;on&#8221; background_repeat=&#8221;no-repeat&#8221; background_blend=&#8221;normal&#8221; use_bg_overlay=&#8221;off&#8221; use_text_overlay=&#8221;off&#8221; text_border_radius=&#8221;3&#8243; text_shadow_style=&#8221;none&#8221; text_shadow_color=&#8221;rgba(0,0,0,0.4)&#8221; header_level=&#8221;h1&#8243; header_font=&#8221;||||||||&#8221; header_font_size_tablet=&#8221;18&#8243; header_font_size_phone=&#8221;18&#8243; header_text_shadow_style=&#8221;none&#8221; header_text_shadow_color=&#8221;rgba(0,0,0,0.4)&#8221; body_font=&#8221;||||||||&#8221; body_text_shadow_style=&#8221;none&#8221; body_text_shadow_color=&#8221;rgba(0,0,0,0.4)&#8221; button_bg_use_color_gradient=&#8221;off&#8221; button_bg_color_gradient_start=&#8221;#2b87da&#8221; button_bg_color_gradient_end=&#8221;#29c4a9&#8243; button_bg_color_gradient_type=&#8221;linear&#8221; button_bg_color_gradient_direction_radial=&#8221;center&#8221; button_bg_size=&#8221;cover&#8221; button_bg_position=&#8221;center&#8221; button_bg_repeat=&#8221;no-repeat&#8221; button_bg_blend=&#8221;normal&#8221; button_font=&#8221;||||||||&#8221; button_text_shadow_style=&#8221;none&#8221; button_text_shadow_color=&#8221;rgba(0,0,0,0.4)&#8221; box_shadow_style_button=&#8221;none&#8221; box_shadow_color_button=&#8221;rgba(0,0,0,0.3)&#8221; box_shadow_position_button=&#8221;outer&#8221; \/][et_pb_slide heading=&#8221;Muchos te lo agradecer\u00e1n&#8221; button_text=&#8221;Dona&#8221; button_link=&#8221;https:\/\/confe.org\/index.php\/dona\/&#8221; background_image=&#8221;https:\/\/confe.org\/wp\/wp-content\/uploads\/2015\/06\/dona-llamado-accion23.jpg&#8221; background_position=&#8221;default&#8221; background_size=&#8221;default&#8221; background_color=&#8221;#ffffff&#8221; alignment=&#8221;center&#8221; background_layout=&#8221;dark&#8221; allow_player_pause=&#8221;off&#8221; header_font_select=&#8221;default&#8221; header_font_size=&#8221;18&#8243; body_font_select=&#8221;default&#8221; custom_button=&#8221;on&#8221; button_font_select=&#8221;default&#8221; button_use_icon=&#8221;on&#8221; button_icon_placement=&#8221;right&#8221; button_on_hover=&#8221;on&#8221; header_text_color=&#8221;#ef3939&#8243; button_text_color=&#8221;#ffffff&#8221; button_bg_color=&#8221;#ef3939&#8243; button_border_width=&#8221;2&#8243; button_border_color=&#8221;#ffffff&#8221; button_icon=&#8221;%%257%%&#8221; button_icon_color=&#8221;#ffffff&#8221; _builder_version=&#8221;3.0.85&#8243; \/]<\/p>\n<p>[\/et_pb_slider][\/et_pb_column][et_pb_column type=&#8221;3_4&#8243;][et_pb_text background_layout=&#8221;light&#8221; text_orientation=&#8221;left&#8221; module_class=&#8221;rosa_talleres&#8221; use_border_color=&#8221;off&#8221; border_color=&#8221;#ffffff&#8221; border_style=&#8221;solid&#8221; module_alignment=&#8221;left&#8221; background_position=&#8221;top_left&#8221; background_repeat=&#8221;repeat&#8221; background_size=&#8221;initial&#8221;]<\/p>\n<h1>Maquila <span class=\"rosa_talleres_span\">industrial<\/span><\/h1>\n<p class=\"mayusculas\">Calidad y precios competitivos apoyando una buena causa<\/p>\n<p>La maquila industrial CONFE cuenta con amplias instalaciones, equipo especializado y personal capacitado para cumplir son tus expectativas laborales.<\/p>\n<p>Nuestros trabajadores con discapacidad intelectual han sido cuidadosamente preparados para el trabajo. Por sus habilidades manuales, intensidad de concentraci\u00f3n, compromiso con su trabajo y compa\u00f1erismo, son trabajadores sobresalientes que entregan resultados de muy alta calidad.<\/p>\n<p>&nbsp;<\/p>\n<h2>\u00bfPor qu\u00e9 maquilar <span class=\"rosa_talleres_span\">en CONFE?<\/span><\/h2>\n<p>Por dos razones:<\/p>\n<ul class=\"listas\">\n<li>Por la <strong>calidad<\/strong>, <strong>bajos precios<\/strong> y <strong>tiempo de entrega<\/strong> de nuestros servicios.<\/li>\n<li>Porque adem\u00e1s de hacer un buen negocio, <strong>estar\u00e1s ayudando a la formaci\u00f3n profesional y a la integraci\u00f3n social de personas con discapacidad intelectual<\/strong>.<\/li>\n<\/ul>\n<p><a href=\"https:\/\/confe.org\/wp\/wp-content\/uploads\/2015\/05\/maquila-confe.jpg\"><img decoding=\"async\" class=\"aligncenter size-full wp-image-2461 lazyload\" data-src=\"https:\/\/confe.org\/wp\/wp-content\/uploads\/2015\/05\/maquila-confe.jpg\" alt=\"maquila-confe\" width=\"780\" height=\"459\" data-srcset=\"https:\/\/confe.org\/wp-content\/uploads\/2015\/05\/maquila-confe.jpg 780w, https:\/\/confe.org\/wp-content\/uploads\/2015\/05\/maquila-confe-600x353.jpg 600w, https:\/\/confe.org\/wp-content\/uploads\/2015\/05\/maquila-confe-300x177.jpg 300w\" data-sizes=\"(max-width: 780px) 100vw, 780px\" src=\"data:image\/gif;base64,R0lGODlhAQABAAAAACH5BAEKAAEALAAAAAABAAEAAAICTAEAOw==\" style=\"--smush-placeholder-width: 780px; --smush-placeholder-aspect-ratio: 780\/459;\" \/><\/a><\/p>\n<p>Con\u00f3cenos: <a href=\"https:\/\/confe.org\/index.php\/maquila-industrial-contacto\/\">haz una cita o solicita una cotizaci\u00f3n<\/a>.<\/p>\n<p>[\/et_pb_text][\/et_pb_column][\/et_pb_row][\/et_pb_section]<\/p>\n","protected":false},"excerpt":{"rendered":"<p>&nbsp; &nbsp; Men\u00fa Maquila Inicio Servicios Contacto Maquila industrial Calidad y precios competitivos apoyando una buena causa La maquila industrial CONFE cuenta con amplias instalaciones, equipo especializado y personal capacitado para cumplir son tus expectativas laborales. Nuestros trabajadores con discapacidad intelectual han sido cuidadosamente preparados para el trabajo. Por sus habilidades manuales, intensidad de concentraci\u00f3n, [&hellip;]<\/p>\n","protected":false},"author":1,"featured_media":0,"parent":0,"menu_order":0,"comment_status":"open","ping_status":"open","template":"","meta":{"_et_pb_use_builder":"on","_et_pb_old_content":"","_et_gb_content_width":"","footnotes":""},"class_list":["post-405","page","type-page","status-publish","hentry"],"_links":{"self":[{"href":"https:\/\/confe.org\/index.php\/wp-json\/wp\/v2\/pages\/405","targetHints":{"allow":["GET"]}}],"collection":[{"href":"https:\/\/confe.org\/index.php\/wp-json\/wp\/v2\/pages"}],"about":[{"href":"https:\/\/confe.org\/index.php\/wp-json\/wp\/v2\/types\/page"}],"author":[{"embeddable":true,"href":"https:\/\/confe.org\/index.php\/wp-json\/wp\/v2\/users\/1"}],"replies":[{"embeddable":true,"href":"https:\/\/confe.org\/index.php\/wp-json\/wp\/v2\/comments?post=405"}],"version-history":[{"count":35,"href":"https:\/\/confe.org\/index.php\/wp-json\/wp\/v2\/pages\/405\/revisions"}],"predecessor-version":[{"id":5839,"href":"https:\/\/confe.org\/index.php\/wp-json\/wp\/v2\/pages\/405\/revisions\/5839"}],"wp:attachment":[{"href":"https:\/\/confe.org\/index.php\/wp-json\/wp\/v2\/media?parent=405"}],"curies":[{"name":"wp","href":"https:\/\/api.w.org\/{rel}","templated":true}]}}