{"id":6020,"date":"2020-04-22T17:18:40","date_gmt":"2020-04-22T17:18:40","guid":{"rendered":"http:\/\/confe.org\/?page_id=6020"},"modified":"2023-01-11T15:41:36","modified_gmt":"2023-01-11T15:41:36","slug":"confe-en-linea","status":"publish","type":"page","link":"https:\/\/confe.org\/index.php\/confe-en-linea\/","title":{"rendered":"CONFE EN LINEA"},"content":{"rendered":"<p>[et_pb_section fb_built=&#8221;1&#8243; _builder_version=&#8221;4.16&#8243; global_colors_info=&#8221;{}&#8221;][et_pb_row _builder_version=&#8221;4.16&#8243; background_size=&#8221;initial&#8221; background_position=&#8221;top_left&#8221; background_repeat=&#8221;repeat&#8221; global_colors_info=&#8221;{}&#8221;][et_pb_column type=&#8221;4_4&#8243; _builder_version=&#8221;4.16&#8243; custom_padding=&#8221;|||&#8221; global_colors_info=&#8221;{}&#8221; custom_padding__hover=&#8221;|||&#8221;][et_pb_code _builder_version=&#8221;4.19.0&#8243; hover_enabled=&#8221;0&#8243; global_colors_info=&#8221;{}&#8221; sticky_enabled=&#8221;0&#8243;]<img decoding=\"async\" data-src=\"https:\/\/confe.org\/wp-content\/uploads\/2020\/04\/confeporsec.png\"data:image\/gif;base64,R0lGODlhAQABAAAAACH5BAEKAAEALAAAAAABAAEAAAICTAEAOw==\" class=\"lazyload\" style=\"--smush-placeholder-width: 1543px; --smush-placeholder-aspect-ratio: 1543\/922;\">height: auto; margin: auto; max-width: 700px; display: block;&#8221;><!-- [et_pb_line_break_holder] --><pee style=\"margin-top: 40px;\"><strong>Sabemos la importancia de que los ni\u00f1os y j\u00f3venes se capaciten d\u00eda a d\u00eda.<\/strong> Por eso hemos creado CONFE te acompa\u00f1a en l\u00ednea, una campa\u00f1a que tendr\u00e1 actividades, consejos y tips f\u00e1cil de implementar, para lograr la capacitaci\u00f3n de las personas con discapacidad intelectual.<\/pee><!-- [et_pb_line_break_holder] --><!-- [et_pb_line_break_holder] --><pee>En CONFE realizamos diferentes actividades desde casa con ayuda de sus familiares, estos d\u00edas estaremos compartiendo con ustedes cursos, tips y formas para trabajar con sus beb\u00e9s, ni\u00f1os y j\u00f3venes <span style=\"font-size: 20px; color: #064587;\">#YomeQuedoEnCasaHaciendo #CONFEteAcompa\u00f1aEnLinea<\/span><\/pee><!-- [et_pb_line_break_holder] --><!-- <pee id=\"ctawebinarios\">Mira las fechas y horarios de nuestros <a href=\"https:\/\/confe.org\/index.php\/matutinos\/\">Webinarios matutinos<\/a><!\u2013- [et_pb_br_holder] -\u2013><!-- [et_pb_line_break_holder] --><span>y aqu\u00ed los vespertinos<\/span> <a href=\"https:\/\/confe.org\/index.php\/6039-2\/\">Webinarios vespertinos<\/a><\/pee> &#8211;><!-- [et_pb_line_break_holder] --><pee class=\"msinfo\">Para m\u00e1s informaci\u00f3n con Gabriela Mart\u00ednez<!-- [et_pb_line_break_holder] -->al correo: <a href=\"mailto:gabriela-martinez@confe.org\">gabriela-martinez@confe.org<\/a><\/pee>[\/et_pb_code][\/et_pb_column][\/et_pb_row][\/et_pb_section]<\/p>\n","protected":false},"excerpt":{"rendered":"","protected":false},"author":1,"featured_media":0,"parent":0,"menu_order":0,"comment_status":"closed","ping_status":"closed","template":"","meta":{"_et_pb_use_builder":"on","_et_pb_old_content":"","_et_gb_content_width":"","footnotes":""},"class_list":["post-6020","page","type-page","status-publish","hentry"],"_links":{"self":[{"href":"https:\/\/confe.org\/index.php\/wp-json\/wp\/v2\/pages\/6020","targetHints":{"allow":["GET"]}}],"collection":[{"href":"https:\/\/confe.org\/index.php\/wp-json\/wp\/v2\/pages"}],"about":[{"href":"https:\/\/confe.org\/index.php\/wp-json\/wp\/v2\/types\/page"}],"author":[{"embeddable":true,"href":"https:\/\/confe.org\/index.php\/wp-json\/wp\/v2\/users\/1"}],"replies":[{"embeddable":true,"href":"https:\/\/confe.org\/index.php\/wp-json\/wp\/v2\/comments?post=6020"}],"version-history":[{"count":25,"href":"https:\/\/confe.org\/index.php\/wp-json\/wp\/v2\/pages\/6020\/revisions"}],"predecessor-version":[{"id":8011,"href":"https:\/\/confe.org\/index.php\/wp-json\/wp\/v2\/pages\/6020\/revisions\/8011"}],"wp:attachment":[{"href":"https:\/\/confe.org\/index.php\/wp-json\/wp\/v2\/media?parent=6020"}],"curies":[{"name":"wp","href":"https:\/\/api.w.org\/{rel}","templated":true}]}}