{"id":67,"date":"2015-05-18T22:25:37","date_gmt":"2015-05-18T22:25:37","guid":{"rendered":"http:\/\/localhost:8888\/wordpress\/?page_id=67"},"modified":"2019-07-02T18:21:24","modified_gmt":"2019-07-02T18:21:24","slug":"historia","status":"publish","type":"page","link":"https:\/\/confe.org\/index.php\/historia\/","title":{"rendered":"Historia"},"content":{"rendered":"<p>[et_pb_section bb_built=&#8221;1&#8243; admin_label=&#8221;section&#8221; fullwidth=&#8221;on&#8221; specialty=&#8221;off&#8221;][et_pb_fullwidth_menu global_module=&#8221;1329&#8243; saved_tabs=&#8221;all&#8221; menu_id=&#8221;4&#8243; background_color=&#8221;#06478b&#8221; background_layout=&#8221;dark&#8221; text_orientation=&#8221;left&#8221; submenu_direction=&#8221;downwards&#8221; fullwidth_menu=&#8221;off&#8221; dropdown_menu_animation=&#8221;fade&#8221; menu_font=&#8221;Lato|on|||&#8221; menu_font_size=&#8221;16px&#8221; \/][\/et_pb_section][et_pb_section bb_built=&#8221;1&#8243; admin_label=&#8221;section&#8221; fullwidth=&#8221;on&#8221; specialty=&#8221;off&#8221; transparent_background=&#8221;off&#8221; background_color=&#8221;#2c589f&#8221; allow_player_pause=&#8221;off&#8221; inner_shadow=&#8221;off&#8221; parallax=&#8221;off&#8221; parallax_method=&#8221;off&#8221; padding_mobile=&#8221;off&#8221; make_fullwidth=&#8221;off&#8221; use_custom_width=&#8221;off&#8221; width_unit=&#8221;on&#8221; make_equal=&#8221;off&#8221; use_custom_gutter=&#8221;off&#8221; gutter_width=&#8221;3&#8243; custom_padding_tablet=&#8221;50px|0|50px|0&#8243; custom_padding_last_edited=&#8221;on|desktop&#8221;][et_pb_fullwidth_header title=&#8221;Historia&#8221; background_layout=&#8221;dark&#8221; text_orientation=&#8221;left&#8221; header_fullscreen=&#8221;off&#8221; header_scroll_down=&#8221;off&#8221; background_url=&#8221;https:\/\/confe.org\/wp\/wp-content\/uploads\/2015\/05\/quienes-somos.jpg&#8221; parallax=&#8221;off&#8221; parallax_method=&#8221;off&#8221; content_orientation=&#8221;center&#8221; image_orientation=&#8221;center&#8221; custom_button_one=&#8221;off&#8221; button_one_text_size=&#8221;20&#8243; button_one_border_width=&#8221;2&#8243; button_one_border_radius=&#8221;3&#8243; button_one_letter_spacing=&#8221;0&#8243; button_one_use_icon=&#8221;default&#8221; button_one_icon_placement=&#8221;right&#8221; button_one_on_hover=&#8221;on&#8221; button_one_border_radius_hover=&#8221;3&#8243; button_one_letter_spacing_hover=&#8221;0&#8243; custom_button_two=&#8221;off&#8221; button_two_text_size=&#8221;20&#8243; button_two_border_width=&#8221;2&#8243; button_two_border_radius=&#8221;3&#8243; button_two_letter_spacing=&#8221;0&#8243; button_two_use_icon=&#8221;default&#8221; button_two_icon_placement=&#8221;right&#8221; button_two_on_hover=&#8221;on&#8221; button_two_border_radius_hover=&#8221;3&#8243; button_two_letter_spacing_hover=&#8221;0&#8243; background_image=&#8221;https:\/\/confe.org\/wp\/wp-content\/uploads\/2015\/05\/quienes-somos.jpg&#8221; \/][\/et_pb_section][et_pb_section bb_built=&#8221;1&#8243; admin_label=&#8221;section&#8221; fullwidth=&#8221;off&#8221; specialty=&#8221;off&#8221; background_color=&#8221;#ffffff&#8221; inner_shadow=&#8221;on&#8221; parallax=&#8221;off&#8221; transparent_background=&#8221;off&#8221; allow_player_pause=&#8221;off&#8221; parallax_method=&#8221;off&#8221; padding_mobile=&#8221;off&#8221; make_fullwidth=&#8221;off&#8221; use_custom_width=&#8221;off&#8221; width_unit=&#8221;on&#8221; make_equal=&#8221;off&#8221; use_custom_gutter=&#8221;off&#8221; gutter_width=&#8221;3&#8243; custom_padding_tablet=&#8221;50px|0|50px|0&#8243; custom_padding_last_edited=&#8221;on|desktop&#8221;][et_pb_row background_position=&#8221;top_left&#8221; background_repeat=&#8221;repeat&#8221; background_size=&#8221;initial&#8221;][et_pb_column type=&#8221;1_4&#8243;][et_pb_text global_module=&#8221;1656&#8243; saved_tabs=&#8221;all&#8221; background_layout=&#8221;light&#8221; text_orientation=&#8221;left&#8221; module_class=&#8221;mayusculas azul&#8221; text_font=&#8221;Lato|on|||&#8221; text_font_size=&#8221;15&#8243; use_border_color=&#8221;off&#8221; border_color=&#8221;#ffffff&#8221; border_style=&#8221;solid&#8221; module_alignment=&#8221;left&#8221; background_position=&#8221;top_left&#8221; background_repeat=&#8221;repeat&#8221; background_size=&#8221;initial&#8221;]<\/p>\n<h4 class=\"no_transform borde_inferior_azul\">Men\u00fa <span class=\"azul_span\">nosotros<\/span><\/h4>\n<p style=\"margin-top: 15px;\"><a href=\"https:\/\/confe.org\/wp\/index.php\/que-es-la-discapacidad-intelectual\/\">\u00bfQu\u00e9 es la discapacidad intelectual?<\/a><\/p>\n<p><a href=\"https:\/\/confe.org\/wp\/index.php\/quienes-somos\/\">\u00bfQui\u00e9nes somos?<\/a><\/p>\n<p><a href=\"https:\/\/confe.org\/wp\/index.php\/historia\/\">Historia<\/a><\/p>\n<p><a href=\"https:\/\/confe.org\/wp\/index.php\/transparencia\/\">Transparencia<\/a><\/p>\n<p><a href=\"https:\/\/confe.org\/wp\/index.php\/aviso-de-privacidad\/\">Aviso de privacidad<\/a><\/p>\n<p>[\/et_pb_text][et_pb_slider show_arrows=&#8221;off&#8221; show_pagination=&#8221;off&#8221; auto=&#8221;on&#8221; auto_ignore_hover=&#8221;off&#8221; parallax=&#8221;off&#8221; parallax_method=&#8221;off&#8221; remove_inner_shadow=&#8221;off&#8221; background_position=&#8221;default&#8221; background_size=&#8221;default&#8221; hide_content_on_mobile=&#8221;off&#8221; hide_cta_on_mobile=&#8221;off&#8221; show_image_video_mobile=&#8221;off&#8221; header_font_size=&#8221;18&#8243; body_font_size=&#8221;16&#8243; custom_button=&#8221;on&#8221; button_text_size=&#8221;20&#8243; button_border_width=&#8221;3&#8243; button_border_radius=&#8221;7&#8243; button_letter_spacing=&#8221;0&#8243; button_use_icon=&#8221;default&#8221; button_icon_placement=&#8221;right&#8221; button_on_hover=&#8221;on&#8221; button_border_radius_hover=&#8221;0&#8243; button_letter_spacing_hover=&#8221;0&#8243; auto_speed=&#8221;3000&#8243; button_font=&#8221;Gloria Hallelujah||||&#8221; header_text_color=&#8221;#06478b&#8221; button_icon=&#8221;%%141%%&#8221; button_border_color=&#8221;#ffffff&#8221; module_class=&#8221;sombraTextosDark&#8221; saved_tabs=&#8221;all&#8221; global_module=&#8221;2895&#8243; show_inner_shadow=&#8221;off&#8221; show_content_on_mobile=&#8221;off&#8221; show_cta_on_mobile=&#8221;off&#8221;]<\/p>\n<p>[et_pb_slide heading=&#8221;Tu donaci\u00f3n es indispensable&#8221; background_position=&#8221;default&#8221; background_size=&#8221;default&#8221; alignment=&#8221;center&#8221; background_layout=&#8221;light&#8221; allow_player_pause=&#8221;off&#8221; header_font_select=&#8221;default&#8221; body_font_select=&#8221;default&#8221; custom_button=&#8221;on&#8221; button_font_select=&#8221;default&#8221; button_use_icon=&#8221;on&#8221; button_icon_placement=&#8221;right&#8221; button_on_hover=&#8221;on&#8221; background_image=&#8221;https:\/\/confe.org\/wp\/wp-content\/uploads\/2015\/06\/dona-llamado-accion13.jpg&#8221; background_color=&#8221;#ffffff&#8221; button_text=&#8221;Dona&#8221; button_link=&#8221;https:\/\/confe.org\/wp\/index.php\/dona\/&#8221; button_text_color=&#8221;#ffffff&#8221; button_bg_color=&#8221;#06478b&#8221; body_font_size=&#8221;2&#8243; body_text_color=&#8221;#06478b&#8221; button_border_width=&#8221;2&#8243; button_border_color=&#8221;#ffffff&#8221; button_icon=&#8221;%%257%%&#8221; button_icon_color=&#8221;#ffffff&#8221; button_border_radius=&#8221;3&#8243;][\/et_pb_slide][et_pb_slide heading=&#8221;Muchos te lo agradecer\u00e1n&#8221; background_image=&#8221;https:\/\/confe.org\/wp\/wp-content\/uploads\/2015\/06\/dona-llamado-accion23.jpg&#8221; background_position=&#8221;default&#8221; background_size=&#8221;default&#8221; background_color=&#8221;#ffffff&#8221; alignment=&#8221;center&#8221; background_layout=&#8221;light&#8221; allow_player_pause=&#8221;off&#8221; header_font_select=&#8221;default&#8221; body_font_select=&#8221;default&#8221; custom_button=&#8221;on&#8221; button_font_select=&#8221;default&#8221; button_use_icon=&#8221;default&#8221; button_icon_placement=&#8221;right&#8221; button_on_hover=&#8221;on&#8221; button_text=&#8221;Dona&#8221; button_link=&#8221;https:\/\/confe.org\/wp\/index.php\/dona\/&#8221; button_text_color=&#8221;#ffffff&#8221; button_bg_color=&#8221;#06478b&#8221; button_icon=&#8221;%%257%%&#8221; button_border_width=&#8221;2&#8243; button_border_color=&#8221;#ffffff&#8221; button_border_radius=&#8221;0&#8243;][\/et_pb_slide]<\/p>\n<p>[\/et_pb_slider][\/et_pb_column][et_pb_column type=&#8221;3_4&#8243;][et_pb_text admin_label=&#8221;Qui\u00e9nes somos &#8211; Historia&#8221; background_layout=&#8221;light&#8221; module_class=&#8221;azul&#8221; module_alignment=&#8221;left&#8221; background_position=&#8221;top_left&#8221; background_repeat=&#8221;repeat&#8221; background_size=&#8221;initial&#8221; _builder_version=&#8221;3.0.85&#8243;]<\/p>\n<h1>Nuestra <span class=\"azul_span\">historia<\/span><\/h1>\n<p>La Confederaci\u00f3n Mexicana de Organizaciones en favor de la Persona con Discapacidad Intelectual (CONFE) fue fundada en 1978 en la ciudad de M\u00e9xico por un grupo de padres de familia y profesionistas con el prop\u00f3sito de ser una red de apoyo y servicios para las personas con discapacidad intelectual y sus familias, y trabajar entre asociaciones similares para mejorar su calidad de vida generando un cambio en nuestra sociedad.<\/p>\n<p><a href=\"https:\/\/confe.org\/wp\/wp-content\/uploads\/2015\/05\/historia.jpg\"><img decoding=\"async\" class=\"aligncenter size-full wp-image-2690 lazyload\" data-src=\"https:\/\/confe.org\/wp\/wp-content\/uploads\/2015\/05\/historia.jpg\" alt=\"historia\" width=\"780\" height=\"407\" data-srcset=\"https:\/\/confe.org\/wp-content\/uploads\/2015\/05\/historia.jpg 780w, https:\/\/confe.org\/wp-content\/uploads\/2015\/05\/historia-600x313.jpg 600w, https:\/\/confe.org\/wp-content\/uploads\/2015\/05\/historia-300x157.jpg 300w\" data-sizes=\"(max-width: 780px) 100vw, 780px\" src=\"data:image\/gif;base64,R0lGODlhAQABAAAAACH5BAEKAAEALAAAAAABAAEAAAICTAEAOw==\" style=\"--smush-placeholder-width: 780px; --smush-placeholder-aspect-ratio: 780\/407;\" \/><\/a><\/p>\n<p>Este Proyecto fue iniciativa del se\u00f1or <strong>Juan Vidal Graell <\/strong>(1934-2014), quien se inspir\u00f3 en la teor\u00eda del Dr. Marc Gold, norteamericano, creador del Sistema <em>Try another way<\/em>, que afirma que todos podemos aprender, s\u00f3lo que cada uno lo hacemos de diferente manera.<\/p>\n<p>En 1975, junto con las familias Quijano Orva\u00f1anos, Velasco Margain y la maestra Florentina Gonz\u00e1lez Cipr\u00e9s, sumaron esfuerzos para brindar a las personas con discapacidad intelectual la oportunidad de capacitarse para trabajar y lograr un reconocimiento pleno y cabal de sus derechos, as\u00ed como el respeto a su dignidad como persona.<\/p>\n<p>El 19 de septiembre de 1978, la Confederaci\u00f3n qued\u00f3 constituida legalmente. Las asociaciones que la conformaron inicialmente fueron:<\/p>\n<ul class=\"listas mt15\">\n<li>Centro de Integraci\u00f3n Social para el Individuo Down, A.C.<\/li>\n<li>Centro de Terapia Cineciol\u00f3gica para Ni\u00f1os con Disfunci\u00f3n Cerebral, A.C.<\/li>\n<li>Fundaci\u00f3n de Ayuda al D\u00e9bil Mental, A.C.<\/li>\n<li>Centro de Terapia Educativa, A.C.<\/li>\n<li>Patronato del Centro de Educaci\u00f3n Especial de Capacitaci\u00f3n para el Trabajo, A.C.<\/li>\n<li>Asociaci\u00f3n de Padres de Familia de Industrias Protegidas, No. 1, de la Direcci\u00f3n General de Educaci\u00f3n Especial, A.C.<\/li>\n<li>Comunidad Down, A.C.<\/li>\n<\/ul>\n<p>CONFE comenz\u00f3 sus operaciones en un espacio prestado dentro de la f\u00e1brica de zapatos de la familia Vidal, operando con personal voluntario. Desde ah\u00ed se manejaron los programas de capacitaci\u00f3n laboral y de vinculaci\u00f3n con otras asociaciones por varios a\u00f1os.<\/p>\n<p>En 1995, aglutinando a varias decenas de asociaciones, CONFE estren\u00f3 instalaciones en Cuajimalpa, su actual domicilio, producto de un terreno donado por el Sr. Vidal especialmente para la causa, en el que hoy se atiende y capacita diariamente a personas con discapacidad intelectual.<\/p>\n<p>En 2008, a 30 a\u00f1os de su creaci\u00f3n, CONFE es ya una red de 114 asociaciones en casi todo el territorio nacional, que cuenta con equipo humano especializado y calificado, amplias y modernas instalaciones, un centro de informaci\u00f3n especializado en el tema de la discapacidad intelectual, un conjunto de programas dirigidos, unos a las personas con discapacidad intelectual, y otros a las familias y organizaciones, que han beneficiado a poco m\u00e1s de 42 mil personas con discapacidad intelectual y sus familias.<\/p>\n<p>[\/et_pb_text][\/et_pb_column][\/et_pb_row][\/et_pb_section]<\/p>\n","protected":false},"excerpt":{"rendered":"<p>Men\u00fa nosotros \u00bfQu\u00e9 es la discapacidad intelectual? \u00bfQui\u00e9nes somos? Historia Transparencia Aviso de privacidad Nuestra historia La Confederaci\u00f3n Mexicana de Organizaciones en favor de la Persona con Discapacidad Intelectual (CONFE) fue fundada en 1978 en la ciudad de M\u00e9xico por un grupo de padres de familia y profesionistas con el prop\u00f3sito de ser una red [&hellip;]<\/p>\n","protected":false},"author":1,"featured_media":0,"parent":0,"menu_order":0,"comment_status":"open","ping_status":"open","template":"","meta":{"_et_pb_use_builder":"on","_et_pb_old_content":"","_et_gb_content_width":"","footnotes":""},"class_list":["post-67","page","type-page","status-publish","hentry"],"_links":{"self":[{"href":"https:\/\/confe.org\/index.php\/wp-json\/wp\/v2\/pages\/67","targetHints":{"allow":["GET"]}}],"collection":[{"href":"https:\/\/confe.org\/index.php\/wp-json\/wp\/v2\/pages"}],"about":[{"href":"https:\/\/confe.org\/index.php\/wp-json\/wp\/v2\/types\/page"}],"author":[{"embeddable":true,"href":"https:\/\/confe.org\/index.php\/wp-json\/wp\/v2\/users\/1"}],"replies":[{"embeddable":true,"href":"https:\/\/confe.org\/index.php\/wp-json\/wp\/v2\/comments?post=67"}],"version-history":[{"count":25,"href":"https:\/\/confe.org\/index.php\/wp-json\/wp\/v2\/pages\/67\/revisions"}],"predecessor-version":[{"id":5411,"href":"https:\/\/confe.org\/index.php\/wp-json\/wp\/v2\/pages\/67\/revisions\/5411"}],"wp:attachment":[{"href":"https:\/\/confe.org\/index.php\/wp-json\/wp\/v2\/media?parent=67"}],"curies":[{"name":"wp","href":"https:\/\/api.w.org\/{rel}","templated":true}]}}