{"id":688,"date":"2015-06-04T00:33:41","date_gmt":"2015-06-04T00:33:41","guid":{"rendered":"http:\/\/confe.org\/wp\/?page_id=688"},"modified":"2016-06-26T17:18:19","modified_gmt":"2016-06-26T17:18:19","slug":"costura-instalaciones-y-equipo","status":"publish","type":"page","link":"https:\/\/confe.org\/index.php\/costura-instalaciones-y-equipo\/","title":{"rendered":"Costura, instalaciones y equipo"},"content":{"rendered":"<p>[et_pb_section admin_label=&#8221;section&#8221; fullwidth=&#8221;on&#8221; specialty=&#8221;off&#8221;][et_pb_fullwidth_menu admin_label=&#8221;Fullwidth Menu&#8221; global_module=&#8221;1637&#8243; saved_tabs=&#8221;all&#8221; menu_id=&#8221;7&#8243; background_color=&#8221;#ef3939&#8243; background_layout=&#8221;dark&#8221; text_orientation=&#8221;left&#8221; submenu_direction=&#8221;downwards&#8221; fullwidth_menu=&#8221;off&#8221; dropdown_menu_animation=&#8221;fade&#8221; menu_font=&#8221;Lato|on|||&#8221; menu_font_size=&#8221;16px&#8221;]<\/p>\n<p>&nbsp;<\/p>\n<p>[\/et_pb_fullwidth_menu][\/et_pb_section][et_pb_section admin_label=&#8221;section&#8221; fullwidth=&#8221;on&#8221; specialty=&#8221;off&#8221; background_color=&#8221;#ffffff&#8221; inner_shadow=&#8221;off&#8221; parallax=&#8221;off&#8221; transparent_background=&#8221;off&#8221; allow_player_pause=&#8221;off&#8221; parallax_method=&#8221;off&#8221; padding_mobile=&#8221;off&#8221; make_fullwidth=&#8221;off&#8221; use_custom_width=&#8221;off&#8221; width_unit=&#8221;on&#8221; make_equal=&#8221;off&#8221; use_custom_gutter=&#8221;off&#8221; gutter_width=&#8221;3&#8243;][et_pb_fullwidth_header admin_label=&#8221;Fullwidth Header&#8221; title=&#8221;Instalaciones y equipo&#8221; background_layout=&#8221;dark&#8221; text_orientation=&#8221;left&#8221; header_fullscreen=&#8221;off&#8221; header_scroll_down=&#8221;off&#8221; parallax=&#8221;off&#8221; parallax_method=&#8221;off&#8221; content_orientation=&#8221;center&#8221; image_orientation=&#8221;center&#8221; custom_button_one=&#8221;off&#8221; button_one_text_size=&#8221;20&#8243; button_one_border_width=&#8221;2&#8243; button_one_border_radius=&#8221;3&#8243; button_one_letter_spacing=&#8221;0&#8243; button_one_use_icon=&#8221;default&#8221; button_one_icon_placement=&#8221;right&#8221; button_one_on_hover=&#8221;on&#8221; button_one_border_radius_hover=&#8221;3&#8243; button_one_letter_spacing_hover=&#8221;0&#8243; custom_button_two=&#8221;off&#8221; button_two_text_size=&#8221;20&#8243; button_two_border_width=&#8221;2&#8243; button_two_border_radius=&#8221;3&#8243; button_two_letter_spacing=&#8221;0&#8243; button_two_use_icon=&#8221;default&#8221; button_two_icon_placement=&#8221;right&#8221; button_two_on_hover=&#8221;on&#8221; button_two_border_radius_hover=&#8221;3&#8243; button_two_letter_spacing_hover=&#8221;0&#8243; background_url=&#8221;https:\/\/confe.org\/wp\/wp-content\/uploads\/2015\/05\/foto-menu5.jpg&#8221;]<\/p>\n<p>&nbsp;<\/p>\n<p>[\/et_pb_fullwidth_header][\/et_pb_section][et_pb_section admin_label=&#8221;Section&#8221; fullwidth=&#8221;off&#8221; specialty=&#8221;off&#8221;][et_pb_row admin_label=&#8221;Row&#8221;][et_pb_column type=&#8221;1_4&#8243;][et_pb_text admin_label=&#8221;Text&#8221; global_module=&#8221;1899&#8243; background_layout=&#8221;light&#8221; text_orientation=&#8221;left&#8221; module_class=&#8221;mayusculas rosa_talleres&#8221; text_font=&#8221;Lato|on|||&#8221; text_font_size=&#8221;16&#8243; use_border_color=&#8221;off&#8221; border_color=&#8221;#ffffff&#8221; border_style=&#8221;solid&#8221; saved_tabs=&#8221;all&#8221;]<\/p>\n<h4 class=\"borde_inferior no_transform\">Men\u00fa <span class=\"rosa_talleres_span\">costura<\/span><\/h4>\n<p><a href=\"https:\/\/confe.org\/wp\/index.php\/costura\/\">Inicio<\/a><\/p>\n<p><a href=\"https:\/\/confe.org\/wp\/index.php\/costura-servicios\/\">Servicios<\/a><\/p>\n<p><a href=\"https:\/\/confe.org\/wp\/index.php\/costura-instalaciones-y-equipo\/\">Instalaciones y equipo<\/a><\/p>\n<p><a href=\"https:\/\/confe.org\/wp\/index.php\/costura-clientes\/\">Clientes<\/a><\/p>\n<p><a href=\"https:\/\/confe.org\/wp\/index.php\/costura-contacto\/\">Contacto para costura<\/a><\/p>\n<p>[\/et_pb_text][et_pb_slider admin_label=&#8221;Slider&#8221; show_arrows=&#8221;off&#8221; show_pagination=&#8221;off&#8221; auto=&#8221;on&#8221; auto_speed=&#8221;3000&#8243; auto_ignore_hover=&#8221;off&#8221; parallax=&#8221;off&#8221; parallax_method=&#8221;off&#8221; remove_inner_shadow=&#8221;off&#8221; background_position=&#8221;default&#8221; background_size=&#8221;default&#8221; hide_content_on_mobile=&#8221;off&#8221; hide_cta_on_mobile=&#8221;off&#8221; show_image_video_mobile=&#8221;off&#8221; header_font_size=&#8221;46&#8243; body_font_size=&#8221;16&#8243; custom_button=&#8221;off&#8221; button_text_size=&#8221;20&#8243; button_border_width=&#8221;2&#8243; button_border_radius=&#8221;3&#8243; button_letter_spacing=&#8221;0&#8243; button_use_icon=&#8221;default&#8221; button_icon_placement=&#8221;right&#8221; button_on_hover=&#8221;on&#8221; button_border_radius_hover=&#8221;3&#8243; button_letter_spacing_hover=&#8221;0&#8243; module_class=&#8221;sombraTextosLight&#8221; saved_tabs=&#8221;all&#8221; global_module=&#8221;2962&#8243;]<\/p>\n<p>[et_pb_slide heading=&#8221;Tu donaci\u00f3n es importante&#8221; button_text=&#8221;Dona&#8221; button_link=&#8221;https:\/\/confe.org\/wp\/index.php\/dona\/&#8221; background_image=&#8221;https:\/\/confe.org\/wp\/wp-content\/uploads\/2015\/06\/dona-llamado-accion13.jpg&#8221; background_position=&#8221;default&#8221; background_size=&#8221;default&#8221; background_color=&#8221;#ffffff&#8221; alignment=&#8221;center&#8221; background_layout=&#8221;dark&#8221; allow_player_pause=&#8221;off&#8221; header_font_select=&#8221;default&#8221; header_font_size=&#8221;18&#8243; header_text_color=&#8221;#ef3939&#8243; body_font_select=&#8221;default&#8221; custom_button=&#8221;on&#8221; button_text_color=&#8221;#ffffff&#8221; button_bg_color=&#8221;#ef3939&#8243; button_border_width=&#8221;2&#8243; button_border_color=&#8221;#ffffff&#8221; button_font_select=&#8221;default&#8221; button_use_icon=&#8221;on&#8221; button_icon=&#8221;%%257%%&#8221; button_icon_color=&#8221;#ffffff&#8221; button_icon_placement=&#8221;right&#8221; button_on_hover=&#8221;on&#8221;] [\/et_pb_slide][et_pb_slide heading=&#8221;Muchos te lo agradecer\u00e1n&#8221; button_text=&#8221;Dona&#8221; button_link=&#8221;https:\/\/confe.org\/wp\/index.php\/dona\/&#8221; background_image=&#8221;https:\/\/confe.org\/wp\/wp-content\/uploads\/2015\/06\/dona-llamado-accion23.jpg&#8221; background_position=&#8221;default&#8221; background_size=&#8221;default&#8221; background_color=&#8221;#ffffff&#8221; alignment=&#8221;center&#8221; background_layout=&#8221;dark&#8221; allow_player_pause=&#8221;off&#8221; header_font_select=&#8221;default&#8221; header_font_size=&#8221;18&#8243; body_font_select=&#8221;default&#8221; custom_button=&#8221;on&#8221; button_font_select=&#8221;default&#8221; button_use_icon=&#8221;on&#8221; button_icon_placement=&#8221;right&#8221; button_on_hover=&#8221;on&#8221; header_text_color=&#8221;#ef3939&#8243; button_text_color=&#8221;#ffffff&#8221; button_bg_color=&#8221;#ef3939&#8243; button_border_width=&#8221;2&#8243; button_border_color=&#8221;#ffffff&#8221; button_icon=&#8221;%%257%%&#8221; button_icon_color=&#8221;#ffffff&#8221;] [\/et_pb_slide]<\/p>\n<p>[\/et_pb_slider][\/et_pb_column][et_pb_column type=&#8221;3_4&#8243;][et_pb_text admin_label=&#8221;Text&#8221; background_layout=&#8221;light&#8221; text_orientation=&#8221;left&#8221; module_class=&#8221;rosa_talleres&#8221; use_border_color=&#8221;off&#8221; border_color=&#8221;#ffffff&#8221; border_style=&#8221;solid&#8221;]<\/p>\n<h1>Instalaciones <span class=\"rosa_talleres_span\">y equipo<\/span><\/h1>\n<p>En el Taller de costura CONFE contamos con la&nbsp;<strong>maquinaria<\/strong>&nbsp;y el&nbsp;<strong>espacio<\/strong>&nbsp;necesarios para darle&nbsp;<strong>el mejor de los servicios<\/strong>.<\/p>\n<ul class=\"listas mt15\">\n<li>12 m\u00e1quinas rectas<\/li>\n<li>4 m\u00e1quinas over de 3 hilos<\/li>\n<li>2 m\u00e1quinas over de 5 hilos<\/li>\n<li>2 m\u00e1quinas cortadoras de tela<\/li>\n<li>1 mesa de corte de 2.44 de ancho por 10 metros de largo<\/li>\n<li>700 metros cuadrados de \u00e1rea de taller.<\/li>\n<\/ul>\n<p>&nbsp;<\/p>\n<p>Con\u00f3cenos: <a href=\"https:\/\/confe.org\/index.php\/contacto-para-talleres\/\">haz una cita o solicita una cotizaci\u00f3n<\/a>.<\/p>\n<p>[\/et_pb_text][\/et_pb_column][\/et_pb_row][\/et_pb_section]<\/p>\n","protected":false},"excerpt":{"rendered":"<p>&nbsp; &nbsp; Men\u00fa costura Inicio Servicios Instalaciones y equipo Clientes Contacto para costura Instalaciones y equipo En el Taller de costura CONFE contamos con la&nbsp;maquinaria&nbsp;y el&nbsp;espacio&nbsp;necesarios para darle&nbsp;el mejor de los servicios. 12 m\u00e1quinas rectas 4 m\u00e1quinas over de 3 hilos 2 m\u00e1quinas over de 5 hilos 2 m\u00e1quinas cortadoras de tela 1 mesa de [&hellip;]<\/p>\n","protected":false},"author":1,"featured_media":0,"parent":0,"menu_order":0,"comment_status":"open","ping_status":"open","template":"","meta":{"_et_pb_use_builder":"on","_et_pb_old_content":"","_et_gb_content_width":"","footnotes":""},"class_list":["post-688","page","type-page","status-publish","hentry"],"_links":{"self":[{"href":"https:\/\/confe.org\/index.php\/wp-json\/wp\/v2\/pages\/688","targetHints":{"allow":["GET"]}}],"collection":[{"href":"https:\/\/confe.org\/index.php\/wp-json\/wp\/v2\/pages"}],"about":[{"href":"https:\/\/confe.org\/index.php\/wp-json\/wp\/v2\/types\/page"}],"author":[{"embeddable":true,"href":"https:\/\/confe.org\/index.php\/wp-json\/wp\/v2\/users\/1"}],"replies":[{"embeddable":true,"href":"https:\/\/confe.org\/index.php\/wp-json\/wp\/v2\/comments?post=688"}],"version-history":[{"count":24,"href":"https:\/\/confe.org\/index.php\/wp-json\/wp\/v2\/pages\/688\/revisions"}],"predecessor-version":[{"id":3624,"href":"https:\/\/confe.org\/index.php\/wp-json\/wp\/v2\/pages\/688\/revisions\/3624"}],"wp:attachment":[{"href":"https:\/\/confe.org\/index.php\/wp-json\/wp\/v2\/media?parent=688"}],"curies":[{"name":"wp","href":"https:\/\/api.w.org\/{rel}","templated":true}]}}