{"id":71,"date":"2015-05-18T22:35:07","date_gmt":"2015-05-18T22:35:07","guid":{"rendered":"http:\/\/localhost:8888\/wordpress\/?page_id=71"},"modified":"2024-09-11T17:45:38","modified_gmt":"2024-09-11T17:45:38","slug":"transparencia","status":"publish","type":"page","link":"https:\/\/confe.org\/index.php\/transparencia\/","title":{"rendered":"Transparencia"},"content":{"rendered":"<p>[et_pb_section fb_built=&#8221;1&#8243; fullwidth=&#8221;on&#8221; admin_label=&#8221;section&#8221; _builder_version=&#8221;4.16&#8243; global_colors_info=&#8221;{}&#8221;][et_pb_fullwidth_menu menu_id=&#8221;4&#8243; submenu_direction=&#8221;downwards&#8221; fullwidth_menu=&#8221;off&#8221; dropdown_menu_bg_color=&#8221;#0d4989&#8243; dropdown_menu_text_color=&#8221;#ffffff&#8221; module_class=&#8221;fullWidthMenuPrin&#8221; _builder_version=&#8221;4.19.0&#8243; menu_font=&#8221;Lato|on|||&#8221; menu_font_size=&#8221;16px&#8221; background_color=&#8221;#06478b&#8221; background_layout=&#8221;dark&#8221; global_module=&#8221;1329&#8243; saved_tabs=&#8221;all&#8221; global_colors_info=&#8221;{}&#8221;][\/et_pb_fullwidth_menu][et_pb_fullwidth_code admin_label=&#8221;estilos de p\u00e1gina&#8221; _builder_version=&#8221;4.19.0&#8243; _module_preset=&#8221;default&#8221; custom_margin=&#8221;||0px||false|false&#8221; global_colors_info=&#8221;{}&#8221;]<\/p>\n<style><!-- [et_pb_line_break_holder] -->\t.et_pb_column.et_pb_column_3_4.et_pb_column_1.et_pb_css_mix_blend_mode_passthrough.et-last-child a { color: #00458d !important; }<!-- [et_pb_line_break_holder] -->  <!-- [et_pb_line_break_holder] -->  <!-- [et_pb_line_break_holder] --> .et_pb_column.et_pb_column_3_4.et_pb_column_1.et_pb_css_mix_blend_mode_passthrough.et-last-child .et_pb_module.et_pb_code.et_pb_code_0 { margin-top: 0px; }<!-- [et_pb_line_break_holder] --><\/style>\n<p>[\/et_pb_fullwidth_code][\/et_pb_section][et_pb_section fb_built=&#8221;1&#8243; fullwidth=&#8221;on&#8221; custom_padding_last_edited=&#8221;on|desktop&#8221; admin_label=&#8221;section&#8221; _builder_version=&#8221;4.16&#8243; background_color=&#8221;#2c589f&#8221; custom_padding_tablet=&#8221;50px|0|50px|0&#8243; custom_padding_phone=&#8221;&#8221; transparent_background=&#8221;off&#8221; padding_mobile=&#8221;off&#8221; make_fullwidth=&#8221;off&#8221; use_custom_width=&#8221;off&#8221; width_unit=&#8221;on&#8221; global_colors_info=&#8221;{}&#8221;][et_pb_fullwidth_header title=&#8221;Transparencia e informes anuales&#8221; _builder_version=&#8221;4.16&#8243; background_color=&#8221;rgba(255, 255, 255, 0)&#8221; background_image=&#8221;https:\/\/confe.org\/wp\/wp-content\/uploads\/2015\/05\/quienes-somos.jpg&#8221; background_url=&#8221;https:\/\/confe.org\/wp\/wp-content\/uploads\/2015\/05\/quienes-somos.jpg&#8221; button_one_border_radius_hover=&#8221;3&#8243; button_two_border_radius_hover=&#8221;3&#8243; button_one_letter_spacing_hover=&#8221;0&#8243; button_two_letter_spacing_hover=&#8221;0&#8243; global_colors_info=&#8221;{}&#8221; button_one_text_size__hover_enabled=&#8221;off&#8221; button_two_text_size__hover_enabled=&#8221;off&#8221; button_one_text_color__hover_enabled=&#8221;off&#8221; button_two_text_color__hover_enabled=&#8221;off&#8221; button_one_border_width__hover_enabled=&#8221;off&#8221; button_two_border_width__hover_enabled=&#8221;off&#8221; button_one_border_color__hover_enabled=&#8221;off&#8221; button_two_border_color__hover_enabled=&#8221;off&#8221; button_one_border_radius__hover_enabled=&#8221;on&#8221; button_one_border_radius__hover=&#8221;3&#8243; button_two_border_radius__hover_enabled=&#8221;on&#8221; button_two_border_radius__hover=&#8221;3&#8243; button_one_letter_spacing__hover_enabled=&#8221;on&#8221; button_one_letter_spacing__hover=&#8221;0&#8243; button_two_letter_spacing__hover_enabled=&#8221;on&#8221; button_two_letter_spacing__hover=&#8221;0&#8243; button_one_bg_color__hover_enabled=&#8221;off&#8221; button_two_bg_color__hover_enabled=&#8221;off&#8221;][\/et_pb_fullwidth_header][\/et_pb_section][et_pb_section fb_built=&#8221;1&#8243; _builder_version=&#8221;4.16&#8243; global_colors_info=&#8221;{}&#8221;][et_pb_row column_structure=&#8221;1_4,3_4&#8243; _builder_version=&#8221;4.16&#8243; background_size=&#8221;initial&#8221; background_position=&#8221;top_left&#8221; background_repeat=&#8221;repeat&#8221; global_colors_info=&#8221;{}&#8221;][et_pb_column type=&#8221;1_4&#8243; _builder_version=&#8221;4.16&#8243; custom_padding=&#8221;|||&#8221; global_colors_info=&#8221;{}&#8221; custom_padding__hover=&#8221;|||&#8221;][et_pb_text module_class=&#8221;mayusculas azul&#8221; _builder_version=&#8221;4.19.0&#8243; text_font=&#8221;Lato|on|||&#8221; text_font_size=&#8221;15&#8243; background_size=&#8221;initial&#8221; background_position=&#8221;top_left&#8221; background_repeat=&#8221;repeat&#8221; module_alignment=&#8221;left&#8221; use_border_color=&#8221;off&#8221; border_color=&#8221;#ffffff&#8221; border_style=&#8221;solid&#8221; global_module=&#8221;1656&#8243; saved_tabs=&#8221;all&#8221; global_colors_info=&#8221;{}&#8221;]<\/p>\n<h4 class=\"no_transform borde_inferior_azul\">Men\u00fa <span class=\"azul_span\">nosotros<\/span><\/h4>\n<p style=\"margin-top: 15px;\"><a href=\"https:\/\/confe.org\/index.php\/quienes-somos\/\">\u00bfQui\u00e9nes somos?<\/a><\/p>\n<p><a href=\"https:\/\/confe.org\/index.php\/que-es-la-discapacidad-intelectual\/\">\u00bfQu\u00e9 es la discapacidad intelectual?<\/a><\/p>\n<p><a href=\"https:\/\/confe.org\/index.php\/historia\/\">Historia<\/a><\/p>\n<p><a href=\"https:\/\/confe.org\/index.php\/transparencia\/\">Transparencia<\/a><\/p>\n<p><a href=\"https:\/\/confe.org\/index.php\/aviso-de-privacidad\/\">Aviso de privacidad<\/a><\/p>\n<p><!--\n\n\n\n<p><a href=\"https:\/\/confe.org\/index.php\/premios\/\">Premios<\/a><\/p>\n\n\n\n--><\/p>\n<p>[\/et_pb_text][et_pb_slider show_arrows=&#8221;off&#8221; show_pagination=&#8221;off&#8221; show_content_on_mobile=&#8221;off&#8221; show_cta_on_mobile=&#8221;off&#8221; module_class=&#8221;sombraTextosDark&#8221; _builder_version=&#8221;4.13.0&#8243; header_text_color=&#8221;#06478b&#8221; header_font_size=&#8221;18&#8243; background_position=&#8221;top_left&#8221; custom_button=&#8221;on&#8221; button_border_width=&#8221;3&#8243; button_border_color=&#8221;#ffffff&#8221; button_border_radius=&#8221;7&#8243; button_font=&#8221;Gloria Hallelujah||||&#8221; button_icon=&#8221;&#xe030;||divi||400&#8243; custom_padding=&#8221;|||&#8221; custom_padding_tablet=&#8221;|||&#8221; custom_padding_phone=&#8221;|||&#8221; auto=&#8221;on&#8221; auto_speed=&#8221;3000&#8243; remove_inner_shadow=&#8221;off&#8221; hide_content_on_mobile=&#8221;off&#8221; hide_cta_on_mobile=&#8221;off&#8221; show_inner_shadow=&#8221;off&#8221; button_border_radius_hover=&#8221;0&#8243; button_letter_spacing_hover=&#8221;0&#8243; global_module=&#8221;2895&#8243; saved_tabs=&#8221;all&#8221; global_colors_info=&#8221;{}&#8221; button_text_size__hover_enabled=&#8221;off&#8221; button_one_text_size__hover_enabled=&#8221;off&#8221; button_two_text_size__hover_enabled=&#8221;off&#8221; button_text_color__hover_enabled=&#8221;off&#8221; button_one_text_color__hover_enabled=&#8221;off&#8221; button_two_text_color__hover_enabled=&#8221;off&#8221; button_border_width__hover_enabled=&#8221;off&#8221; button_one_border_width__hover_enabled=&#8221;off&#8221; button_two_border_width__hover_enabled=&#8221;off&#8221; button_border_color__hover_enabled=&#8221;off&#8221; button_one_border_color__hover_enabled=&#8221;off&#8221; button_two_border_color__hover_enabled=&#8221;off&#8221; button_border_radius__hover_enabled=&#8221;on&#8221; button_border_radius__hover=&#8221;0&#8243; button_one_border_radius__hover_enabled=&#8221;off&#8221; button_two_border_radius__hover_enabled=&#8221;off&#8221; button_letter_spacing__hover_enabled=&#8221;on&#8221; button_letter_spacing__hover=&#8221;0&#8243; button_one_letter_spacing__hover_enabled=&#8221;off&#8221; button_two_letter_spacing__hover_enabled=&#8221;off&#8221; button_bg_color__hover_enabled=&#8221;off&#8221; button_one_bg_color__hover_enabled=&#8221;off&#8221; button_two_bg_color__hover_enabled=&#8221;off&#8221;][et_pb_slide heading=&#8221;Tu donaci\u00f3n es indispensable&#8221; button_text=&#8221;Dona&#8221; button_link=&#8221;https:\/\/alwayson.recaudia.com\/confe&#8221; use_bg_overlay=&#8221;off&#8221; use_text_overlay=&#8221;off&#8221; _builder_version=&#8221;4.15&#8243; header_level=&#8221;h1&#8243; header_font=&#8221;||||||||&#8221; body_font=&#8221;||||||||&#8221; body_text_color=&#8221;#06478b&#8221; body_font_size=&#8221;2&#8243; background_color=&#8221;#ffffff&#8221; background_image=&#8221;https:\/\/confe.org\/wp\/wp-content\/uploads\/2015\/06\/dona-llamado-accion13.jpg&#8221; background_position=&#8221;top_left&#8221; custom_button=&#8221;on&#8221; button_text_color=&#8221;#ffffff&#8221; button_bg_color=&#8221;#06478b&#8221; button_border_width=&#8221;2&#8243; button_border_color=&#8221;#ffffff&#8221; button_border_radius=&#8221;3&#8243; button_font=&#8221;||||||||&#8221; button_use_icon=&#8221;on&#8221; button_icon=&#8221;&#xe089;||divi||400&#8243; button_icon_color=&#8221;#ffffff&#8221; button_icon_placement=&#8221;right&#8221; button_on_hover=&#8221;on&#8221; background_layout=&#8221;light&#8221; body_font_size_tablet=&#8221;2&#8243; body_font_size_phone=&#8221;2&#8243; global_colors_info=&#8221;{}&#8221; sticky_transition=&#8221;on&#8221; button_text_size__hover_enabled=&#8221;off&#8221; button_one_text_size__hover_enabled=&#8221;off&#8221; button_two_text_size__hover_enabled=&#8221;off&#8221; button_text_color__hover_enabled=&#8221;off&#8221; button_one_text_color__hover_enabled=&#8221;off&#8221; button_two_text_color__hover_enabled=&#8221;off&#8221; button_border_width__hover_enabled=&#8221;off&#8221; button_one_border_width__hover_enabled=&#8221;off&#8221; button_two_border_width__hover_enabled=&#8221;off&#8221; button_border_color__hover_enabled=&#8221;off&#8221; button_one_border_color__hover_enabled=&#8221;off&#8221; button_two_border_color__hover_enabled=&#8221;off&#8221; button_border_radius__hover_enabled=&#8221;off&#8221; button_one_border_radius__hover_enabled=&#8221;off&#8221; button_two_border_radius__hover_enabled=&#8221;off&#8221; button_letter_spacing__hover_enabled=&#8221;off&#8221; button_one_letter_spacing__hover_enabled=&#8221;off&#8221; button_two_letter_spacing__hover_enabled=&#8221;off&#8221; button_bg_color__hover_enabled=&#8221;off&#8221; button_one_bg_color__hover_enabled=&#8221;off&#8221; button_two_bg_color__hover_enabled=&#8221;off&#8221;][\/et_pb_slide][et_pb_slide heading=&#8221;Muchos te lo agradecer\u00e1n&#8221; button_text=&#8221;Dona&#8221; button_link=&#8221;https:\/\/confe.org\/index.php\/dona\/&#8221; _builder_version=&#8221;4.16&#8243; background_color=&#8221;#ffffff&#8221; background_image=&#8221;https:\/\/confe.org\/wp\/wp-content\/uploads\/2015\/06\/dona-llamado-accion23.jpg&#8221; custom_button=&#8221;on&#8221; button_text_color=&#8221;#ffffff&#8221; button_bg_color=&#8221;#06478b&#8221; button_border_width=&#8221;2&#8243; button_border_color=&#8221;#ffffff&#8221; button_border_radius=&#8221;0&#8243; button_icon=&#8221;&#xe089;||divi||400&#8243; button_icon_placement=&#8221;right&#8221; button_on_hover=&#8221;on&#8221; background_layout=&#8221;light&#8221; global_colors_info=&#8221;{}&#8221; sticky_transition=&#8221;on&#8221; button_text_size__hover_enabled=&#8221;off&#8221; button_one_text_size__hover_enabled=&#8221;off&#8221; button_two_text_size__hover_enabled=&#8221;off&#8221; button_text_color__hover_enabled=&#8221;off&#8221; button_one_text_color__hover_enabled=&#8221;off&#8221; button_two_text_color__hover_enabled=&#8221;off&#8221; button_border_width__hover_enabled=&#8221;off&#8221; button_one_border_width__hover_enabled=&#8221;off&#8221; button_two_border_width__hover_enabled=&#8221;off&#8221; button_border_color__hover_enabled=&#8221;off&#8221; button_one_border_color__hover_enabled=&#8221;off&#8221; button_two_border_color__hover_enabled=&#8221;off&#8221; button_border_radius__hover_enabled=&#8221;off&#8221; button_one_border_radius__hover_enabled=&#8221;off&#8221; button_two_border_radius__hover_enabled=&#8221;off&#8221; button_letter_spacing__hover_enabled=&#8221;off&#8221; button_one_letter_spacing__hover_enabled=&#8221;off&#8221; button_two_letter_spacing__hover_enabled=&#8221;off&#8221; button_bg_color__hover_enabled=&#8221;off&#8221; button_one_bg_color__hover_enabled=&#8221;off&#8221; button_two_bg_color__hover_enabled=&#8221;off&#8221;][\/et_pb_slide][\/et_pb_slider][\/et_pb_column][et_pb_column type=&#8221;3_4&#8243; _builder_version=&#8221;4.16&#8243; custom_padding=&#8221;|||&#8221; global_colors_info=&#8221;{}&#8221; custom_padding__hover=&#8221;|||&#8221;][et_pb_code _builder_version=&#8221;4.19.0&#8243; _module_preset=&#8221;default&#8221; hover_enabled=&#8221;0&#8243; global_colors_info=&#8221;{}&#8221; sticky_enabled=&#8221;0&#8243;]<\/p>\n<h2>Transparencia e <span class=\"azul_span\">informes anuales<\/span><\/h2>\n<p><!-- [et_pb_line_break_holder] -->En aras de ser una red transparente:<!-- [et_pb_line_break_holder] --><\/p>\n<ul class=\"listas mt15\"><!-- [et_pb_line_break_holder] -->\t<\/p>\n<li>Contamos con estatutos p\u00fablicos que regulan nuestro funcionamiento.<\/li>\n<p><!-- [et_pb_line_break_holder] -->\t<\/p>\n<li>Promocionamos abiertamente que nuestro fin es social y sin \u00e1nimos de lucro.<\/li>\n<p><!-- [et_pb_line_break_holder] -->\t<\/p>\n<li>Exponemos p\u00fablicamente nuestros planes de trabajo y su seguimiento.<\/li>\n<p><!-- [et_pb_line_break_holder] -->\t<\/p>\n<li>Hacemos transparentes las donaciones que se nos hacen.<\/li>\n<p><!-- [et_pb_line_break_holder] -->\t<\/p>\n<li>Buscamos la pluralidad en las fuentes de financiamiento.<\/li>\n<p><!-- [et_pb_line_break_holder] -->\t<\/p>\n<li>Rendimos cuentas a la sociedad y al gobierno, seg\u00fan lo dispone la Ley Federal de Fomento a las Actividades Realizadas por Organizaciones de la Sociedad Civil (estamos registrados en el Registro Federal de las Organizaciones de la Sociedad Civil con la clave \u00fanica de inscripci\u00f3n CMO95062309012; para m\u00e1s detalles, visita el sitio <a href=\"http:\/\/166.78.45.36\/portal\/?cluni=&#038;nombre=&#038;acronimo=confe&#038;rfc=&#038;status_osc=&#038;status_sancion=&#038;figura_juridica=&#038;estado=&#038;municipio=&#038;asentamiento=&#038;cp=&#038;rep_nombre=&#038;rep_apaterno=&#038;rep_amaterno=&#038;num_notaria=&#038;objeto_social=&#038;red=&#038;advanced=\">www.corresponsabilidad.gob.mx<\/a> y b\u00fascanos por esa clave o por CONFE).<\/li>\n<p><!-- [et_pb_line_break_holder] --><\/ul>\n<p><!-- [et_pb_line_break_holder] -->Contacto para asuntos relacionados a la <strong>Red Nacional de Organizaciones CONFE<\/strong>: Lic. Gabriela Mart\u00ednez, Coordinadora, <a href=\"mailto:red@confe.org.mx\">red@confe.org.mx<\/a><!-- [et_pb_line_break_holder] --><!-- [et_pb_line_break_holder] -->Contacto para asuntos relacionados a la <strong>transparencia<\/strong>:<!-- [et_pb_line_break_holder] -->Tel\u00e9fonos: <a href=\"tel:5552921390\">5292 1390<\/a> y <a href=\"tel:5552921392\">5292 1392<\/a>, <a href=\"mailto:informacion@confe.org.mx\">informacion@confe.org.mx<\/a><!-- [et_pb_line_break_holder] --><\/p>\n<h2 style=\"margin-top: 30px;\">Informes anuales <span class=\"azul_span\">CONFE<\/span><\/h2>\n<p><!-- [et_pb_line_break_holder] -->Nuestros informes se encuentran en PDF y los puedes descargar desde las siguientes ligas:<!-- [et_pb_line_break_holder] --><\/p>\n<ul class=\"listas mt15\"><!-- [et_pb_line_break_holder] -->  <\/p>\n<li>Informe 2023 IAP<strong>(<a href=\"https:\/\/confe.org\/wp-content\/uploads\/2024\/09\/I_A_P_INFORME_ANUAL_2023.pdf\" target=\"_blank\" rel=\"noopener noreferrer\">INFORME_IAP_CONFE_2023<\/a>)<\/strong><\/li>\n<p><!-- [et_pb_line_break_holder] -->  <\/p>\n<li>Informe 2023 <strong>(<a href=\"https:\/\/confe.org\/wp-content\/uploads\/2024\/09\/A_C_INFORME_ANUAL_2023.pdf\" target=\"_blank\" rel=\"noopener noreferrer\">INFORME_CONFE_2023<\/a>)<\/strong><\/li>\n<p><!-- [et_pb_line_break_holder] -->\t<\/p>\n<li>Informe 2022 <strong>(<a href=\"https:\/\/confe.org\/wp-content\/uploads\/2023\/08\/INFORME-ANUAL-CONFE-2022.pdf\" target=\"_blank\" rel=\"noopener noreferrer\">INFORME_CONFE_2022<\/a>)<\/strong><\/li>\n<p><!-- [et_pb_line_break_holder] -->\t<\/p>\n<li>Informe 2021 en ingl\u00e9s <strong>(<a href=\"https:\/\/confe.org\/wp-content\/uploads\/2022\/09\/ANNUAL-REPORT-CONFE-2021.pdf\" target=\"_blank\" rel=\"noopener noreferrer\">INFORME_CONFE_2021<\/a>)<\/strong><\/li>\n<p><!-- [et_pb_line_break_holder] -->\t<\/p>\n<li>Informe 2021 <strong>(<a href=\"https:\/\/confe.org\/wp-content\/uploads\/2022\/05\/INFORME_ANUAL_CONFE_2021.pdf\" target=\"_blank\" rel=\"noopener noreferrer\">INFORME_CONFE_2021<\/a>)<\/strong><\/li>\n<p><!-- [et_pb_line_break_holder] -->\t<\/p>\n<li>Informe 2020 <strong>(<a href=\"https:\/\/confe.org\/wp-content\/uploads\/2021\/06\/INFORMEANUALCONFE2020.pdf\" target=\"_blank\" rel=\"noopener noreferrer\">INFORME_CONFE_2020<\/a>)<\/strong><\/li>\n<p><!-- [et_pb_line_break_holder] -->\t<\/p>\n<li>Informe 2020 en ingl\u00e9s<strong> (<a href=\"https:\/\/confe.org\/wp-content\/uploads\/2021\/06\/ANNUALREPORTCONFE2020.pdf\" target=\"_blank\" rel=\"noopener noreferrer\">INFORME_CONFE_2020<\/a>)<\/strong><\/li>\n<p><!-- [et_pb_line_break_holder] -->\t<\/p>\n<li>Informe 2019 <strong>(<a href=\"https:\/\/confe.org\/wp-content\/uploads\/2020\/06\/INFORME2019.pdf\" target=\"_blank\" rel=\"noopener noreferrer\">INFORME_CONFE_2019<\/a>)<\/strong><\/li>\n<p><!-- [et_pb_line_break_holder] -->\t<\/p>\n<li>Informe 2019 en ingl\u00e9s<strong> (<a href=\"https:\/\/confe.org\/wp-content\/uploads\/2020\/06\/ANNUALREPORT2019.pdf\" target=\"_blank\" rel=\"noopener noreferrer\">INFORME_CONFE_2019<\/a>)<\/strong><\/li>\n<p><!-- [et_pb_line_break_holder] -->\t<\/p>\n<li>Informe 2018 <strong>(<a href=\"https:\/\/confe.org\/wp-content\/uploads\/2020\/02\/INFORMEANUAL2018.pdf\" target=\"_blank\" rel=\"noopener noreferrer\">INFORME_CONFE_2018<\/a>)<\/strong><\/li>\n<p><!-- [et_pb_line_break_holder] -->\t<\/p>\n<li>Informe 2017 <strong>(<a href=\"https:\/\/confe.org\/wp-content\/uploads\/2015\/05\/INFORME_CONFE_2017.pdf\" target=\"_blank\" rel=\"noopener noreferrer\">INFORME_CONFE_2017<\/a>)<\/strong><\/li>\n<p><!-- [et_pb_line_break_holder] -->\t<\/p>\n<li>Informe 2015 <strong>(<a href=\"https:\/\/confe.org\/wp-content\/uploads\/2016\/10\/CONFE-AC.pdf\" target=\"_blank\" rel=\"noopener noreferrer\">INFORME_CONFE_2015<\/a>)<\/strong><\/li>\n<p><!-- [et_pb_line_break_holder] -->\t<\/p>\n<li>Informe 2014 <strong>(<a href=\"https:\/\/confe.org\/wp-content\/uploads\/2016\/01\/Informe-2014-ok.pdf\" target=\"_blank\" rel=\"noopener noreferrer\">INFORME_CONFE_2014<\/a>)<\/strong><\/li>\n<p><!-- [et_pb_line_break_holder] -->\t<\/p>\n<li>Informe 2013 <strong>(<a href=\"https:\/\/confe.org\/wp-content\/uploads\/2015\/12\/Informe_CONFE-2013.pdf\" target=\"_blank\" rel=\"noopener noreferrer\">INFORME_CONFE_2013<\/a>)<\/strong><\/li>\n<p><!-- [et_pb_line_break_holder] -->\t<\/p>\n<li>Informe 2012 <strong>(<a href=\"https:\/\/confe.org\/wp-content\/uploads\/2015\/12\/informe_CONFE-2012.pdf\" target=\"_blank\" rel=\"noopener noreferrer\">INFORME_CONFE_2012<\/a>)<\/strong><\/li>\n<p><!-- [et_pb_line_break_holder] -->\t<\/p>\n<li>Informe 2010-2011 <strong>(<a href=\"https:\/\/confe.org\/wp-content\/uploads\/2015\/12\/informe_CONFE-2010-2011.pdf\" target=\"_blank\" rel=\"noopener noreferrer\">informe_CONFE-2010-2011<\/a>)<\/strong><\/li>\n<p><!-- [et_pb_line_break_holder] -->\t<\/p>\n<li>Informe 2009 <strong>(<a href=\"https:\/\/confe.org\/wp-content\/uploads\/2015\/12\/informe_CONFE-2009.pdf\" target=\"_blank\" rel=\"noopener noreferrer\">INFORME_CONFE_2009<\/a>)<\/strong><\/li>\n<p><!-- [et_pb_line_break_holder] -->\t<\/p>\n<li>Informe 2008 <strong>(<a href=\"https:\/\/confe.org\/wp-content\/uploads\/2016\/09\/InformeCONFE2008.pdf\" target=\"_blank\" rel=\"noopener noreferrer\">INFORME_CONFE_2008<\/a>)<\/strong><\/li>\n<p><!-- [et_pb_line_break_holder] --><\/ul>\n<p><!-- [et_pb_line_break_holder] --><\/p>\n<h2>Informes anuales <span class=\"azul_span\">CONFE I.A.P.<\/span><\/h2>\n<p><!-- [et_pb_line_break_holder] --><\/p>\n<ul class=\"listas mt15\"><!-- [et_pb_line_break_holder] -->\t<\/p>\n<li>Informe 2015 <a href=\"https:\/\/confe.org\/wp-content\/uploads\/2016\/10\/IAP.pdf\"><strong>Instituci\u00f3n_CONFE_2015.PDF<\/strong><\/a><\/li>\n<p><!-- [et_pb_line_break_holder] -->\t<\/p>\n<li>Informe 2014 <a href=\"https:\/\/confe.org\/wp-content\/uploads\/2016\/10\/Informe-Anual-2014-Institucion-Confe-IAP.pdf\"><strong>Instituci\u00f3n_CONFE_2014.PDF<\/strong><\/a><\/li>\n<p><!-- [et_pb_line_break_holder] --><\/ul>\n<p><!-- [et_pb_line_break_holder] --><\/p>\n<h2>Residencia Hogar <span class=\"azul_span\">Jos\u00e9 Barroso Ch\u00e1vez I.A.P.<\/span><\/h2>\n<p><!-- [et_pb_line_break_holder] --><\/p>\n<ul class=\"listas mt15\"><!-- [et_pb_line_break_holder] -->\t<\/p>\n<li>Informe anual 2015 <a href=\"https:\/\/confe.org\/wp-content\/uploads\/2016\/10\/RESIDENCIA.pdf\">Informe_Residencia_2015.pdf<\/a>.<\/li>\n<p><!-- [et_pb_line_break_holder] --><\/ul>\n<p>[\/et_pb_code][\/et_pb_column][\/et_pb_row][\/et_pb_section][et_pb_section fb_built=&#8221;1&#8243; fullwidth=&#8221;on&#8221; custom_padding_last_edited=&#8221;on|desktop&#8221; admin_label=&#8221;section&#8221; module_class=&#8221;centrar&#8221; _builder_version=&#8221;4.16&#8243; background_color=&#8221;#f2f2f2&#8243; custom_padding_tablet=&#8221;50px|0|50px|0&#8243; custom_padding_phone=&#8221;&#8221; transparent_background=&#8221;off&#8221; padding_mobile=&#8221;off&#8221; make_fullwidth=&#8221;off&#8221; use_custom_width=&#8221;off&#8221; width_unit=&#8221;on&#8221; global_colors_info=&#8221;{}&#8221;][et_pb_fullwidth_header title=&#8221;Lo normal es un trato normal. Este es nuestro lema: \u00a1hazlo tuyo!&#8221; subhead=&#8221;Nuestra meta, lograr que las personas con discapacidad intelectual reciban un trato normal que les permita sentirse integrantes dignos de la comunidad.&#8221; content_max_width=&#8221;none&#8221; module_id=&#8221;centrar&#8221; _builder_version=&#8221;4.16&#8243; background_color=&#8221;rgba(255, 255, 255, 0)&#8221; background_image=&#8221;https:\/\/confe.org\/wp\/wp-content\/uploads\/2015\/05\/portada-fondo3.jpg&#8221; background_layout=&#8221;light&#8221; custom_css_header_container=&#8221;text-align:center !important;&#8221; background_url=&#8221;https:\/\/confe.org\/wp\/wp-content\/uploads\/2015\/05\/portada-fondo3.jpg&#8221; button_one_border_radius_hover=&#8221;3&#8243; button_two_border_radius_hover=&#8221;3&#8243; button_one_letter_spacing_hover=&#8221;0&#8243; button_two_letter_spacing_hover=&#8221;0&#8243; global_colors_info=&#8221;{}&#8221; button_one_text_size__hover_enabled=&#8221;off&#8221; button_two_text_size__hover_enabled=&#8221;off&#8221; button_one_text_color__hover_enabled=&#8221;off&#8221; button_two_text_color__hover_enabled=&#8221;off&#8221; button_one_border_width__hover_enabled=&#8221;off&#8221; button_two_border_width__hover_enabled=&#8221;off&#8221; button_one_border_color__hover_enabled=&#8221;off&#8221; button_two_border_color__hover_enabled=&#8221;off&#8221; button_one_border_radius__hover_enabled=&#8221;on&#8221; button_one_border_radius__hover=&#8221;3&#8243; button_two_border_radius__hover_enabled=&#8221;on&#8221; button_two_border_radius__hover=&#8221;3&#8243; button_one_letter_spacing__hover_enabled=&#8221;on&#8221; button_one_letter_spacing__hover=&#8221;0&#8243; button_two_letter_spacing__hover_enabled=&#8221;on&#8221; button_two_letter_spacing__hover=&#8221;0&#8243; button_one_bg_color__hover_enabled=&#8221;off&#8221; button_two_bg_color__hover_enabled=&#8221;off&#8221;][\/et_pb_fullwidth_header][\/et_pb_section]<\/p>\n","protected":false},"excerpt":{"rendered":"<p>Men\u00fa nosotros \u00bfQui\u00e9nes somos? \u00bfQu\u00e9 es la discapacidad intelectual? Historia Transparencia Aviso de privacidad<\/p>\n","protected":false},"author":1,"featured_media":0,"parent":0,"menu_order":0,"comment_status":"open","ping_status":"open","template":"","meta":{"_et_pb_use_builder":"on","_et_pb_old_content":"","_et_gb_content_width":"","footnotes":""},"class_list":["post-71","page","type-page","status-publish","hentry"],"_links":{"self":[{"href":"https:\/\/confe.org\/index.php\/wp-json\/wp\/v2\/pages\/71","targetHints":{"allow":["GET"]}}],"collection":[{"href":"https:\/\/confe.org\/index.php\/wp-json\/wp\/v2\/pages"}],"about":[{"href":"https:\/\/confe.org\/index.php\/wp-json\/wp\/v2\/types\/page"}],"author":[{"embeddable":true,"href":"https:\/\/confe.org\/index.php\/wp-json\/wp\/v2\/users\/1"}],"replies":[{"embeddable":true,"href":"https:\/\/confe.org\/index.php\/wp-json\/wp\/v2\/comments?post=71"}],"version-history":[{"count":72,"href":"https:\/\/confe.org\/index.php\/wp-json\/wp\/v2\/pages\/71\/revisions"}],"predecessor-version":[{"id":9554,"href":"https:\/\/confe.org\/index.php\/wp-json\/wp\/v2\/pages\/71\/revisions\/9554"}],"wp:attachment":[{"href":"https:\/\/confe.org\/index.php\/wp-json\/wp\/v2\/media?parent=71"}],"curies":[{"name":"wp","href":"https:\/\/api.w.org\/{rel}","templated":true}]}}