{"id":718,"date":"2015-06-04T00:57:49","date_gmt":"2015-06-04T00:57:49","guid":{"rendered":"http:\/\/confe.org\/wp\/?page_id=718"},"modified":"2024-08-27T16:02:06","modified_gmt":"2024-08-27T16:02:06","slug":"galletas-nuestras-galletas","status":"publish","type":"page","link":"https:\/\/confe.org\/index.php\/galletas-nuestras-galletas\/","title":{"rendered":"Galletas, nuestras galletas"},"content":{"rendered":"<p>[et_pb_section fb_built=&#8221;1&#8243; fullwidth=&#8221;on&#8221; admin_label=&#8221;section&#8221; _builder_version=&#8221;4.16&#8243; global_colors_info=&#8221;{}&#8221;][et_pb_fullwidth_menu menu_id=&#8221;7&#8243; submenu_direction=&#8221;downwards&#8221; fullwidth_menu=&#8221;off&#8221; _builder_version=&#8221;4.16&#8243; menu_font=&#8221;Lato Light|on|||&#8221; menu_font_size=&#8221;15px&#8221; background_color=&#8221;#ef3939&#8243; background_layout=&#8221;dark&#8221; global_colors_info=&#8221;{}&#8221;][\/et_pb_fullwidth_menu][\/et_pb_section][et_pb_section fb_built=&#8221;1&#8243; fullwidth=&#8221;on&#8221; custom_padding_last_edited=&#8221;on|desktop&#8221; admin_label=&#8221;section&#8221; _builder_version=&#8221;4.16&#8243; background_color=&#8221;#ffffff&#8221; background_image=&#8221;https:\/\/confe.org\/wp\/wp-content\/uploads\/2015\/05\/fondo_galletas.jpg&#8221; custom_padding_tablet=&#8221;50px|0|50px|0&#8243; custom_padding_phone=&#8221;&#8221; transparent_background=&#8221;off&#8221; padding_mobile=&#8221;off&#8221; make_fullwidth=&#8221;off&#8221; use_custom_width=&#8221;off&#8221; width_unit=&#8221;on&#8221; global_colors_info=&#8221;{}&#8221;][et_pb_fullwidth_header title=&#8221;Galletas finas&#8221; content_max_width=&#8221;none&#8221; module_class=&#8221;et_pb_bg_layout&#8221; _builder_version=&#8221;4.16&#8243; background_color=&#8221;rgba(255, 255, 255, 0)&#8221; background_layout=&#8221;light&#8221; button_one_border_radius_hover=&#8221;3&#8243; button_two_border_radius_hover=&#8221;3&#8243; button_one_letter_spacing_hover=&#8221;0&#8243; button_two_letter_spacing_hover=&#8221;0&#8243; global_colors_info=&#8221;{}&#8221; button_one_text_size__hover_enabled=&#8221;off&#8221; button_two_text_size__hover_enabled=&#8221;off&#8221; button_one_text_color__hover_enabled=&#8221;off&#8221; button_two_text_color__hover_enabled=&#8221;off&#8221; button_one_border_width__hover_enabled=&#8221;off&#8221; button_two_border_width__hover_enabled=&#8221;off&#8221; button_one_border_color__hover_enabled=&#8221;off&#8221; button_two_border_color__hover_enabled=&#8221;off&#8221; button_one_border_radius__hover_enabled=&#8221;on&#8221; button_one_border_radius__hover=&#8221;3&#8243; button_two_border_radius__hover_enabled=&#8221;on&#8221; button_two_border_radius__hover=&#8221;3&#8243; button_one_letter_spacing__hover_enabled=&#8221;on&#8221; button_one_letter_spacing__hover=&#8221;0&#8243; button_two_letter_spacing__hover_enabled=&#8221;on&#8221; button_two_letter_spacing__hover=&#8221;0&#8243; button_one_bg_color__hover_enabled=&#8221;off&#8221; button_two_bg_color__hover_enabled=&#8221;off&#8221;][\/et_pb_fullwidth_header][\/et_pb_section][et_pb_section fb_built=&#8221;1&#8243; _builder_version=&#8221;4.16&#8243; global_colors_info=&#8221;{}&#8221;][et_pb_row column_structure=&#8221;1_4,3_4&#8243; _builder_version=&#8221;4.16&#8243; background_size=&#8221;initial&#8221; background_position=&#8221;top_left&#8221; background_repeat=&#8221;repeat&#8221; global_colors_info=&#8221;{}&#8221;][et_pb_column type=&#8221;1_4&#8243; _builder_version=&#8221;4.16&#8243; custom_padding=&#8221;|||&#8221; global_colors_info=&#8221;{}&#8221; custom_padding__hover=&#8221;|||&#8221;][et_pb_text module_class=&#8221;mayusculas rosa_talleres&#8221; _builder_version=&#8221;3.0.85&#8243; text_font=&#8221;Lato|on|||&#8221; text_text_color=&#8221;#ef3939&#8243; text_font_size=&#8221;15&#8243; background_size=&#8221;initial&#8221; background_position=&#8221;top_left&#8221; background_repeat=&#8221;repeat&#8221; module_alignment=&#8221;left&#8221; global_module=&#8221;1504&#8243; saved_tabs=&#8221;all&#8221; global_colors_info=&#8221;{}&#8221;]<\/p>\n<h4 class=\"borde_inferior no_transform\">Men\u00fa <span class=\"rosa_talleres_span\">Galletas<\/span><\/h4>\n<p><a href=\"https:\/\/confe.org\/index.php\/galletas-finas\/\">Inicio<\/a><\/p>\n<p><a href=\"https:\/\/confe.org\/index.php\/galletas-nuestras-galletas\/\">Nuestras galletas<\/a><\/p>\n<p><a href=\"https:\/\/confe.org\/index.php\/galletas-instalaciones-y-equipo\/\">Instalaciones y equipo<\/a><\/p>\n<p><a href=\"https:\/\/confe.org\/index.php\/galletas-clientes\/\">Clientes<\/a><\/p>\n<p><a href=\"https:\/\/confe.org\/index.php\/galletas-contacto\/\">Contacto<\/a><\/p>\n<p>[\/et_pb_text][et_pb_slider show_arrows=&#8221;off&#8221; show_pagination=&#8221;off&#8221; show_content_on_mobile=&#8221;off&#8221; show_cta_on_mobile=&#8221;off&#8221; module_class=&#8221;sombraTextosLight&#8221; _builder_version=&#8221;3.0.99&#8243; background_position=&#8221;top_left&#8221; custom_padding=&#8221;|||&#8221; custom_padding_tablet=&#8221;|||&#8221; custom_padding_phone=&#8221;|||&#8221; auto=&#8221;on&#8221; auto_speed=&#8221;3000&#8243; remove_inner_shadow=&#8221;off&#8221; hide_content_on_mobile=&#8221;off&#8221; hide_cta_on_mobile=&#8221;off&#8221; show_inner_shadow=&#8221;off&#8221; button_border_radius_hover=&#8221;3&#8243; button_letter_spacing_hover=&#8221;0&#8243; global_module=&#8221;2962&#8243; saved_tabs=&#8221;all&#8221; global_colors_info=&#8221;{}&#8221; button_text_size__hover_enabled=&#8221;off&#8221; button_one_text_size__hover_enabled=&#8221;off&#8221; button_two_text_size__hover_enabled=&#8221;off&#8221; button_text_color__hover_enabled=&#8221;off&#8221; button_one_text_color__hover_enabled=&#8221;off&#8221; button_two_text_color__hover_enabled=&#8221;off&#8221; button_border_width__hover_enabled=&#8221;off&#8221; button_one_border_width__hover_enabled=&#8221;off&#8221; button_two_border_width__hover_enabled=&#8221;off&#8221; button_border_color__hover_enabled=&#8221;off&#8221; button_one_border_color__hover_enabled=&#8221;off&#8221; button_two_border_color__hover_enabled=&#8221;off&#8221; button_border_radius__hover_enabled=&#8221;on&#8221; button_border_radius__hover=&#8221;3&#8243; button_one_border_radius__hover_enabled=&#8221;off&#8221; button_two_border_radius__hover_enabled=&#8221;off&#8221; button_letter_spacing__hover_enabled=&#8221;on&#8221; button_letter_spacing__hover=&#8221;0&#8243; button_one_letter_spacing__hover_enabled=&#8221;off&#8221; button_two_letter_spacing__hover_enabled=&#8221;off&#8221; button_bg_color__hover_enabled=&#8221;off&#8221; button_one_bg_color__hover_enabled=&#8221;off&#8221; button_two_bg_color__hover_enabled=&#8221;off&#8221;][et_pb_slide heading=&#8221;Tu donaci\u00f3n es importante&#8221; button_text=&#8221;Dona&#8221; button_link=&#8221;https:\/\/alwayson.recaudia.com\/confe&#8221; use_bg_overlay=&#8221;off&#8221; use_text_overlay=&#8221;off&#8221; _builder_version=&#8221;4.15&#8243; header_level=&#8221;h1&#8243; header_font=&#8221;||||||||&#8221; header_text_color=&#8221;#ef3939&#8243; header_font_size=&#8221;18&#8243; body_font=&#8221;||||||||&#8221; background_color=&#8221;#ffffff&#8221; background_image=&#8221;https:\/\/confe.org\/wp\/wp-content\/uploads\/2015\/06\/dona-llamado-accion13.jpg&#8221; background_position=&#8221;top_left&#8221; custom_button=&#8221;on&#8221; button_text_color=&#8221;#ffffff&#8221; button_bg_color=&#8221;#ef3939&#8243; button_border_color=&#8221;#ffffff&#8221; button_font=&#8221;||||||||&#8221; button_use_icon=&#8221;on&#8221; button_icon=&#8221;&#xe089;||divi||400&#8243; button_icon_color=&#8221;#ffffff&#8221; button_icon_placement=&#8221;right&#8221; button_on_hover=&#8221;on&#8221; header_font_size_tablet=&#8221;18&#8243; header_font_size_phone=&#8221;18&#8243; global_colors_info=&#8221;{}&#8221; sticky_transition=&#8221;on&#8221; button_text_size__hover_enabled=&#8221;off&#8221; button_one_text_size__hover_enabled=&#8221;off&#8221; button_two_text_size__hover_enabled=&#8221;off&#8221; button_text_color__hover_enabled=&#8221;off&#8221; button_one_text_color__hover_enabled=&#8221;off&#8221; button_two_text_color__hover_enabled=&#8221;off&#8221; button_border_width__hover_enabled=&#8221;off&#8221; button_one_border_width__hover_enabled=&#8221;off&#8221; button_two_border_width__hover_enabled=&#8221;off&#8221; button_border_color__hover_enabled=&#8221;off&#8221; button_one_border_color__hover_enabled=&#8221;off&#8221; button_two_border_color__hover_enabled=&#8221;off&#8221; button_border_radius__hover_enabled=&#8221;off&#8221; button_one_border_radius__hover_enabled=&#8221;off&#8221; button_two_border_radius__hover_enabled=&#8221;off&#8221; button_letter_spacing__hover_enabled=&#8221;off&#8221; button_one_letter_spacing__hover_enabled=&#8221;off&#8221; button_two_letter_spacing__hover_enabled=&#8221;off&#8221; button_bg_color__hover_enabled=&#8221;off&#8221; button_one_bg_color__hover_enabled=&#8221;off&#8221; button_two_bg_color__hover_enabled=&#8221;off&#8221;][\/et_pb_slide][et_pb_slide heading=&#8221;Muchos te lo agradecer\u00e1n&#8221; button_text=&#8221;Dona&#8221; button_link=&#8221;https:\/\/confe.org\/index.php\/dona\/&#8221; _builder_version=&#8221;4.16&#8243; header_text_color=&#8221;#ef3939&#8243; header_font_size=&#8221;18&#8243; background_color=&#8221;#ffffff&#8221; background_image=&#8221;https:\/\/confe.org\/wp\/wp-content\/uploads\/2015\/06\/dona-llamado-accion23.jpg&#8221; custom_button=&#8221;on&#8221; button_text_color=&#8221;#ffffff&#8221; button_bg_color=&#8221;#ef3939&#8243; button_border_width=&#8221;2&#8243; button_border_color=&#8221;#ffffff&#8221; button_use_icon=&#8221;on&#8221; button_icon=&#8221;&#xe089;||divi||400&#8243; button_icon_color=&#8221;#ffffff&#8221; button_icon_placement=&#8221;right&#8221; button_on_hover=&#8221;on&#8221; global_colors_info=&#8221;{}&#8221; sticky_transition=&#8221;on&#8221; button_text_size__hover_enabled=&#8221;off&#8221; button_one_text_size__hover_enabled=&#8221;off&#8221; button_two_text_size__hover_enabled=&#8221;off&#8221; button_text_color__hover_enabled=&#8221;off&#8221; button_one_text_color__hover_enabled=&#8221;off&#8221; button_two_text_color__hover_enabled=&#8221;off&#8221; button_border_width__hover_enabled=&#8221;off&#8221; button_one_border_width__hover_enabled=&#8221;off&#8221; button_two_border_width__hover_enabled=&#8221;off&#8221; button_border_color__hover_enabled=&#8221;off&#8221; button_one_border_color__hover_enabled=&#8221;off&#8221; button_two_border_color__hover_enabled=&#8221;off&#8221; button_border_radius__hover_enabled=&#8221;off&#8221; button_one_border_radius__hover_enabled=&#8221;off&#8221; button_two_border_radius__hover_enabled=&#8221;off&#8221; button_letter_spacing__hover_enabled=&#8221;off&#8221; button_one_letter_spacing__hover_enabled=&#8221;off&#8221; button_two_letter_spacing__hover_enabled=&#8221;off&#8221; button_bg_color__hover_enabled=&#8221;off&#8221; button_one_bg_color__hover_enabled=&#8221;off&#8221; button_two_bg_color__hover_enabled=&#8221;off&#8221;][\/et_pb_slide][\/et_pb_slider][et_pb_blurb url=&#8221;https:\/\/confe.org\/wp-content\/uploads\/2019\/12\/CATALOGO-PANADERIA.pdf&#8221; url_new_window=&#8221;on&#8221; image=&#8221;https:\/\/confe.org\/wp-content\/uploads\/2024\/08\/1-2.jpg&#8221; disabled_on=&#8221;off|off|off&#8221; _builder_version=&#8221;4.19.0&#8243; text_orientation=&#8221;center&#8221; custom_padding=&#8221;|||&#8221; custom_padding_tablet=&#8221;|||&#8221; custom_padding_phone=&#8221;|||&#8221; hover_enabled=&#8221;0&#8243; custom_css_main_element=&#8221;padding-top:20px;&#8221; border_color=&#8221;#f2f2f2&#8243; use_circle=&#8221;off&#8221; use_circle_border=&#8221;off&#8221; global_colors_info=&#8221;{}&#8221; title_text=&#8221;1-2&#8243; sticky_enabled=&#8221;0&#8243;]<\/p>\n<p>Descarga nuestro Cat\u00e1logo y apoya a una buena causa.<\/p>\n<p>[\/et_pb_blurb][\/et_pb_column][et_pb_column type=&#8221;3_4&#8243; _builder_version=&#8221;4.16&#8243; custom_padding=&#8221;|||&#8221; global_colors_info=&#8221;{}&#8221; custom_padding__hover=&#8221;|||&#8221;][et_pb_text module_class=&#8221;rosa_talleres&#8221; _builder_version=&#8221;4.16&#8243; background_size=&#8221;initial&#8221; background_position=&#8221;top_left&#8221; background_repeat=&#8221;repeat&#8221; module_alignment=&#8221;left&#8221; global_colors_info=&#8221;{}&#8221;]<\/p>\n<h1>Nuestras <span class=\"rosa_talleres_span\">galletas<\/span><\/h1>\n<p><img decoding=\"async\" data-src=\"https:\/\/confe.org\/wp-content\/uploads\/2020\/02\/galletas.png\" alt=\"Nuestras galletas\" width=\"780\" height=\"400\" class=\"aligncenter size-full wp-image-1562 lazyload\" style=\"--smush-placeholder-width: 780px; --smush-placeholder-aspect-ratio: 780\/400;border-radius: 5px; overflow: hidden; box-shadow: 0px 10px 21px -9px rgba(7,19,41,0.3);\" src=\"data:image\/gif;base64,R0lGODlhAQABAAAAACH5BAEKAAEALAAAAAABAAEAAAICTAEAOw==\"><\/p>\n<p class=\"mayusculas\">Nutritivas, de alta calidad, con mucho amor y una causa<\/p>\n<p>Bienvenidos a la Taller de galletas finas CONFE. Nuestras galletas adem\u00e1s de deliciosas son especiales pues <strong>est\u00e1n hechas de manera artesanal<\/strong> por <strong>personas con discapacidad intelectual<\/strong>.<\/p>\n<p>Nuestros trabajadores con discapacidad intelectual han sido cuidadosamente preparados para el trabajo. Por sus habilidades manuales, intensidad de concentraci\u00f3n, compromiso con sus labores y compa\u00f1erismo, son <strong>trabajadores sobresalientes que entregan resultados de muy alta calidad<\/strong>.<\/p>\n<p>Al mandar a hacer o comprar nuestras galletas, no s\u00f3lo quedar\u00e1s fascinada(o) por su sabor, si no que adem\u00e1s estar\u00e1s apoyando la formaci\u00f3n profesional e integraci\u00f3n de personas con discapacidad intelectual.<\/p>\n<p>Te invitamos a que pruebes nuestras galletas y te enamores de la causa y su rico sabor.<\/p>\n<p>Con\u00f3cenos: <a href=\"https:\/\/confe.org\/wp\/index.php\/galletas-contacto\/\">haz una cita o solicita una cotizaci\u00f3n<\/a>.<\/p>\n<p>[\/et_pb_text][\/et_pb_column][\/et_pb_row][\/et_pb_section]<\/p>\n","protected":false},"excerpt":{"rendered":"<p>Men\u00fa Galletas Inicio Nuestras galletas Instalaciones y equipo Clientes Contacto Descarga nuestro Cat\u00e1logo y apoya a una buena causa. Nuestras galletas Nutritivas, de alta calidad, con mucho amor y una causa Bienvenidos a la Taller de galletas finas CONFE. Nuestras galletas adem\u00e1s de deliciosas son especiales pues est\u00e1n hechas de manera artesanal por personas con [&hellip;]<\/p>\n","protected":false},"author":1,"featured_media":0,"parent":0,"menu_order":0,"comment_status":"open","ping_status":"open","template":"","meta":{"_et_pb_use_builder":"on","_et_pb_old_content":"","_et_gb_content_width":"","footnotes":""},"class_list":["post-718","page","type-page","status-publish","hentry"],"_links":{"self":[{"href":"https:\/\/confe.org\/index.php\/wp-json\/wp\/v2\/pages\/718","targetHints":{"allow":["GET"]}}],"collection":[{"href":"https:\/\/confe.org\/index.php\/wp-json\/wp\/v2\/pages"}],"about":[{"href":"https:\/\/confe.org\/index.php\/wp-json\/wp\/v2\/types\/page"}],"author":[{"embeddable":true,"href":"https:\/\/confe.org\/index.php\/wp-json\/wp\/v2\/users\/1"}],"replies":[{"embeddable":true,"href":"https:\/\/confe.org\/index.php\/wp-json\/wp\/v2\/comments?post=718"}],"version-history":[{"count":32,"href":"https:\/\/confe.org\/index.php\/wp-json\/wp\/v2\/pages\/718\/revisions"}],"predecessor-version":[{"id":9505,"href":"https:\/\/confe.org\/index.php\/wp-json\/wp\/v2\/pages\/718\/revisions\/9505"}],"wp:attachment":[{"href":"https:\/\/confe.org\/index.php\/wp-json\/wp\/v2\/media?parent=718"}],"curies":[{"name":"wp","href":"https:\/\/api.w.org\/{rel}","templated":true}]}}