{"id":727,"date":"2015-06-04T01:03:20","date_gmt":"2015-06-04T01:03:20","guid":{"rendered":"http:\/\/confe.org\/wp\/?page_id=727"},"modified":"2024-08-27T16:05:15","modified_gmt":"2024-08-27T16:05:15","slug":"galletas-clientes","status":"publish","type":"page","link":"https:\/\/confe.org\/index.php\/galletas-clientes\/","title":{"rendered":"Galletas, clientes"},"content":{"rendered":"<p>[et_pb_section fb_built=&#8221;1&#8243; fullwidth=&#8221;on&#8221; admin_label=&#8221;section&#8221; _builder_version=&#8221;4.16&#8243; global_colors_info=&#8221;{}&#8221;][et_pb_fullwidth_menu menu_id=&#8221;7&#8243; submenu_direction=&#8221;downwards&#8221; fullwidth_menu=&#8221;off&#8221; dropdown_menu_bg_color=&#8221;#ec3b3f&#8221; dropdown_menu_text_color=&#8221;#ffffff&#8221; admin_label=&#8221;Fullwidth Menu&#8221; _builder_version=&#8221;3.0.47&#8243; menu_font=&#8221;Lato|on|||&#8221; menu_font_size=&#8221;16px&#8221; background_color=&#8221;#ef3939&#8243; background_layout=&#8221;dark&#8221; global_module=&#8221;1637&#8243; saved_tabs=&#8221;all&#8221; global_colors_info=&#8221;{}&#8221;][\/et_pb_fullwidth_menu][\/et_pb_section][et_pb_section fb_built=&#8221;1&#8243; fullwidth=&#8221;on&#8221; custom_padding_last_edited=&#8221;on|desktop&#8221; admin_label=&#8221;section&#8221; _builder_version=&#8221;4.16&#8243; background_color=&#8221;#ffffff&#8221; background_image=&#8221;https:\/\/confe.org\/wp\/wp-content\/uploads\/2015\/05\/fondo_galletas.jpg&#8221; custom_padding_tablet=&#8221;50px|0|50px|0&#8243; custom_padding_phone=&#8221;&#8221; transparent_background=&#8221;off&#8221; padding_mobile=&#8221;off&#8221; make_fullwidth=&#8221;off&#8221; use_custom_width=&#8221;off&#8221; width_unit=&#8221;on&#8221; global_colors_info=&#8221;{}&#8221;][et_pb_fullwidth_header title=&#8221;Galletas finas&#8221; content_max_width=&#8221;none&#8221; module_class=&#8221;et_pb_bg_layout&#8221; _builder_version=&#8221;4.16&#8243; background_color=&#8221;rgba(255, 255, 255, 0)&#8221; background_layout=&#8221;light&#8221; button_one_border_radius_hover=&#8221;3&#8243; button_two_border_radius_hover=&#8221;3&#8243; button_one_letter_spacing_hover=&#8221;0&#8243; button_two_letter_spacing_hover=&#8221;0&#8243; global_colors_info=&#8221;{}&#8221; button_one_text_size__hover_enabled=&#8221;off&#8221; button_two_text_size__hover_enabled=&#8221;off&#8221; button_one_text_color__hover_enabled=&#8221;off&#8221; button_two_text_color__hover_enabled=&#8221;off&#8221; button_one_border_width__hover_enabled=&#8221;off&#8221; button_two_border_width__hover_enabled=&#8221;off&#8221; button_one_border_color__hover_enabled=&#8221;off&#8221; button_two_border_color__hover_enabled=&#8221;off&#8221; button_one_border_radius__hover_enabled=&#8221;on&#8221; button_one_border_radius__hover=&#8221;3&#8243; button_two_border_radius__hover_enabled=&#8221;on&#8221; button_two_border_radius__hover=&#8221;3&#8243; button_one_letter_spacing__hover_enabled=&#8221;on&#8221; button_one_letter_spacing__hover=&#8221;0&#8243; button_two_letter_spacing__hover_enabled=&#8221;on&#8221; button_two_letter_spacing__hover=&#8221;0&#8243; button_one_bg_color__hover_enabled=&#8221;off&#8221; button_two_bg_color__hover_enabled=&#8221;off&#8221;][\/et_pb_fullwidth_header][\/et_pb_section][et_pb_section fb_built=&#8221;1&#8243; specialty=&#8221;on&#8221; admin_label=&#8221;section&#8221; _builder_version=&#8221;4.16&#8243; global_colors_info=&#8221;{}&#8221;][et_pb_column type=&#8221;1_4&#8243; _builder_version=&#8221;4.16&#8243; custom_padding=&#8221;|||&#8221; global_colors_info=&#8221;{}&#8221; custom_padding__hover=&#8221;|||&#8221;][et_pb_text module_class=&#8221;mayusculas rosa_talleres&#8221; _builder_version=&#8221;3.0.85&#8243; text_font=&#8221;Lato|on|||&#8221; text_text_color=&#8221;#ef3939&#8243; text_font_size=&#8221;15&#8243; background_size=&#8221;initial&#8221; background_position=&#8221;top_left&#8221; background_repeat=&#8221;repeat&#8221; module_alignment=&#8221;left&#8221; use_border_color=&#8221;off&#8221; border_color=&#8221;#ffffff&#8221; border_style=&#8221;solid&#8221; global_module=&#8221;1504&#8243; saved_tabs=&#8221;all&#8221; global_colors_info=&#8221;{}&#8221;]<\/p>\n<h4 class=\"borde_inferior no_transform\">Men\u00fa <span class=\"rosa_talleres_span\">Galletas<\/span><\/h4>\n<p><a href=\"https:\/\/confe.org\/index.php\/galletas-finas\/\">Inicio<\/a><\/p>\n<p><a href=\"https:\/\/confe.org\/index.php\/galletas-nuestras-galletas\/\">Nuestras galletas<\/a><\/p>\n<p><a href=\"https:\/\/confe.org\/index.php\/galletas-instalaciones-y-equipo\/\">Instalaciones y equipo<\/a><\/p>\n<p><a href=\"https:\/\/confe.org\/index.php\/galletas-clientes\/\">Clientes<\/a><\/p>\n<p><a href=\"https:\/\/confe.org\/index.php\/galletas-contacto\/\">Contacto<\/a><\/p>\n<p>[\/et_pb_text][et_pb_slider show_arrows=&#8221;off&#8221; show_pagination=&#8221;off&#8221; show_content_on_mobile=&#8221;off&#8221; show_cta_on_mobile=&#8221;off&#8221; module_class=&#8221;sombraTextosLight&#8221; _builder_version=&#8221;3.0.99&#8243; background_position=&#8221;top_left&#8221; custom_padding=&#8221;|||&#8221; custom_padding_tablet=&#8221;|||&#8221; custom_padding_phone=&#8221;|||&#8221; auto=&#8221;on&#8221; auto_speed=&#8221;3000&#8243; remove_inner_shadow=&#8221;off&#8221; hide_content_on_mobile=&#8221;off&#8221; hide_cta_on_mobile=&#8221;off&#8221; show_inner_shadow=&#8221;off&#8221; button_border_radius_hover=&#8221;3&#8243; button_letter_spacing_hover=&#8221;0&#8243; global_module=&#8221;2962&#8243; saved_tabs=&#8221;all&#8221; global_colors_info=&#8221;{}&#8221; button_text_size__hover_enabled=&#8221;off&#8221; button_one_text_size__hover_enabled=&#8221;off&#8221; button_two_text_size__hover_enabled=&#8221;off&#8221; button_text_color__hover_enabled=&#8221;off&#8221; button_one_text_color__hover_enabled=&#8221;off&#8221; button_two_text_color__hover_enabled=&#8221;off&#8221; button_border_width__hover_enabled=&#8221;off&#8221; button_one_border_width__hover_enabled=&#8221;off&#8221; button_two_border_width__hover_enabled=&#8221;off&#8221; button_border_color__hover_enabled=&#8221;off&#8221; button_one_border_color__hover_enabled=&#8221;off&#8221; button_two_border_color__hover_enabled=&#8221;off&#8221; button_border_radius__hover_enabled=&#8221;on&#8221; button_border_radius__hover=&#8221;3&#8243; button_one_border_radius__hover_enabled=&#8221;off&#8221; button_two_border_radius__hover_enabled=&#8221;off&#8221; button_letter_spacing__hover_enabled=&#8221;on&#8221; button_letter_spacing__hover=&#8221;0&#8243; button_one_letter_spacing__hover_enabled=&#8221;off&#8221; button_two_letter_spacing__hover_enabled=&#8221;off&#8221; button_bg_color__hover_enabled=&#8221;off&#8221; button_one_bg_color__hover_enabled=&#8221;off&#8221; button_two_bg_color__hover_enabled=&#8221;off&#8221;][et_pb_slide heading=&#8221;Tu donaci\u00f3n es importante&#8221; button_text=&#8221;Dona&#8221; button_link=&#8221;https:\/\/alwayson.recaudia.com\/confe&#8221; use_bg_overlay=&#8221;off&#8221; use_text_overlay=&#8221;off&#8221; _builder_version=&#8221;4.15&#8243; header_level=&#8221;h1&#8243; header_font=&#8221;||||||||&#8221; header_text_color=&#8221;#ef3939&#8243; header_font_size=&#8221;18&#8243; body_font=&#8221;||||||||&#8221; background_color=&#8221;#ffffff&#8221; background_image=&#8221;https:\/\/confe.org\/wp\/wp-content\/uploads\/2015\/06\/dona-llamado-accion13.jpg&#8221; background_position=&#8221;top_left&#8221; custom_button=&#8221;on&#8221; button_text_color=&#8221;#ffffff&#8221; button_bg_color=&#8221;#ef3939&#8243; button_border_color=&#8221;#ffffff&#8221; button_font=&#8221;||||||||&#8221; button_use_icon=&#8221;on&#8221; button_icon=&#8221;&#xe089;||divi||400&#8243; button_icon_color=&#8221;#ffffff&#8221; button_icon_placement=&#8221;right&#8221; button_on_hover=&#8221;on&#8221; header_font_size_tablet=&#8221;18&#8243; header_font_size_phone=&#8221;18&#8243; global_colors_info=&#8221;{}&#8221; sticky_transition=&#8221;on&#8221; button_text_size__hover_enabled=&#8221;off&#8221; button_one_text_size__hover_enabled=&#8221;off&#8221; button_two_text_size__hover_enabled=&#8221;off&#8221; button_text_color__hover_enabled=&#8221;off&#8221; button_one_text_color__hover_enabled=&#8221;off&#8221; button_two_text_color__hover_enabled=&#8221;off&#8221; button_border_width__hover_enabled=&#8221;off&#8221; button_one_border_width__hover_enabled=&#8221;off&#8221; button_two_border_width__hover_enabled=&#8221;off&#8221; button_border_color__hover_enabled=&#8221;off&#8221; button_one_border_color__hover_enabled=&#8221;off&#8221; button_two_border_color__hover_enabled=&#8221;off&#8221; button_border_radius__hover_enabled=&#8221;off&#8221; button_one_border_radius__hover_enabled=&#8221;off&#8221; button_two_border_radius__hover_enabled=&#8221;off&#8221; button_letter_spacing__hover_enabled=&#8221;off&#8221; button_one_letter_spacing__hover_enabled=&#8221;off&#8221; button_two_letter_spacing__hover_enabled=&#8221;off&#8221; button_bg_color__hover_enabled=&#8221;off&#8221; button_one_bg_color__hover_enabled=&#8221;off&#8221; button_two_bg_color__hover_enabled=&#8221;off&#8221;][\/et_pb_slide][et_pb_slide heading=&#8221;Muchos te lo agradecer\u00e1n&#8221; button_text=&#8221;Dona&#8221; button_link=&#8221;https:\/\/confe.org\/index.php\/dona\/&#8221; _builder_version=&#8221;4.16&#8243; header_text_color=&#8221;#ef3939&#8243; header_font_size=&#8221;18&#8243; background_color=&#8221;#ffffff&#8221; background_image=&#8221;https:\/\/confe.org\/wp\/wp-content\/uploads\/2015\/06\/dona-llamado-accion23.jpg&#8221; custom_button=&#8221;on&#8221; button_text_color=&#8221;#ffffff&#8221; button_bg_color=&#8221;#ef3939&#8243; button_border_width=&#8221;2&#8243; button_border_color=&#8221;#ffffff&#8221; button_use_icon=&#8221;on&#8221; button_icon=&#8221;&#xe089;||divi||400&#8243; button_icon_color=&#8221;#ffffff&#8221; button_icon_placement=&#8221;right&#8221; button_on_hover=&#8221;on&#8221; global_colors_info=&#8221;{}&#8221; sticky_transition=&#8221;on&#8221; button_text_size__hover_enabled=&#8221;off&#8221; button_one_text_size__hover_enabled=&#8221;off&#8221; button_two_text_size__hover_enabled=&#8221;off&#8221; button_text_color__hover_enabled=&#8221;off&#8221; button_one_text_color__hover_enabled=&#8221;off&#8221; button_two_text_color__hover_enabled=&#8221;off&#8221; button_border_width__hover_enabled=&#8221;off&#8221; button_one_border_width__hover_enabled=&#8221;off&#8221; button_two_border_width__hover_enabled=&#8221;off&#8221; button_border_color__hover_enabled=&#8221;off&#8221; button_one_border_color__hover_enabled=&#8221;off&#8221; button_two_border_color__hover_enabled=&#8221;off&#8221; button_border_radius__hover_enabled=&#8221;off&#8221; button_one_border_radius__hover_enabled=&#8221;off&#8221; button_two_border_radius__hover_enabled=&#8221;off&#8221; button_letter_spacing__hover_enabled=&#8221;off&#8221; button_one_letter_spacing__hover_enabled=&#8221;off&#8221; button_two_letter_spacing__hover_enabled=&#8221;off&#8221; button_bg_color__hover_enabled=&#8221;off&#8221; button_one_bg_color__hover_enabled=&#8221;off&#8221; button_two_bg_color__hover_enabled=&#8221;off&#8221;][\/et_pb_slide][\/et_pb_slider][et_pb_blurb url=&#8221;https:\/\/confe.org\/wp-content\/uploads\/2019\/12\/CATALOGO-PANADERIA.pdf&#8221; url_new_window=&#8221;on&#8221; image=&#8221;https:\/\/confe.org\/wp-content\/uploads\/2024\/08\/1-2.jpg&#8221; disabled_on=&#8221;off|off|off&#8221; _builder_version=&#8221;4.19.0&#8243; text_orientation=&#8221;center&#8221; custom_padding=&#8221;|||&#8221; hover_enabled=&#8221;0&#8243; custom_css_main_element=&#8221;padding-top:20px;&#8221; border_color=&#8221;#f2f2f2&#8243; use_circle=&#8221;off&#8221; use_circle_border=&#8221;off&#8221; global_colors_info=&#8221;{}&#8221; sticky_enabled=&#8221;0&#8243; title_text=&#8221;1-2&#8243;]<\/p>\n<p>Descarga nuestro Cat\u00e1logo y apoya a una buena causa.<\/p>\n<p>[\/et_pb_blurb][\/et_pb_column][et_pb_column type=&#8221;3_4&#8243; specialty_columns=&#8221;3&#8243; _builder_version=&#8221;4.16&#8243; custom_padding=&#8221;|||&#8221; global_colors_info=&#8221;{}&#8221; custom_padding__hover=&#8221;|||&#8221;][et_pb_row_inner _builder_version=&#8221;4.16&#8243; global_colors_info=&#8221;{}&#8221;][et_pb_column_inner saved_specialty_column_type=&#8221;3_4&#8243; _builder_version=&#8221;4.16&#8243; custom_padding=&#8221;|||&#8221; global_colors_info=&#8221;{}&#8221; custom_padding__hover=&#8221;|||&#8221;][et_pb_text _builder_version=&#8221;4.16&#8243; background_size=&#8221;initial&#8221; background_position=&#8221;top_left&#8221; background_repeat=&#8221;repeat&#8221; module_alignment=&#8221;left&#8221; use_border_color=&#8221;off&#8221; border_color=&#8221;#ffffff&#8221; border_style=&#8221;solid&#8221; global_colors_info=&#8221;{}&#8221;]<\/p>\n<h1>Nuestros <span class=\"rosa_talleres_span\">clientes<\/span><\/h1>\n<p>Estos son algunos de nuestros clientes:<\/p>\n<p>[\/et_pb_text][\/et_pb_column_inner][\/et_pb_row_inner][et_pb_row_inner column_structure=&#8221;1_3,1_3,1_3&#8243; admin_label=&#8221;Row&#8221; _builder_version=&#8221;4.16&#8243; global_colors_info=&#8221;{}&#8221;][et_pb_column_inner type=&#8221;1_3&#8243; saved_specialty_column_type=&#8221;3_4&#8243; _builder_version=&#8221;4.16&#8243; custom_padding=&#8221;|||&#8221; global_colors_info=&#8221;{}&#8221; custom_padding__hover=&#8221;|||&#8221;][et_pb_blurb image=&#8221;https:\/\/confe.org\/wp\/wp-content\/uploads\/2015\/06\/logo_sanborns1.jpg&#8221; alt=&#8221;Sanborns&#8221; image_icon_width=&#8221;none&#8221; _builder_version=&#8221;4.16&#8243; background_size=&#8221;initial&#8221; background_position=&#8221;top_left&#8221; background_repeat=&#8221;repeat&#8221; text_orientation=&#8221;center&#8221; animation=&#8221;left&#8221; use_border_color=&#8221;off&#8221; border_color=&#8221;#ffffff&#8221; border_style=&#8221;solid&#8221; image_max_width=&#8221;none&#8221; use_circle=&#8221;off&#8221; use_circle_border=&#8221;off&#8221; circle_border_color=&#8221;#7EBEC5&#8243; circle_color=&#8221;#7EBEC5&#8243; global_colors_info=&#8221;{}&#8221;]<\/p>\n<p>Clientes de galleta s\u00e1ndwich grande y galleta garabato grande y chica.<\/p>\n<p>[\/et_pb_blurb][\/et_pb_column_inner][et_pb_column_inner type=&#8221;1_3&#8243; saved_specialty_column_type=&#8221;3_4&#8243; _builder_version=&#8221;4.16&#8243; custom_padding=&#8221;|||&#8221; global_colors_info=&#8221;{}&#8221; custom_padding__hover=&#8221;|||&#8221;][et_pb_blurb image=&#8221;https:\/\/confe.org\/wp\/wp-content\/uploads\/2015\/06\/logo-cuervo.jpg&#8221; alt=&#8221;Grupo Cuervo&#8221; image_icon_width=&#8221;none&#8221; _builder_version=&#8221;4.16&#8243; background_size=&#8221;initial&#8221; background_position=&#8221;top_left&#8221; background_repeat=&#8221;repeat&#8221; text_orientation=&#8221;center&#8221; animation=&#8221;bottom&#8221; use_border_color=&#8221;off&#8221; border_color=&#8221;#ffffff&#8221; border_style=&#8221;solid&#8221; image_max_width=&#8221;none&#8221; use_circle=&#8221;off&#8221; use_circle_border=&#8221;off&#8221; circle_border_color=&#8221;#7EBEC5&#8243; circle_color=&#8221;#7EBEC5&#8243; global_colors_info=&#8221;{}&#8221;]<\/p>\n<p>Para Grupo Cuervo fabricamos galleta surtida por kilogramo.<\/p>\n<p>[\/et_pb_blurb][\/et_pb_column_inner][et_pb_column_inner type=&#8221;1_3&#8243; saved_specialty_column_type=&#8221;3_4&#8243; _builder_version=&#8221;4.16&#8243; custom_padding=&#8221;|||&#8221; global_colors_info=&#8221;{}&#8221; custom_padding__hover=&#8221;|||&#8221;][et_pb_blurb image=&#8221;https:\/\/confe.org\/wp\/wp-content\/uploads\/2015\/06\/logo-scotia.jpg&#8221; alt=&#8221;Scotiabank&#8221; image_icon_width=&#8221;none&#8221; _builder_version=&#8221;4.16&#8243; background_size=&#8221;initial&#8221; background_position=&#8221;top_left&#8221; background_repeat=&#8221;repeat&#8221; text_orientation=&#8221;center&#8221; animation=&#8221;right&#8221; use_border_color=&#8221;off&#8221; border_color=&#8221;#ffffff&#8221; border_style=&#8221;solid&#8221; image_max_width=&#8221;none&#8221; use_circle=&#8221;off&#8221; use_circle_border=&#8221;off&#8221; circle_border_color=&#8221;#7EBEC5&#8243; circle_color=&#8221;#7EBEC5&#8243; global_colors_info=&#8221;{}&#8221;]<\/p>\n<p>Son clientes que adquieren de nosotros galleta a granel.<\/p>\n<p>[\/et_pb_blurb][\/et_pb_column_inner][\/et_pb_row_inner][et_pb_row_inner admin_label=&#8221;Row&#8221; _builder_version=&#8221;4.16&#8243; global_colors_info=&#8221;{}&#8221;][et_pb_column_inner saved_specialty_column_type=&#8221;3_4&#8243; _builder_version=&#8221;4.16&#8243; custom_padding=&#8221;|||&#8221; global_colors_info=&#8221;{}&#8221; custom_padding__hover=&#8221;|||&#8221;][et_pb_text module_id=&#8221;rosa_talleres&#8221; module_class=&#8221;rosa_talleres&#8221; _builder_version=&#8221;4.16&#8243; background_size=&#8221;initial&#8221; background_position=&#8221;top_left&#8221; background_repeat=&#8221;repeat&#8221; module_alignment=&#8221;left&#8221; use_border_color=&#8221;off&#8221; border_color=&#8221;#ffffff&#8221; border_style=&#8221;solid&#8221; global_colors_info=&#8221;{}&#8221;]Con\u00f3cenos: <a class=\"rosa_talleres\" href=\"https:\/\/confe.org\/index.php\/galletas-contacto\/\">haz una cita o solicita una cotizaci\u00f3n<\/a>.<br \/>\n[\/et_pb_text][\/et_pb_column_inner][\/et_pb_row_inner][\/et_pb_column][\/et_pb_section]<\/p>\n","protected":false},"excerpt":{"rendered":"<p>Men\u00fa Galletas Inicio Nuestras galletas Instalaciones y equipo Clientes Contacto Descarga nuestro Cat\u00e1logo y apoya a una buena causa. Nuestros clientesEstos son algunos de nuestros clientes: Clientes de galleta s\u00e1ndwich grande y galleta garabato grande y chica. Para Grupo Cuervo fabricamos galleta surtida por kilogramo. Son clientes que adquieren de nosotros galleta a granel. Con\u00f3cenos: [&hellip;]<\/p>\n","protected":false},"author":1,"featured_media":0,"parent":0,"menu_order":0,"comment_status":"open","ping_status":"open","template":"","meta":{"_et_pb_use_builder":"on","_et_pb_old_content":"","_et_gb_content_width":"","footnotes":""},"class_list":["post-727","page","type-page","status-publish","hentry"],"_links":{"self":[{"href":"https:\/\/confe.org\/index.php\/wp-json\/wp\/v2\/pages\/727","targetHints":{"allow":["GET"]}}],"collection":[{"href":"https:\/\/confe.org\/index.php\/wp-json\/wp\/v2\/pages"}],"about":[{"href":"https:\/\/confe.org\/index.php\/wp-json\/wp\/v2\/types\/page"}],"author":[{"embeddable":true,"href":"https:\/\/confe.org\/index.php\/wp-json\/wp\/v2\/users\/1"}],"replies":[{"embeddable":true,"href":"https:\/\/confe.org\/index.php\/wp-json\/wp\/v2\/comments?post=727"}],"version-history":[{"count":29,"href":"https:\/\/confe.org\/index.php\/wp-json\/wp\/v2\/pages\/727\/revisions"}],"predecessor-version":[{"id":9507,"href":"https:\/\/confe.org\/index.php\/wp-json\/wp\/v2\/pages\/727\/revisions\/9507"}],"wp:attachment":[{"href":"https:\/\/confe.org\/index.php\/wp-json\/wp\/v2\/media?parent=727"}],"curies":[{"name":"wp","href":"https:\/\/api.w.org\/{rel}","templated":true}]}}