{"id":77,"date":"2015-05-18T22:39:44","date_gmt":"2015-05-18T22:39:44","guid":{"rendered":"http:\/\/localhost:8888\/wordpress\/?page_id=77"},"modified":"2022-03-23T16:38:28","modified_gmt":"2022-03-23T16:38:28","slug":"aviso-de-privacidad","status":"publish","type":"page","link":"https:\/\/confe.org\/index.php\/aviso-de-privacidad\/","title":{"rendered":"Aviso de privacidad"},"content":{"rendered":"<p>[et_pb_section bb_built=&#8221;1&#8243; admin_label=&#8221;section&#8221; fullwidth=&#8221;on&#8221; specialty=&#8221;off&#8221;][et_pb_fullwidth_menu global_module=&#8221;1329&#8243; saved_tabs=&#8221;all&#8221; menu_id=&#8221;4&#8243; background_color=&#8221;#06478b&#8221; background_layout=&#8221;dark&#8221; text_orientation=&#8221;left&#8221; submenu_direction=&#8221;downwards&#8221; fullwidth_menu=&#8221;off&#8221; dropdown_menu_animation=&#8221;fade&#8221; menu_font=&#8221;Lato|on|||&#8221; menu_font_size=&#8221;16px&#8221; dropdown_menu_bg_color=&#8221;#0d4989&#8243; dropdown_menu_text_color=&#8221;#ffffff&#8221; disabled=&#8221;off&#8221; _builder_version=&#8221;3.0.85&#8243; \/][\/et_pb_section][et_pb_section bb_built=&#8221;1&#8243; admin_label=&#8221;section&#8221; fullwidth=&#8221;on&#8221; specialty=&#8221;off&#8221; transparent_background=&#8221;off&#8221; background_color=&#8221;#2c589f&#8221; allow_player_pause=&#8221;off&#8221; inner_shadow=&#8221;off&#8221; parallax=&#8221;off&#8221; parallax_method=&#8221;off&#8221; padding_mobile=&#8221;off&#8221; make_fullwidth=&#8221;off&#8221; use_custom_width=&#8221;off&#8221; width_unit=&#8221;on&#8221; make_equal=&#8221;off&#8221; use_custom_gutter=&#8221;off&#8221; gutter_width=&#8221;3&#8243; custom_padding_tablet=&#8221;50px|0|50px|0&#8243; custom_padding_last_edited=&#8221;on|desktop&#8221;][et_pb_fullwidth_header title=&#8221;Aviso de privacidad&#8221; background_layout=&#8221;dark&#8221; text_orientation=&#8221;left&#8221; header_fullscreen=&#8221;off&#8221; header_scroll_down=&#8221;off&#8221; background_url=&#8221;https:\/\/confe.org\/wp\/wp-content\/uploads\/2015\/05\/quienes-somos.jpg&#8221; parallax=&#8221;off&#8221; parallax_method=&#8221;off&#8221; content_orientation=&#8221;center&#8221; image_orientation=&#8221;center&#8221; custom_button_one=&#8221;off&#8221; button_one_text_size=&#8221;20&#8243; button_one_border_width=&#8221;2&#8243; button_one_border_radius=&#8221;3&#8243; button_one_letter_spacing=&#8221;0&#8243; button_one_use_icon=&#8221;default&#8221; button_one_icon_placement=&#8221;right&#8221; button_one_on_hover=&#8221;on&#8221; button_one_border_radius_hover=&#8221;3&#8243; button_one_letter_spacing_hover=&#8221;0&#8243; custom_button_two=&#8221;off&#8221; button_two_text_size=&#8221;20&#8243; button_two_border_width=&#8221;2&#8243; button_two_border_radius=&#8221;3&#8243; button_two_letter_spacing=&#8221;0&#8243; button_two_use_icon=&#8221;default&#8221; button_two_icon_placement=&#8221;right&#8221; button_two_on_hover=&#8221;on&#8221; button_two_border_radius_hover=&#8221;3&#8243; button_two_letter_spacing_hover=&#8221;0&#8243; background_image=&#8221;https:\/\/confe.org\/wp\/wp-content\/uploads\/2015\/05\/quienes-somos.jpg&#8221; _builder_version=&#8221;3.0.85&#8243; \/][\/et_pb_section][et_pb_section bb_built=&#8221;1&#8243; fullwidth=&#8221;off&#8221; specialty=&#8221;off&#8221;][et_pb_row background_position=&#8221;top_left&#8221; background_repeat=&#8221;repeat&#8221; background_size=&#8221;initial&#8221;][et_pb_column type=&#8221;1_4&#8243;][et_pb_text global_module=&#8221;1656&#8243; saved_tabs=&#8221;all&#8221; background_layout=&#8221;light&#8221; text_orientation=&#8221;left&#8221; module_class=&#8221;mayusculas azul&#8221; text_font=&#8221;Lato|on|||&#8221; text_font_size=&#8221;15&#8243; use_border_color=&#8221;off&#8221; border_color=&#8221;#ffffff&#8221; border_style=&#8221;solid&#8221; module_alignment=&#8221;left&#8221; background_position=&#8221;top_left&#8221; background_repeat=&#8221;repeat&#8221; background_size=&#8221;initial&#8221; _builder_version=&#8221;3.0.85&#8243;]<\/p>\n<h4 class=\"no_transform borde_inferior_azul\">Men\u00fa <span class=\"azul_span\">nosotros<\/span><\/h4>\n<p style=\"margin-top: 15px;\"><a href=\"https:\/\/confe.org\/index.php\/quienes-somos\/\">\u00bfQui\u00e9nes somos?<\/a><\/p>\n<p><a href=\"https:\/\/confe.org\/index.php\/que-es-la-discapacidad-intelectual\/\">\u00bfQu\u00e9 es la discapacidad intelectual?<\/a><\/p>\n<p><a href=\"https:\/\/confe.org\/index.php\/historia\/\">Historia<\/a><\/p>\n<p><a href=\"https:\/\/confe.org\/index.php\/premios\/\">Premios<\/a><\/p>\n<p><a href=\"https:\/\/confe.org\/index.php\/transparencia\/\">Transparencia<\/a><\/p>\n<p><a href=\"https:\/\/confe.org\/index.php\/aviso-de-privacidad\/\">Aviso de privacidad<\/a><\/p>\n<p>[\/et_pb_text][et_pb_slider show_arrows=&#8221;off&#8221; show_pagination=&#8221;off&#8221; auto=&#8221;on&#8221; auto_ignore_hover=&#8221;off&#8221; parallax=&#8221;off&#8221; parallax_method=&#8221;off&#8221; remove_inner_shadow=&#8221;off&#8221; background_position=&#8221;top_left&#8221; background_size=&#8221;default&#8221; hide_content_on_mobile=&#8221;off&#8221; hide_cta_on_mobile=&#8221;off&#8221; show_image_video_mobile=&#8221;off&#8221; header_font_size=&#8221;18&#8243; body_font_size=&#8221;16&#8243; custom_button=&#8221;on&#8221; button_text_size=&#8221;20&#8243; button_border_width=&#8221;3&#8243; button_border_radius=&#8221;7&#8243; button_letter_spacing=&#8221;0&#8243; button_use_icon=&#8221;default&#8221; button_icon_placement=&#8221;right&#8221; button_on_hover=&#8221;on&#8221; button_border_radius_hover=&#8221;0&#8243; button_letter_spacing_hover=&#8221;0&#8243; auto_speed=&#8221;3000&#8243; button_font=&#8221;Gloria Hallelujah||||&#8221; header_text_color=&#8221;#06478b&#8221; button_icon=&#8221;%%141%%&#8221; button_border_color=&#8221;#ffffff&#8221; module_class=&#8221;sombraTextosDark&#8221; saved_tabs=&#8221;all&#8221; global_module=&#8221;2895&#8243; show_inner_shadow=&#8221;off&#8221; show_content_on_mobile=&#8221;off&#8221; show_cta_on_mobile=&#8221;off&#8221; custom_padding=&#8221;|||&#8221; _builder_version=&#8221;3.0.85&#8243;]<\/p>\n<p>[et_pb_slide heading=&#8221;Tu donaci\u00f3n es indispensable&#8221; background_position=&#8221;top_left&#8221; background_size=&#8221;cover&#8221; alignment=&#8221;center&#8221; background_layout=&#8221;light&#8221; allow_player_pause=&#8221;off&#8221; header_font_select=&#8221;default&#8221; body_font_select=&#8221;default&#8221; custom_button=&#8221;on&#8221; button_font_select=&#8221;default&#8221; button_use_icon=&#8221;on&#8221; button_icon_placement=&#8221;right&#8221; button_on_hover=&#8221;on&#8221; background_image=&#8221;https:\/\/confe.org\/wp\/wp-content\/uploads\/2015\/06\/dona-llamado-accion13.jpg&#8221; background_color=&#8221;#ffffff&#8221; button_text=&#8221;Dona&#8221; button_link=&#8221;https:\/\/alwayson.recaudia.com\/confe&#8221; button_text_color=&#8221;#ffffff&#8221; button_bg_color=&#8221;#06478b&#8221; body_font_size=&#8221;2&#8243; body_text_color=&#8221;#06478b&#8221; button_border_width=&#8221;2&#8243; button_border_color=&#8221;#ffffff&#8221; button_icon=&#8221;%%257%%&#8221; button_icon_color=&#8221;#ffffff&#8221; button_border_radius=&#8221;3&#8243; _builder_version=&#8221;3.0.85&#8243; use_background_color_gradient=&#8221;off&#8221; background_color_gradient_start=&#8221;#2b87da&#8221; background_color_gradient_end=&#8221;#29c4a9&#8243; background_color_gradient_type=&#8221;linear&#8221; background_color_gradient_direction=&#8221;180deg&#8221; background_color_gradient_direction_radial=&#8221;center&#8221; background_color_gradient_start_position=&#8221;0%&#8221; background_color_gradient_end_position=&#8221;100%&#8221; parallax=&#8221;off&#8221; parallax_method=&#8221;on&#8221; background_repeat=&#8221;no-repeat&#8221; background_blend=&#8221;normal&#8221; use_bg_overlay=&#8221;off&#8221; use_text_overlay=&#8221;off&#8221; text_border_radius=&#8221;3&#8243; text_shadow_style=&#8221;none&#8221; text_shadow_color=&#8221;rgba(0,0,0,0.4)&#8221; header_level=&#8221;h1&#8243; header_font=&#8221;||||||||&#8221; header_text_shadow_style=&#8221;none&#8221; header_text_shadow_color=&#8221;rgba(0,0,0,0.4)&#8221; body_font=&#8221;||||||||&#8221; body_font_size_tablet=&#8221;2&#8243; body_font_size_phone=&#8221;2&#8243; body_text_shadow_style=&#8221;none&#8221; body_text_shadow_color=&#8221;rgba(0,0,0,0.4)&#8221; button_bg_use_color_gradient=&#8221;off&#8221; button_bg_color_gradient_start=&#8221;#2b87da&#8221; button_bg_color_gradient_end=&#8221;#29c4a9&#8243; button_bg_color_gradient_type=&#8221;linear&#8221; button_bg_color_gradient_direction_radial=&#8221;center&#8221; button_bg_size=&#8221;cover&#8221; button_bg_position=&#8221;center&#8221; button_bg_repeat=&#8221;no-repeat&#8221; button_bg_blend=&#8221;normal&#8221; button_font=&#8221;||||||||&#8221; button_text_shadow_style=&#8221;none&#8221; button_text_shadow_color=&#8221;rgba(0,0,0,0.4)&#8221; box_shadow_style_button=&#8221;none&#8221; box_shadow_color_button=&#8221;rgba(0,0,0,0.3)&#8221; box_shadow_position_button=&#8221;outer&#8221; \/][et_pb_slide heading=&#8221;Muchos te lo agradecer\u00e1n&#8221; background_image=&#8221;https:\/\/confe.org\/wp\/wp-content\/uploads\/2015\/06\/dona-llamado-accion23.jpg&#8221; background_position=&#8221;default&#8221; background_size=&#8221;default&#8221; background_color=&#8221;#ffffff&#8221; alignment=&#8221;center&#8221; background_layout=&#8221;light&#8221; allow_player_pause=&#8221;off&#8221; header_font_select=&#8221;default&#8221; body_font_select=&#8221;default&#8221; custom_button=&#8221;on&#8221; button_font_select=&#8221;default&#8221; button_use_icon=&#8221;default&#8221; button_icon_placement=&#8221;right&#8221; button_on_hover=&#8221;on&#8221; button_text=&#8221;Dona&#8221; button_link=&#8221;https:\/\/confe.org\/index.php\/dona\/&#8221; button_text_color=&#8221;#ffffff&#8221; button_bg_color=&#8221;#06478b&#8221; button_icon=&#8221;%%257%%&#8221; button_border_width=&#8221;2&#8243; button_border_color=&#8221;#ffffff&#8221; button_border_radius=&#8221;0&#8243; _builder_version=&#8221;3.0.85&#8243; \/]<\/p>\n<p>[\/et_pb_slider][\/et_pb_column][et_pb_column type=&#8221;3_4&#8243;][et_pb_text admin_label=&#8221;Qui\u00e9nes somos &#8211; aviso de privacidad&#8221; background_layout=&#8221;light&#8221; module_class=&#8221;azul&#8221; module_alignment=&#8221;left&#8221; background_position=&#8221;top_left&#8221; background_repeat=&#8221;repeat&#8221; background_size=&#8221;initial&#8221; _builder_version=&#8221;3.0.85&#8243;]<\/p>\n<h2>AVISO DE PRIVACIDAD INTEGRAL<\/h2>\n<h3>1. Responsable de Datos Personales<\/h3>\n<p>Por medio del presente aviso de privacidad (el \u201c<strong>Aviso<\/strong>\u201d) y en cumplimiento a la Ley Federal de Protecci\u00f3n de Datos Personales en Posesi\u00f3n de Particulares, su reglamento y los lineamientos del Aviso de Privacidad emitidos por la Secretar\u00eda de Econom\u00eda (en su conjunto las \u201c<strong>Disposiciones de Datos Personales<\/strong>\u201d), se le informa que Confederaci\u00f3n Mexicana de Organizaciones en Favor de la Persona con Discapacidad Intelectual, A.C. (&#8220;<strong>CONFE<\/strong>&#8220;), con domicilio ubicado en Biznaga 43, Colonia Las Palmas, Delegaci\u00f3n \u00c1lvaro Obreg\u00f3n, C.P. 01110, CDMX, ser\u00e1 responsable de la obtenci\u00f3n, uso, divulgaci\u00f3n, almacenamiento, manejo, transferencia, disposici\u00f3n y protecci\u00f3n (el \u201c<strong>Tratamiento<\/strong>\u201d o \u201c<strong>Tratar<\/strong>\u201d) de sus siguientes datos personales (los \u201c<strong>Datos Personales<\/strong>\u201d): <\/p>\n<h3>2. Datos Personales<\/h3>\n<ol style=\"list-style-type: upper-roman;\">\n<li><strong>Datos generales y datos de contacto<\/strong>: nombre y apellidos, edad, sexo, tel\u00e9fono fijo, tel\u00e9fono celular, correo electr\u00f3nico, domicilio, Registro Federal de Contribuyentes (RFC), Clave \u00danica de Registro de Poblaci\u00f3n (CURP), usuario, y contrase\u00f1a del sitio.<\/li>\n<li><strong>Datos financieros o patrimoniales<\/strong>: n\u00famero de tarjeta bancaria y datos de identificaci\u00f3n de cuentas bancarias (CLABE).<\/li>\n<\/ol>\n<p>CONFE no Tratar\u00e1 Datos Personales sensibles. <\/p>\n<h3>3. Finalidades del Tratamiento<\/h3>\n<p>El Tratamiento tendr\u00e1 como finalidades primarias: (i) registrar su identidad cuando usted utilice nuestro sitio web; (ii) tramitar cualesquier donativos que usted autorice e inscripciones que usted realice en relaci\u00f3n con los eventos culturales, art\u00edsticos, y\/o deportivos que CONFE organice; y (iii) procesar los pagos correspondientes a dichos donativos autorizados e inscripciones. <\/p>\n<p>Asimismo, el Tratamiento tendr\u00e1 como finalidades secundarias; (i) informarle respecto de cualesquier eventos culturales, art\u00edsticos, y\/o deportivos que CONFE organice y sobre ofertas y promociones relacionadas con los servicios, talleres, concursos, y dem\u00e1s actividades que CONFE realice en favor de las personas con discapacidad; y (ii) almacenar sus datos como parte de una lista de actuales o posibles donantes y\/o voluntarios de CONFE. <\/p>\n<h3>4. Transferencia de Datos Personales<\/h3>\n<p>En ning\u00fan caso los Datos Personales ser\u00e1n Tratados para satisfacer finalidades que sean incompatibles a las anteriormente descritas, ni incluir\u00e1 la facultad de transferir datos personales a terceros que realicen un Tratamiento en nombre o por cuenta propios. <\/p>\n<h3>5. Medidas de Seguridad<\/h3>\n<p>CONFE adoptar\u00e1 las medidas f\u00edsicas, t\u00e9cnicas y administrativas necesarias para garantizar que el Tratamiento de sus Datos Personales sea privado, seguro, preciso y completo, e informar\u00e1 a terceros que pudieran realizar funciones relacionadas al Tratamiento (i) sobre la existencia y contenido del presente Aviso y (ii) sobre sus dem\u00e1s obligaciones en relaci\u00f3n con el Tratamiento de conformidad con las Disposiciones de Datos Personales. Usted podr\u00e1 oponerse al Tratamiento en cuanto a las finalidades secundarias antemencionadas sin consecuencia alguna, de conformidad con lo dispuesto en el presente Aviso. <\/p>\n<h3>6. Retenci\u00f3n de Datos Personales<\/h3>\n<p>CONFE conservar\u00e1 los Datos Personales durante el per\u00edodo necesario para cumplir con las finalidades descritas en este Aviso de Privacidad, salvo que se requiera o permita un per\u00edodo de retenci\u00f3n m\u00e1s largo en virtud de la Ley de Datos Personales.<\/p>\n<h3>7. Derechos ARCO, Revocaci\u00f3n del Consentimiento y Limitaci\u00f3n del Tratamiento<\/h3>\n<p>Usted podr\u00e1 en todo momento ejercitar sus derechos de Acceso, Rectificaci\u00f3n, Cancelaci\u00f3n y Oposici\u00f3n, solicitar la revocaci\u00f3n de su consentimiento, negarse al Tratamiento efectuado en pro de las finalidades secundarias antemencionadas, limitar el Tratamiento de modo que todos o algunos de sus Datos Personales sean excluidos de las bases de datos de CONFE en la medida en que ello no obstaculice el cumplimiento de las finalidades primarias, y\/o formular preguntas o quejas en relaci\u00f3n con el Tratamiento- salvo en casos en que el Tratamiento no requiera su consentimiento o sea necesario de conformidad con un proceso judicial o ley aplicable. Para ello, deber\u00e1 dirigir una solicitud escrita al Oficial de Protecci\u00f3n de Datos de CONFE, ya sea a [carolina-martinez@confe.org]. <\/p>\n<p>En cualquier caso, su solicitud deber\u00e1 incluir (i) su nombre, direcci\u00f3n y dem\u00e1s informaci\u00f3n de contacto que fuere necesaria para responderle; (ii) una copia de documentos que prueben su identidad; (iii) una descripci\u00f3n de los motivos del ejercicio de sus derechos en relaci\u00f3n con el Tratamiento; (iv) cualquier elemento o documento que facilite la ubicaci\u00f3n de sus Datos Personales; y (v) las conductas o actos que exige de CONFE en relaci\u00f3n con el Tratamiento.&nbsp; <br \/>\n  &nbsp;<br \/>\n  CONFE le notificar\u00e1 de forma gratuita sobre la procedencia o improcedencia de su solicitud dentro de 20 (veinte) d\u00edas h\u00e1biles a partir de la fecha en su solicitud sea recibida. Dicho per\u00edodo podr\u00eda ser extendido una sola vez por un per\u00edodo igual, siempre y cuando las circunstancias del caso lo justifiquen. Si su solicitud es procedente, la resoluci\u00f3n de procedencia surtir\u00e1 efecto dentro de 15 (quince) d\u00edas h\u00e1biles siguientes a que dicha resoluci\u00f3n le sea notificada. Usted solo responder\u00e1 por aquellos costos de notificaci\u00f3n asociados con la impresi\u00f3n y env\u00edo de documentos f\u00edsicos.<\/p>\n<h3>8. Uso de Cookies y Web Beacons<\/h3>\n<p>CONFE podr\u00e1 hacer uso de medios tecnol\u00f3gicos e inform\u00e1ticos tales como &#8220;<em>cookies<\/em>&#8221; o \u201cwe<em>b beacons<\/em>\u201d, para facilitar el uso y realizar mediciones estad\u00edsticas en relaci\u00f3n con su sitio web. Dichas herramientas no son necesarias para realizar las finalidades primarias del tratamiento, por lo que usted podr\u00e1&nbsp; negarse a su uso por parte de CONFE en cualquier momento por medio del proceso de solicitud descrito en los p\u00e1rrafos anteriores. En caso de que usted acceda a portales o sitios web externos a trav\u00e9s del sitio web de CONFE, CONFE no responder\u00e1 por el contenido y\/o pol\u00edticas de privacidad de dichos portales o sitios web.<\/p>\n<h3>9. Contacte a CONFE<\/h3>\n<p>Si tiene alguna pregunta o comentario sobre este Aviso o si desea actualizar sus Datos Personales o ejercer alguno de sus derechos en relaci\u00f3n con los mismos, env\u00ede un correo electr\u00f3nico a [carolina-martinez@confe.org]. <\/p>\n<h3>10. Actualizaciones al Aviso <\/h3>\n<p>CONFE podr\u00e1 modificar el presente Aviso en cualquier momento. Toda modificaci\u00f3n al mismo ser\u00e1 dada a conocer a trav\u00e9s de la presente p\u00e1gina de internet.<\/p>\n<h3>11. Otorgamiento de su Consentimiento para el Tratamiento<\/h3>\n<p>Por la presente, usted reconoce que ha le\u00eddo y comprendido el presente Aviso y otorga su consentimiento respecto al Tratamiento de sus Datos Personales de conformidad con los t\u00e9rminos y condiciones del mismo. <\/p>\n<h2>AVISO DE PRIVACIDAD PARA DATOS PATRIMONIALES<\/h2>\n<p>Por medio del presente y en cumplimiento a la Ley Federal de Protecci\u00f3n de Datos Personales en Posesi\u00f3n de Particulares, su reglamento y los lineamientos del Aviso de Privacidad emitidos por la Secretar\u00eda de Econom\u00eda (en su conjunto las \u201c<strong>Disposiciones de Datos Personales<\/strong>\u201d), se le informa que Confederaci\u00f3n Mexicana de Organizaciones en Favor de la Persona con Discapacidad Intelectual, A.C. (&#8220;<strong>CONFE<\/strong>&#8220;), con domicilio ubicado en Biznaga 43, Colonia Las Palmas, Delegaci\u00f3n \u00c1lvaro Obreg\u00f3n, C.P. 01110, CDMX, ser\u00e1 responsable de la obtenci\u00f3n, uso, divulgaci\u00f3n, almacenamiento, acceso, manejo, transferencia, disposici\u00f3n y protecci\u00f3n (el \u201c<strong>Tratamiento<\/strong>\u201d) de sus datos personales de conformidad con los alcances, t\u00e9rminos, condiciones, y finalidades descritas en su aviso de privacidad (el \u201c<strong>Aviso de Privacidad de CONFE<\/strong>\u201d), mismo que usted podr\u00e1 consultar en: [<em>https:\/\/confe.org\/wp\/index.php\/aviso-de-privacidad<\/em>\/]. <\/p>\n<p>De conformidad con lo dispuesto en el Aviso de Privacidad de CONFE, algunos de los datos personales que usted nos proporciona tienen un car\u00e1cter financiero o patrimonial. El Tratamiento de dichos datos resulta esencial para las finalidades primarias del Tratamiento (el tr\u00e1mite de donativos autorizados e inscripciones a los eventos culturales, art\u00edsticos, y\/o deportivos que CONFE organice, y el procesamiento de los pagos que correspondan a dichos donativos autorizados e inscripciones). <\/p>\n<p>En consiguiente, por medio del presente CONFE le solicita consentir al Tratamiento de dichos datos personales marcando la siguiente casilla:<\/p>\n<p>[&nbsp;&nbsp; ]&nbsp;&nbsp; <em>Autorizo expresamente a CONFE a Tratar mis Datos Personales patrimoniales y financieros seg\u00fan lo dispuesto en el Aviso de Privacidad de CONFE.<\/em><\/p>\n<p>&nbsp;<\/p>\n<p>&nbsp;<\/p>\n<p>[\/et_pb_text][\/et_pb_column][\/et_pb_row][\/et_pb_section]<\/p>\n","protected":false},"excerpt":{"rendered":"<p>Men\u00fa nosotros \u00bfQui\u00e9nes somos? \u00bfQu\u00e9 es la discapacidad intelectual? Historia Premios Transparencia Aviso de privacidad AVISO DE PRIVACIDAD INTEGRAL 1. Responsable de Datos Personales Por medio del presente aviso de privacidad (el \u201cAviso\u201d) y en cumplimiento a la Ley Federal de Protecci\u00f3n de Datos Personales en Posesi\u00f3n de Particulares, su reglamento y los lineamientos del [&hellip;]<\/p>\n","protected":false},"author":1,"featured_media":0,"parent":0,"menu_order":0,"comment_status":"open","ping_status":"open","template":"","meta":{"_et_pb_use_builder":"on","_et_pb_old_content":"","_et_gb_content_width":"","footnotes":""},"class_list":["post-77","page","type-page","status-publish","hentry"],"_links":{"self":[{"href":"https:\/\/confe.org\/index.php\/wp-json\/wp\/v2\/pages\/77","targetHints":{"allow":["GET"]}}],"collection":[{"href":"https:\/\/confe.org\/index.php\/wp-json\/wp\/v2\/pages"}],"about":[{"href":"https:\/\/confe.org\/index.php\/wp-json\/wp\/v2\/types\/page"}],"author":[{"embeddable":true,"href":"https:\/\/confe.org\/index.php\/wp-json\/wp\/v2\/users\/1"}],"replies":[{"embeddable":true,"href":"https:\/\/confe.org\/index.php\/wp-json\/wp\/v2\/comments?post=77"}],"version-history":[{"count":17,"href":"https:\/\/confe.org\/index.php\/wp-json\/wp\/v2\/pages\/77\/revisions"}],"predecessor-version":[{"id":7373,"href":"https:\/\/confe.org\/index.php\/wp-json\/wp\/v2\/pages\/77\/revisions\/7373"}],"wp:attachment":[{"href":"https:\/\/confe.org\/index.php\/wp-json\/wp\/v2\/media?parent=77"}],"curies":[{"name":"wp","href":"https:\/\/api.w.org\/{rel}","templated":true}]}}