{"id":788,"date":"2015-06-04T14:41:08","date_gmt":"2015-06-04T14:41:08","guid":{"rendered":"http:\/\/confe.org\/wp\/?page_id=788"},"modified":"2016-06-10T22:35:12","modified_gmt":"2016-06-10T22:35:12","slug":"talleres-otros-servicios","status":"publish","type":"page","link":"https:\/\/confe.org\/index.php\/talleres-otros-servicios\/","title":{"rendered":"Talleres, otros servicios"},"content":{"rendered":"<p>[et_pb_section admin_label=&#8221;section&#8221; fullwidth=&#8221;on&#8221; specialty=&#8221;off&#8221;][et_pb_fullwidth_menu admin_label=&#8221;Fullwidth Menu&#8221; global_module=&#8221;1637&#8243; saved_tabs=&#8221;all&#8221; menu_id=&#8221;7&#8243; background_color=&#8221;#ef3939&#8243; background_layout=&#8221;dark&#8221; text_orientation=&#8221;left&#8221; submenu_direction=&#8221;downwards&#8221; fullwidth_menu=&#8221;off&#8221; dropdown_menu_animation=&#8221;fade&#8221; menu_font=&#8221;Lato|on|||&#8221; menu_font_size=&#8221;16px&#8221;]<\/p>\n<p>[\/et_pb_fullwidth_menu][\/et_pb_section][et_pb_section admin_label=&#8221;section&#8221; fullwidth=&#8221;on&#8221; specialty=&#8221;off&#8221; background_color=&#8221;#ffffff&#8221; inner_shadow=&#8221;off&#8221; parallax=&#8221;off&#8221; transparent_background=&#8221;off&#8221; allow_player_pause=&#8221;off&#8221; parallax_method=&#8221;off&#8221; padding_mobile=&#8221;off&#8221; make_fullwidth=&#8221;off&#8221; use_custom_width=&#8221;off&#8221; width_unit=&#8221;on&#8221; make_equal=&#8221;off&#8221; use_custom_gutter=&#8221;off&#8221; gutter_width=&#8221;3&#8243; background_image=&#8221;https:\/\/confe.org\/wp\/wp-content\/uploads\/2015\/05\/foto-menu2.jpg&#8221;][et_pb_fullwidth_header admin_label=&#8221;Fullwidth Header&#8221; title=&#8221;Servicios de jardiner\u00eda y limpieza&#8221; background_layout=&#8221;dark&#8221; text_orientation=&#8221;left&#8221; header_fullscreen=&#8221;off&#8221; header_scroll_down=&#8221;off&#8221; parallax=&#8221;off&#8221; parallax_method=&#8221;off&#8221; content_orientation=&#8221;center&#8221; image_orientation=&#8221;center&#8221; custom_button_one=&#8221;off&#8221; button_one_text_size=&#8221;20&#8243; button_one_border_width=&#8221;2&#8243; button_one_border_radius=&#8221;3&#8243; button_one_letter_spacing=&#8221;0&#8243; button_one_use_icon=&#8221;default&#8221; button_one_icon_placement=&#8221;right&#8221; button_one_on_hover=&#8221;on&#8221; button_one_border_radius_hover=&#8221;3&#8243; button_one_letter_spacing_hover=&#8221;0&#8243; custom_button_two=&#8221;off&#8221; button_two_text_size=&#8221;20&#8243; button_two_border_width=&#8221;2&#8243; button_two_border_radius=&#8221;3&#8243; button_two_letter_spacing=&#8221;0&#8243; button_two_use_icon=&#8221;default&#8221; button_two_icon_placement=&#8221;right&#8221; button_two_on_hover=&#8221;on&#8221; button_two_border_radius_hover=&#8221;3&#8243; button_two_letter_spacing_hover=&#8221;0&#8243;]<\/p>\n<p>[\/et_pb_fullwidth_header][\/et_pb_section][et_pb_section admin_label=&#8221;Section&#8221; fullwidth=&#8221;off&#8221; specialty=&#8221;on&#8221;][et_pb_column type=&#8221;1_4&#8243;][et_pb_text admin_label=&#8221;Text&#8221; background_layout=&#8221;light&#8221; text_orientation=&#8221;left&#8221; module_class=&#8221;mayusculas amarillo&#8221; text_font=&#8221;Lato|on|||&#8221; text_font_size=&#8221;16&#8243; use_border_color=&#8221;off&#8221; border_color=&#8221;#ffffff&#8221; border_style=&#8221;solid&#8221;]<\/p>\n<h4 class=\"borde_inferior no_transform\">Men\u00fa <span class=\"rosa_talleres_span\">otros servicios<\/span><\/h4>\n<p><a href=\"https:\/\/confe.org\/wp\/index.php\/jardineria\/\">Jardiner\u00eda<\/a><\/p>\n<p><a href=\"https:\/\/confe.org\/wp\/index.php\/limpieza\/\">Limpieza<\/a><\/p>\n<p>[\/et_pb_text][et_pb_blurb admin_label=&#8221;Blurb&#8221; url=&#8221;https:\/\/confe.org\/wp-content\/uploads\/2016\/06\/Catalogo-Completo-CONFE.pdf&#8221; url_new_window=&#8221;off&#8221; use_icon=&#8221;off&#8221; icon_color=&#8221;#7EBEC5&#8243; use_circle=&#8221;off&#8221; circle_color=&#8221;#7EBEC5&#8243; use_circle_border=&#8221;off&#8221; circle_border_color=&#8221;#7EBEC5&#8243; image=&#8221;https:\/\/confe.org\/wp-content\/uploads\/2015\/05\/160610-catalogo-productos.png&#8221; icon_placement=&#8221;top&#8221; animation=&#8221;top&#8221; background_layout=&#8221;light&#8221; text_orientation=&#8221;center&#8221; use_icon_font_size=&#8221;off&#8221; use_border_color=&#8221;off&#8221; border_color=&#8221;#f2f2f2&#8243; border_style=&#8221;solid&#8221; custom_css_main_element=&#8221;padding-top:20px;&#8221; saved_tabs=&#8221;all&#8221; global_module=&#8221;3537&#8243;]<\/p>\n<p>Descarga nuestro Cat\u00e1logo y apoya a una buena causa.<\/p>\n<p>[\/et_pb_blurb][\/et_pb_column][et_pb_column type=&#8221;3_4&#8243; specialty_columns=&#8221;3&#8243;][et_pb_row_inner admin_label=&#8221;Row&#8221;][et_pb_column_inner type=&#8221;4_4&#8243; saved_specialty_column_type=&#8221;3_4&#8243;][et_pb_text admin_label=&#8221;Text&#8221; background_layout=&#8221;light&#8221; text_orientation=&#8221;left&#8221; text_font_size=&#8221;14&#8243; use_border_color=&#8221;off&#8221; border_color=&#8221;#ffffff&#8221; border_style=&#8221;solid&#8221; module_class=&#8221;amarillo&#8221;]<\/p>\n<h1>Servicios de <span class=\"rosa_talleres_span\">jardiner\u00eda y limpieza<\/span><\/h1>\n<p>En adici\u00f3n a los servicios de maquila, costura y elaboraci\u00f3n de galletas, en CONFE proporcionamos tambi\u00e9n contratos para jardiner\u00eda y limpieza de oficinas.<\/p>\n<p>[\/et_pb_text][\/et_pb_column_inner][\/et_pb_row_inner][et_pb_row_inner admin_label=&#8221;Row&#8221;][et_pb_column_inner type=&#8221;1_2&#8243; saved_specialty_column_type=&#8221;3_4&#8243;][et_pb_blurb admin_label=&#8221;Blurb&#8221; title=&#8221;Jardiner\u00eda&#8221; url_new_window=&#8221;off&#8221; use_icon=&#8221;off&#8221; icon_color=&#8221;#7EBEC5&#8243; use_circle=&#8221;off&#8221; circle_color=&#8221;#7EBEC5&#8243; use_circle_border=&#8221;off&#8221; circle_border_color=&#8221;#7EBEC5&#8243; icon_placement=&#8221;top&#8221; animation=&#8221;top&#8221; background_layout=&#8221;light&#8221; text_orientation=&#8221;left&#8221; use_icon_font_size=&#8221;off&#8221; header_font_size=&#8221;18&#8243; body_font_size=&#8221;14&#8243; use_border_color=&#8221;off&#8221; border_color=&#8221;#ffffff&#8221; border_style=&#8221;solid&#8221; image=&#8221;https:\/\/confe.org\/wp\/wp-content\/uploads\/2015\/05\/portada-jardineria.jpg&#8221; url=&#8221;https:\/\/confe.org\/wp\/index.php\/jardineria\/&#8221; alt=&#8221;Personas con discapacidad intelectual dando mantenimiento a un jard\u00edn&#8221;]<\/p>\n<ul class=\"listas\">\n<li>Poda de pasto, \u00e1rboles y arbustos<\/li>\n<li>Deshierbado y preparaci\u00f3n de tierra<\/li>\n<li>Riego y abono<\/li>\n<li>Cuidado de macetones y plantas<\/li>\n<li>Fumigado qu\u00edmico y org\u00e1nico<\/li>\n<\/ul>\n<p><a href=\"https:\/\/confe.org\/wp\/index.php\/jardineria\/\">Conocer m\u00e1s&#8230;<\/a><\/p>\n<p>[\/et_pb_blurb][\/et_pb_column_inner][et_pb_column_inner type=&#8221;1_2&#8243; saved_specialty_column_type=&#8221;3_4&#8243;][et_pb_blurb admin_label=&#8221;Blurb&#8221; title=&#8221;Limpieza de oficinas&#8221; url_new_window=&#8221;off&#8221; use_icon=&#8221;off&#8221; icon_color=&#8221;#7EBEC5&#8243; use_circle=&#8221;off&#8221; circle_color=&#8221;#7EBEC5&#8243; use_circle_border=&#8221;off&#8221; circle_border_color=&#8221;#7EBEC5&#8243; icon_placement=&#8221;top&#8221; animation=&#8221;top&#8221; background_layout=&#8221;light&#8221; text_orientation=&#8221;left&#8221; use_icon_font_size=&#8221;off&#8221; header_font_size=&#8221;18&#8243; body_font_size=&#8221;14&#8243; use_border_color=&#8221;off&#8221; border_color=&#8221;#ffffff&#8221; border_style=&#8221;solid&#8221; image=&#8221;https:\/\/confe.org\/wp\/wp-content\/uploads\/2015\/05\/portada-limpieza.jpg&#8221; url=&#8221;https:\/\/confe.org\/wp\/index.php\/limpieza\/&#8221; alt=&#8221;Personas con discapacidad intelectual haciendo labores de limpieza en una empresa&#8221;]<\/p>\n<ul class=\"listas\">\n<li>Vidrios<\/li>\n<li>Escritorios<\/li>\n<li>Ba\u00f1os<\/li>\n<li>Pisos<\/li>\n<li>Alfombras<\/li>\n<\/ul>\n<p><a href=\"https:\/\/confe.org\/wp\/index.php\/limpieza\/\">Conocer m\u00e1s&#8230;<\/a><\/p>\n<p>[\/et_pb_blurb][\/et_pb_column_inner][\/et_pb_row_inner][\/et_pb_column][\/et_pb_section]<\/p>\n","protected":false},"excerpt":{"rendered":"<p>Men\u00fa otros servicios Jardiner\u00eda Limpieza Descarga nuestro Cat\u00e1logo y apoya a una buena causa. Servicios de jardiner\u00eda y limpieza En adici\u00f3n a los servicios de maquila, costura y elaboraci\u00f3n de galletas, en CONFE proporcionamos tambi\u00e9n contratos para jardiner\u00eda y limpieza de oficinas. Poda de pasto, \u00e1rboles y arbustos Deshierbado y preparaci\u00f3n de tierra Riego y [&hellip;]<\/p>\n","protected":false},"author":1,"featured_media":0,"parent":0,"menu_order":0,"comment_status":"open","ping_status":"open","template":"","meta":{"_et_pb_use_builder":"on","_et_pb_old_content":"","_et_gb_content_width":"","footnotes":""},"class_list":["post-788","page","type-page","status-publish","hentry"],"_links":{"self":[{"href":"https:\/\/confe.org\/index.php\/wp-json\/wp\/v2\/pages\/788","targetHints":{"allow":["GET"]}}],"collection":[{"href":"https:\/\/confe.org\/index.php\/wp-json\/wp\/v2\/pages"}],"about":[{"href":"https:\/\/confe.org\/index.php\/wp-json\/wp\/v2\/types\/page"}],"author":[{"embeddable":true,"href":"https:\/\/confe.org\/index.php\/wp-json\/wp\/v2\/users\/1"}],"replies":[{"embeddable":true,"href":"https:\/\/confe.org\/index.php\/wp-json\/wp\/v2\/comments?post=788"}],"version-history":[{"count":17,"href":"https:\/\/confe.org\/index.php\/wp-json\/wp\/v2\/pages\/788\/revisions"}],"predecessor-version":[{"id":3562,"href":"https:\/\/confe.org\/index.php\/wp-json\/wp\/v2\/pages\/788\/revisions\/3562"}],"wp:attachment":[{"href":"https:\/\/confe.org\/index.php\/wp-json\/wp\/v2\/media?parent=788"}],"curies":[{"name":"wp","href":"https:\/\/api.w.org\/{rel}","templated":true}]}}