{"id":8971,"date":"2024-06-10T16:24:07","date_gmt":"2024-06-10T16:24:07","guid":{"rendered":"https:\/\/confe.org\/?page_id=8971"},"modified":"2024-06-20T18:55:43","modified_gmt":"2024-06-20T18:55:43","slug":"hasta-5-anos-terapia-de-lenguaje","status":"publish","type":"page","link":"https:\/\/confe.org\/index.php\/hasta-5-anos-terapia-de-lenguaje\/","title":{"rendered":"Hasta 5 a\u00f1os, terapia de lenguaje"},"content":{"rendered":"<p>[et_pb_section fb_built=&#8221;1&#8243; admin_label=&#8221;section&#8221; _builder_version=&#8221;4.16&#8243; global_colors_info=&#8221;{}&#8221;][et_pb_row admin_label=&#8221;row&#8221; _builder_version=&#8221;4.16&#8243; background_size=&#8221;initial&#8221; background_position=&#8221;top_left&#8221; background_repeat=&#8221;repeat&#8221; global_colors_info=&#8221;{}&#8221;][et_pb_column type=&#8221;4_4&#8243; _builder_version=&#8221;4.16&#8243; custom_padding=&#8221;|||&#8221; global_colors_info=&#8221;{}&#8221; custom_padding__hover=&#8221;|||&#8221;][\/et_pb_column][\/et_pb_row][\/et_pb_section][et_pb_section fb_built=&#8221;1&#8243; fullwidth=&#8221;on&#8221; admin_label=&#8221;section&#8221; _builder_version=&#8221;4.16&#8243; global_colors_info=&#8221;{}&#8221;][et_pb_fullwidth_menu menu_id=&#8221;6&#8243; submenu_direction=&#8221;downwards&#8221; fullwidth_menu=&#8221;off&#8221; dropdown_menu_bg_color=&#8221;#fd8f40&#8243; dropdown_menu_line_color=&#8221;#e0e0e0&#8243; dropdown_menu_text_color=&#8221;#ffffff&#8221; admin_label=&#8221;menu_servicios&#8221; _builder_version=&#8221;3.0.47&#8243; menu_font=&#8221;Lato|on|||&#8221; menu_font_size=&#8221;16px&#8221; background_color=&#8221;#ff8f34&#8243; background_layout=&#8221;dark&#8221; global_module=&#8221;1777&#8243; saved_tabs=&#8221;all&#8221; global_colors_info=&#8221;{}&#8221;][\/et_pb_fullwidth_menu][\/et_pb_section][et_pb_section fb_built=&#8221;1&#8243; fullwidth=&#8221;on&#8221; custom_padding_last_edited=&#8221;on|desktop&#8221; admin_label=&#8221;section&#8221; _builder_version=&#8221;4.16&#8243; background_color=&#8221;#ff8f34&#8243; custom_padding_tablet=&#8221;50px|0|50px|0&#8243; custom_padding_phone=&#8221;&#8221; transparent_background=&#8221;off&#8221; padding_mobile=&#8221;off&#8221; make_fullwidth=&#8221;off&#8221; use_custom_width=&#8221;off&#8221; width_unit=&#8221;on&#8221; global_colors_info=&#8221;{}&#8221;][et_pb_fullwidth_header title=&#8221;Terapia de lenguaje&#8221; content_max_width=&#8221;none&#8221; _builder_version=&#8221;4.19.0&#8243; background_color=&#8221;rgba(255, 255, 255, 0)&#8221; background_image=&#8221;https:\/\/confe.org\/wp\/wp-content\/uploads\/2015\/06\/foto-menu0-5.jpg&#8221; background_url=&#8221;https:\/\/confe.org\/wp\/wp-content\/uploads\/2015\/06\/foto-menu0-5.jpg&#8221; button_one_border_radius_hover=&#8221;3&#8243; button_two_border_radius_hover=&#8221;3&#8243; button_one_letter_spacing_hover=&#8221;0&#8243; button_two_letter_spacing_hover=&#8221;0&#8243; global_colors_info=&#8221;{}&#8221; button_one_text_size__hover_enabled=&#8221;off&#8221; button_two_text_size__hover_enabled=&#8221;off&#8221; button_one_text_color__hover_enabled=&#8221;off&#8221; button_two_text_color__hover_enabled=&#8221;off&#8221; button_one_border_width__hover_enabled=&#8221;off&#8221; button_two_border_width__hover_enabled=&#8221;off&#8221; button_one_border_color__hover_enabled=&#8221;off&#8221; button_two_border_color__hover_enabled=&#8221;off&#8221; button_one_border_radius__hover_enabled=&#8221;on&#8221; button_one_border_radius__hover=&#8221;3&#8243; button_two_border_radius__hover_enabled=&#8221;on&#8221; button_two_border_radius__hover=&#8221;3&#8243; button_one_letter_spacing__hover_enabled=&#8221;on&#8221; button_one_letter_spacing__hover=&#8221;0&#8243; button_two_letter_spacing__hover_enabled=&#8221;on&#8221; button_two_letter_spacing__hover=&#8221;0&#8243; button_one_bg_color__hover_enabled=&#8221;off&#8221; button_two_bg_color__hover_enabled=&#8221;off&#8221;][\/et_pb_fullwidth_header][\/et_pb_section][et_pb_section fb_built=&#8221;1&#8243; _builder_version=&#8221;4.16&#8243; global_colors_info=&#8221;{}&#8221;][et_pb_row column_structure=&#8221;1_4,3_4&#8243; _builder_version=&#8221;4.16&#8243; background_size=&#8221;initial&#8221; background_position=&#8221;top_left&#8221; background_repeat=&#8221;repeat&#8221; global_colors_info=&#8221;{}&#8221;][et_pb_column type=&#8221;1_4&#8243; _builder_version=&#8221;4.16&#8243; custom_padding=&#8221;|||&#8221; global_colors_info=&#8221;{}&#8221; custom_padding__hover=&#8221;|||&#8221;][et_pb_text admin_label=&#8221;Text&#8221; module_class=&#8221;mayusculas amarillo&#8221; _builder_version=&#8221;4.19.0&#8243; text_font=&#8221;Lato|on|||&#8221; text_font_size=&#8221;15&#8243; background_size=&#8221;initial&#8221; background_position=&#8221;top_left&#8221; background_repeat=&#8221;repeat&#8221; module_alignment=&#8221;left&#8221; use_border_color=&#8221;off&#8221; border_color=&#8221;#ffffff&#8221; border_style=&#8221;solid&#8221; global_module=&#8221;1852&#8243; saved_tabs=&#8221;all&#8221; global_colors_info=&#8221;{}&#8221;]<\/p>\n<h4 class=\"borde_inferior_amarillo no_transform\">Men\u00fa <span class=\"amarillo_span\">hasta 5 a\u00f1os<\/span><\/h4>\n<p><a href=\"https:\/\/confe.org\/index.php\/hasta-5-anos-intervencion-temprana\/\">Intervenci\u00f3n temprana<\/a><\/p>\n<p><a href=\"https:\/\/confe.org\/index.php\/hasta-5-anos-terapia-de-lenguaje\/\">Terapia de lenguaje<\/a><\/p>\n<p><a href=\"https:\/\/confe.org\/index.php\/hasta-5-anos-apoyo-a-la-inclusion-educativa\/\">Terapia de integraci\u00f3n sensorial<\/a><\/p>\n<p><a href=\"https:\/\/confe.org\/index.php\/hasta-5-anos-centro-de-estimulacion-multisensorial\/\">Cuarto multisensorial (CEMS)<\/a><\/p>\n<p><a href=\"https:\/\/confe.org\/index.php\/hasta-5-anos-orientacion-a-padres\/\">Talleres de madres y padres<\/a><\/p>\n<p><a href=\"https:\/\/confe.org\/index.php\/hasta-5-anos-contacto\/\">Contacto<\/a><\/p>\n<p>[\/et_pb_text][et_pb_slider show_arrows=&#8221;off&#8221; show_pagination=&#8221;off&#8221; show_content_on_mobile=&#8221;off&#8221; show_cta_on_mobile=&#8221;off&#8221; module_class=&#8221;sombraTextosDark&#8221; _builder_version=&#8221;4.19.0&#8243; background_position=&#8221;top_left&#8221; custom_padding=&#8221;|||&#8221; auto=&#8221;on&#8221; auto_speed=&#8221;3000&#8243; remove_inner_shadow=&#8221;off&#8221; hide_content_on_mobile=&#8221;off&#8221; hide_cta_on_mobile=&#8221;off&#8221; show_inner_shadow=&#8221;off&#8221; global_module=&#8221;2928&#8243; saved_tabs=&#8221;all&#8221; global_colors_info=&#8221;{}&#8221; button_text_size__hover_enabled=&#8221;off&#8221; button_one_text_size__hover_enabled=&#8221;off&#8221; button_two_text_size__hover_enabled=&#8221;off&#8221; button_text_color__hover_enabled=&#8221;off&#8221; button_one_text_color__hover_enabled=&#8221;off&#8221; button_two_text_color__hover_enabled=&#8221;off&#8221; button_border_width__hover_enabled=&#8221;off&#8221; button_one_border_width__hover_enabled=&#8221;off&#8221; button_two_border_width__hover_enabled=&#8221;off&#8221; button_border_color__hover_enabled=&#8221;off&#8221; button_one_border_color__hover_enabled=&#8221;off&#8221; button_two_border_color__hover_enabled=&#8221;off&#8221; button_border_radius__hover_enabled=&#8221;off&#8221; button_one_border_radius__hover_enabled=&#8221;off&#8221; button_two_border_radius__hover_enabled=&#8221;off&#8221; button_letter_spacing__hover_enabled=&#8221;off&#8221; button_one_letter_spacing__hover_enabled=&#8221;off&#8221; button_two_letter_spacing__hover_enabled=&#8221;off&#8221; button_bg_color__hover_enabled=&#8221;off&#8221; button_one_bg_color__hover_enabled=&#8221;off&#8221; button_two_bg_color__hover_enabled=&#8221;off&#8221;][et_pb_slide heading=&#8221;Tu donaci\u00f3n es importante&#8221; button_text=&#8221;Dona&#8221; button_link=&#8221;https:\/\/www.providencia.org.mx\/project\/confe&#8221; use_bg_overlay=&#8221;off&#8221; use_text_overlay=&#8221;off&#8221; _builder_version=&#8221;4.19.0&#8243; header_level=&#8221;h1&#8243; header_font=&#8221;||||&#8221; header_text_color=&#8221;#ffffff&#8221; header_font_size=&#8221;18&#8243; body_font=&#8221;||||&#8221; background_color=&#8221;#ffffff&#8221; background_image=&#8221;https:\/\/confe.org\/wp\/wp-content\/uploads\/2015\/06\/dona-llamado-accion13.jpg&#8221; background_position=&#8221;top_left&#8221; custom_button=&#8221;on&#8221; button_text_color=&#8221;#ffffff&#8221; button_bg_color=&#8221;#ff8f34&#8243; button_border_color=&#8221;#ffffff&#8221; button_font=&#8221;||||&#8221; button_use_icon=&#8221;on&#8221; button_icon=&#8221;&#xe089;||divi||400&#8243; button_icon_color=&#8221;#ffffff&#8221; button_icon_placement=&#8221;right&#8221; button_on_hover=&#8221;on&#8221; header_font_size_tablet=&#8221;18&#8243; header_font_size_phone=&#8221;18&#8243; global_colors_info=&#8221;{}&#8221; button_text_size__hover_enabled=&#8221;off&#8221; button_one_text_size__hover_enabled=&#8221;off&#8221; button_two_text_size__hover_enabled=&#8221;off&#8221; button_text_color__hover_enabled=&#8221;off&#8221; button_one_text_color__hover_enabled=&#8221;off&#8221; button_two_text_color__hover_enabled=&#8221;off&#8221; button_border_width__hover_enabled=&#8221;off&#8221; button_one_border_width__hover_enabled=&#8221;off&#8221; button_two_border_width__hover_enabled=&#8221;off&#8221; button_border_color__hover_enabled=&#8221;off&#8221; button_one_border_color__hover_enabled=&#8221;off&#8221; button_two_border_color__hover_enabled=&#8221;off&#8221; button_border_radius__hover_enabled=&#8221;off&#8221; button_one_border_radius__hover_enabled=&#8221;off&#8221; button_two_border_radius__hover_enabled=&#8221;off&#8221; button_letter_spacing__hover_enabled=&#8221;off&#8221; button_one_letter_spacing__hover_enabled=&#8221;off&#8221; button_two_letter_spacing__hover_enabled=&#8221;off&#8221; button_bg_color__hover_enabled=&#8221;off&#8221; button_one_bg_color__hover_enabled=&#8221;off&#8221; button_two_bg_color__hover_enabled=&#8221;off&#8221; sticky_transition=&#8221;on&#8221;][\/et_pb_slide][et_pb_slide heading=&#8221;Muchos te lo agradecer\u00e1n&#8221; button_text=&#8221;Dona&#8221; button_link=&#8221;https:\/\/confe.org\/index.php\/dona\/&#8221; use_bg_overlay=&#8221;off&#8221; use_text_overlay=&#8221;off&#8221; _builder_version=&#8221;4.16&#8243; header_font=&#8221;||||&#8221; header_text_color=&#8221;#ffffff&#8221; header_font_size=&#8221;18&#8243; body_font=&#8221;||||&#8221; background_color=&#8221;#ffffff&#8221; background_image=&#8221;https:\/\/confe.org\/wp\/wp-content\/uploads\/2015\/06\/dona-llamado-accion23.jpg&#8221; custom_button=&#8221;on&#8221; button_text_color=&#8221;#ffffff&#8221; button_bg_color=&#8221;#ff8f34&#8243; button_font=&#8221;||||&#8221; button_use_icon=&#8221;on&#8221; button_icon=&#8221;&#xe089;||divi||400&#8243; button_icon_placement=&#8221;right&#8221; button_on_hover=&#8221;on&#8221; header_font_size_tablet=&#8221;18&#8243; header_font_size_phone=&#8221;18&#8243; global_colors_info=&#8221;{}&#8221; button_text_size__hover_enabled=&#8221;off&#8221; button_one_text_size__hover_enabled=&#8221;off&#8221; button_two_text_size__hover_enabled=&#8221;off&#8221; button_text_color__hover_enabled=&#8221;off&#8221; button_one_text_color__hover_enabled=&#8221;off&#8221; button_two_text_color__hover_enabled=&#8221;off&#8221; button_border_width__hover_enabled=&#8221;off&#8221; button_one_border_width__hover_enabled=&#8221;off&#8221; button_two_border_width__hover_enabled=&#8221;off&#8221; button_border_color__hover_enabled=&#8221;off&#8221; button_one_border_color__hover_enabled=&#8221;off&#8221; button_two_border_color__hover_enabled=&#8221;off&#8221; button_border_radius__hover_enabled=&#8221;off&#8221; button_one_border_radius__hover_enabled=&#8221;off&#8221; button_two_border_radius__hover_enabled=&#8221;off&#8221; button_letter_spacing__hover_enabled=&#8221;off&#8221; button_one_letter_spacing__hover_enabled=&#8221;off&#8221; button_two_letter_spacing__hover_enabled=&#8221;off&#8221; button_bg_color__hover_enabled=&#8221;off&#8221; button_one_bg_color__hover_enabled=&#8221;off&#8221; button_two_bg_color__hover_enabled=&#8221;off&#8221; sticky_transition=&#8221;on&#8221;][\/et_pb_slide][\/et_pb_slider][\/et_pb_column][et_pb_column type=&#8221;3_4&#8243; _builder_version=&#8221;4.16&#8243; custom_padding=&#8221;|||&#8221; global_colors_info=&#8221;{}&#8221; custom_padding__hover=&#8221;|||&#8221;][et_pb_text module_class=&#8221;amarillo&#8221; _builder_version=&#8221;4.19.0&#8243; background_size=&#8221;initial&#8221; background_position=&#8221;top_left&#8221; background_repeat=&#8221;repeat&#8221; module_alignment=&#8221;left&#8221; global_colors_info=&#8221;{}&#8221;]<\/p>\n<h1>Terapia de <span class=\"amarillo_span\">lenguaje<\/span><\/h1>\n<p>Es un tratamiento que ayuda a mejorar las alteraciones en voz, audici\u00f3n, habla, aprendizaje y aspectos de la motricidad oral que afectan el desarrollo de los peque\u00f1os.<\/p>\n<p>El objetivo principal es brindar atenci\u00f3n a ni\u00f1as y ni\u00f1os menores de 6 a\u00f1os para mejorar las habilidades ling\u00fc\u00edsticas y promover una comunicaci\u00f3n exitosa, fomentando la participaci\u00f3n de las familias. Se crea un plan de tratamiento personalizado seg\u00fan las necesidades de cada ni\u00f1a o ni\u00f1o. Incluye actividades, ejercicios y tareas como: diversos juegos, cantos, lectura de cuentos, ejercicios para el aparato fonoarticulador (\u00f3rganos de respiraci\u00f3n, fonaci\u00f3n y articulaci\u00f3n) ejercicios de pronunciaci\u00f3n, comprensi\u00f3n y discriminaci\u00f3n auditiva, desarrollo de vocabulario, t\u00e9cnicas para fomentar la fluidez del habla y, formas alternativas y aumentativas de comunicaci\u00f3n, entre otros.<\/p>\n<p><strong>Contacto<\/strong><br \/>\nCorreo: <a href=\"\u201dmailto:\"> gloria-sanchez@confe.org <\/a><br \/>\nTel\u00e9fono: <a href=\"\u201dtel:5567326600,175\u201d\">55 6732 6600 ext. 175<\/a><\/p>\n<p><!--\n\n<div style=\"display:flex;align-items: center;\"><img decoding=\"async\" data-src=\"https:\/\/confe.org\/wp-content\/uploads\/2024\/06\/TERAPIA-DE-LENGUAJED.png\" style=\"--smush-placeholder-width: 60px; --smush-placeholder-aspect-ratio: 60\/60;margin-right: 12px;\" src=\"data:image\/gif;base64,R0lGODlhAQABAAAAACH5BAEKAAEALAAAAAABAAEAAAICTAEAOw==\" class=\"lazyload\">\n\n<h2>Terapia de <span class=\"amarillo_span\">lenguaje<\/span><\/h2>\n\n<\/div>\n\n-->[\/et_pb_text][et_pb_code _builder_version=&#8221;4.19.0&#8243; _module_preset=&#8221;default&#8221; hover_enabled=&#8221;0&#8243; sticky_enabled=&#8221;0&#8243;][URIS id=9091][\/et_pb_code][\/et_pb_column][\/et_pb_row][\/et_pb_section]<\/p>\n","protected":false},"excerpt":{"rendered":"<p>Men\u00fa hasta 5 a\u00f1os Intervenci\u00f3n temprana Terapia de lenguaje Terapia de integraci\u00f3n sensorial Cuarto multisensorial (CEMS) Talleres de madres y padres Contacto Terapia de lenguaje Es un tratamiento que ayuda a mejorar las alteraciones en voz, audici\u00f3n, habla, aprendizaje y aspectos de la motricidad oral que afectan el desarrollo de los peque\u00f1os. El objetivo principal [&hellip;]<\/p>\n","protected":false},"author":1,"featured_media":0,"parent":0,"menu_order":0,"comment_status":"closed","ping_status":"closed","template":"","meta":{"_et_pb_use_builder":"on","_et_pb_old_content":"","_et_gb_content_width":"","footnotes":""},"class_list":["post-8971","page","type-page","status-publish","hentry"],"_links":{"self":[{"href":"https:\/\/confe.org\/index.php\/wp-json\/wp\/v2\/pages\/8971","targetHints":{"allow":["GET"]}}],"collection":[{"href":"https:\/\/confe.org\/index.php\/wp-json\/wp\/v2\/pages"}],"about":[{"href":"https:\/\/confe.org\/index.php\/wp-json\/wp\/v2\/types\/page"}],"author":[{"embeddable":true,"href":"https:\/\/confe.org\/index.php\/wp-json\/wp\/v2\/users\/1"}],"replies":[{"embeddable":true,"href":"https:\/\/confe.org\/index.php\/wp-json\/wp\/v2\/comments?post=8971"}],"version-history":[{"count":11,"href":"https:\/\/confe.org\/index.php\/wp-json\/wp\/v2\/pages\/8971\/revisions"}],"predecessor-version":[{"id":9098,"href":"https:\/\/confe.org\/index.php\/wp-json\/wp\/v2\/pages\/8971\/revisions\/9098"}],"wp:attachment":[{"href":"https:\/\/confe.org\/index.php\/wp-json\/wp\/v2\/media?parent=8971"}],"curies":[{"name":"wp","href":"https:\/\/api.w.org\/{rel}","templated":true}]}}