{"id":6593,"date":"2021-01-28T20:55:24","date_gmt":"2021-01-28T20:55:24","guid":{"rendered":"http:\/\/confe.org\/?post_type=product&#038;p=6593"},"modified":"2021-02-11T22:45:11","modified_gmt":"2021-02-11T22:45:11","slug":"pase-aula-virtual-sobre-sexualidad-y-discapacidad","status":"publish","type":"product","link":"https:\/\/confe.org\/index.php\/producto\/pase-aula-virtual-sobre-sexualidad-y-discapacidad\/","title":{"rendered":"Pase: Aula Virtual sobre Sexualidad y Discapacidad (MXN)"},"content":{"rendered":"<p>Aula Virtual sobre Sexualidad y Discapacidad<br \/>\n#delTab\u00faALasTareas<br \/>\nClaves para atender, educar y prestar apoyos a la sexualidad de ni\u00f1os, ni\u00f1as, adolescentes, j\u00f3venes y personas adultas con discapacidad intelectual o del desarrollo<\/p>\n","protected":false},"excerpt":{"rendered":"<p>Aula Virtual sobre Sexualidad y Discapacidad #delTab\u00faALasTareas Claves para atender, educar y prestar apoyos a la sexualidad de ni\u00f1os, ni\u00f1as, adolescentes, j\u00f3venes y personas adultas con discapacidad intelectual o del desarrollo<\/p>\n","protected":false},"featured_media":6595,"template":"","meta":{"_et_pb_use_builder":"","_et_pb_old_content":"","_et_gb_content_width":""},"product_brand":[],"product_cat":[42],"product_tag":[],"class_list":{"0":"post-6593","1":"product","2":"type-product","3":"status-publish","4":"has-post-thumbnail","6":"product_cat-taller-virtual","8":"first","9":"outofstock","10":"virtual","11":"purchasable","12":"product-type-simple"},"_links":{"self":[{"href":"https:\/\/confe.org\/index.php\/wp-json\/wp\/v2\/product\/6593","targetHints":{"allow":["GET"]}}],"collection":[{"href":"https:\/\/confe.org\/index.php\/wp-json\/wp\/v2\/product"}],"about":[{"href":"https:\/\/confe.org\/index.php\/wp-json\/wp\/v2\/types\/product"}],"wp:featuredmedia":[{"embeddable":true,"href":"https:\/\/confe.org\/index.php\/wp-json\/wp\/v2\/media\/6595"}],"wp:attachment":[{"href":"https:\/\/confe.org\/index.php\/wp-json\/wp\/v2\/media?parent=6593"}],"wp:term":[{"taxonomy":"product_brand","embeddable":true,"href":"https:\/\/confe.org\/index.php\/wp-json\/wp\/v2\/product_brand?post=6593"},{"taxonomy":"product_cat","embeddable":true,"href":"https:\/\/confe.org\/index.php\/wp-json\/wp\/v2\/product_cat?post=6593"},{"taxonomy":"product_tag","embeddable":true,"href":"https:\/\/confe.org\/index.php\/wp-json\/wp\/v2\/product_tag?post=6593"}],"curies":[{"name":"wp","href":"https:\/\/api.w.org\/{rel}","templated":true}]}}