{"id":6614,"date":"2021-01-29T20:14:27","date_gmt":"2021-01-29T20:14:27","guid":{"rendered":"http:\/\/confe.org\/?post_type=product&#038;p=6614"},"modified":"2021-02-11T22:45:02","modified_gmt":"2021-02-11T22:45:02","slug":"pase-aula-virtual-sobre-sexualidad-y-discapacidad-eur","status":"publish","type":"product","link":"https:\/\/confe.org\/index.php\/producto\/pase-aula-virtual-sobre-sexualidad-y-discapacidad-eur\/","title":{"rendered":"Pase: Aula Virtual sobre Sexualidad y Discapacidad (EUR)"},"content":{"rendered":"<p>Aula Virtual sobre Sexualidad y Discapacidad<br \/>\n#delTab\u00faALasTareas<br \/>\nClaves para atender, educar y prestar apoyos a la sexualidad de ni\u00f1os, ni\u00f1as, adolescentes, j\u00f3venes y personas adultas con discapacidad intelectual o del desarrollo<\/p>\n","protected":false},"excerpt":{"rendered":"<p>Aula Virtual sobre Sexualidad y Discapacidad #delTab\u00faALasTareas Claves para atender, educar y prestar apoyos a la sexualidad de ni\u00f1os, ni\u00f1as, adolescentes, j\u00f3venes y personas adultas con discapacidad intelectual o del desarrollo<\/p>\n","protected":false},"featured_media":6595,"template":"","meta":{"_et_pb_use_builder":"","_et_pb_old_content":"","_et_gb_content_width":""},"product_brand":[],"product_cat":[41],"product_tag":[44],"class_list":{"0":"post-6614","1":"product","2":"type-product","3":"status-publish","4":"has-post-thumbnail","6":"product_cat-sin-categorizar","7":"product_tag-eur","9":"first","10":"outofstock","11":"shipping-taxable","12":"purchasable","13":"product-type-simple"},"_links":{"self":[{"href":"https:\/\/confe.org\/index.php\/wp-json\/wp\/v2\/product\/6614","targetHints":{"allow":["GET"]}}],"collection":[{"href":"https:\/\/confe.org\/index.php\/wp-json\/wp\/v2\/product"}],"about":[{"href":"https:\/\/confe.org\/index.php\/wp-json\/wp\/v2\/types\/product"}],"wp:featuredmedia":[{"embeddable":true,"href":"https:\/\/confe.org\/index.php\/wp-json\/wp\/v2\/media\/6595"}],"wp:attachment":[{"href":"https:\/\/confe.org\/index.php\/wp-json\/wp\/v2\/media?parent=6614"}],"wp:term":[{"taxonomy":"product_brand","embeddable":true,"href":"https:\/\/confe.org\/index.php\/wp-json\/wp\/v2\/product_brand?post=6614"},{"taxonomy":"product_cat","embeddable":true,"href":"https:\/\/confe.org\/index.php\/wp-json\/wp\/v2\/product_cat?post=6614"},{"taxonomy":"product_tag","embeddable":true,"href":"https:\/\/confe.org\/index.php\/wp-json\/wp\/v2\/product_tag?post=6614"}],"curies":[{"name":"wp","href":"https:\/\/api.w.org\/{rel}","templated":true}]}}